{"id":6724,"date":"2022-01-03T08:48:43","date_gmt":"2022-01-03T07:48:43","guid":{"rendered":"https:\/\/fluvo.wp3.visual4.com\/schwimmbadattraktionen-fur-kommunale-und-offentliche-bader\/"},"modified":"2022-03-03T07:14:05","modified_gmt":"2022-03-03T06:14:05","slug":"equipements-de-piscine-thermales","status":"publish","type":"page","link":"https:\/\/fluvo.de\/fr\/equipements-de-piscine-thermales\/","title":{"rendered":"\u00c9quipements de piscine pour parcs aquatiques, piscines anim\u00e9es et stations thermales"},"content":{"rendered":"\n<h1 class=\"has-text-align-center is-style-heading-withLine wp-block-heading\">\u00c9quipements de piscine pour parcs aquatiques, piscines anim\u00e9es et stations thermales<\/h1>\n\n\n\n<p>Les grands centres de loisirs aquatiques sont r\u00e9gis par leurs propres lois : Le nombre d\u2019entr\u00e9es joue un r\u00f4le majeur, une autre source de revenu est exclue pour bon nombre d\u2019entreprises. Des moments de divertissement inoubliables garantissent de tr\u00e8s bons avis clients et la fid\u00e9lisation des habitu\u00e9s. Les \u00e9quipements fluvo<sup>\u00ae<\/sup> sont des \u00e9l\u00e9ments importants pour le v\u00e9cu de la baignade dans un cadre devant fonctionner 24 heures sur 24 et 365 jours par an, \u00e0 l\u2019int\u00e9rieur comme \u00e0 l\u2019ext\u00e9rieur.<\/p>\n\n\n\n<p>Depuis des d\u00e9cennies, les \u00e9quipements de piscine fluvo<sup>\u00ae<\/sup> sont install\u00e9s avec succ\u00e8s dans de nombreuses piscines publiques. Ils sont un acteur important dans le concept de bien-\u00eatre, de loisirs et de divertissement et ils s\u2019int\u00e8grent id\u00e9alement dans les grands espaces aquatiques. Impossible de s\u2019imaginer aujourd\u2019hui un centre aqua-ludique cool et riche en activit\u00e9s sans cloche d\u2019eau, champignon, rivi\u00e8re et jeux pour enfants.<\/p>\n\n\n\n<p>Les \u00e9quipements de piscine, les pompes et surpresseurs fluvo<sup>\u00ae<\/sup> sont parfaitement adapt\u00e9s aux am\u00e9nagements de cette envergure et r\u00e9pondent \u00e0 de telles exigences de fiabilit\u00e9 et de long\u00e9vit\u00e9 que m\u00eame apr\u00e8s des ann\u00e9es de service, la qualit\u00e9 de ce mat\u00e9riel satisfera toujours autant.<\/p>\n\n\n\n<div class=\"wp-block-group alignfull has-light-gray-background-color has-background\"><div class=\"wp-block-group__inner-container is-layout-flow wp-block-group-is-layout-flow\">\n\n<div class=\"wp-block-v4core-inner-blocks SEOHeading\">\n<h2 class=\"has-text-align-center SEOHeading-heading is-style-heading-withLine wp-block-heading\"><strong><strong>VUE D\u2019ENSEMBLE<\/strong><\/strong><\/h2>\n\n\n\n<p class=\"has-text-align-center SEOHeading-fauxHeading\">\u00c9quipements de piscine pour parcs aquatiques, piscines anim\u00e9es et stations thermales<\/p>\n<\/div>\n\n\n\n\n<div style=\"height:20px\" aria-hidden=\"true\" class=\"wp-block-spacer\"><\/div>\n\n\n\n<div class=\"wp-block-columns is-layout-flex wp-container-core-columns-is-layout-9d6595d7 wp-block-columns-is-layout-flex\">\n<div class=\"wp-block-column is-layout-flow wp-block-column-is-layout-flow\">\n<ul class=\"is-style-colored-markers wp-block-list\"><li>Douches cascade pour stations thermales<\/li><li>Canons \u00e0 eau pour stations thermales<\/li><li>Nages \u00e0 contre-courant pour stations thermales<\/li><li>\u00c9quipemnts aquatiques pour stations thermales<\/li><\/ul>\n<\/div>\n\n\n\n<div class=\"wp-block-column is-layout-flow wp-block-column-is-layout-flow\">\n<ul class=\"is-style-colored-markers wp-block-list\"><li><span style=\"font-size: 2.1rem\">Eclairage de bassin pour stations thermales<\/span><\/li><li><span style=\"font-size: 2.1rem\">Projecteurs subaquatiques pour stations thermales<\/span><\/li><li><span style=\"font-size: 2.1rem\">Bains bouillonnants pour stations thermales<\/span><\/li><li><span style=\"font-size: 2.1rem\">Buses de massage pour stations thermales<\/span><\/li><\/ul>\n<\/div>\n<\/div>\n<\/div><\/div>\n\n\n\n<div style=\"height:20px\" aria-hidden=\"true\" class=\"wp-block-spacer\"><\/div>\n\n\n\n\n<div class=\"wp-block-v4core-inner-blocks SEOHeading\">\n<h2 class=\"has-text-align-center SEOHeading-heading is-style-heading-withLine wp-block-heading\"><strong><strong>R\u00c9F\u00c9RENCES<\/strong><\/strong><\/h2>\n\n\n\n<p class=\"has-text-align-center SEOHeading-fauxHeading\">\u00c9quipements de piscine pour parcs aquatiques, piscines anim\u00e9es et stations thermales<\/p>\n<\/div>\n\n\n\n\n<figure class=\"wp-block-gallery has-nested-images columns-default is-cropped wp-block-gallery-1 is-layout-flex wp-block-gallery-is-layout-flex\">\n<figure class=\"wp-block-image size-large\"><a href=\"https:\/\/fluvo.de\/wp-content\/uploads\/sites\/2\/2022\/01\/schwimmbadattraktionen-fuer-oeffentliche-baeder-1.jpg\"><img loading=\"lazy\" decoding=\"async\" width=\"1024\" height=\"721\" data-id=\"3971\" src=\"https:\/\/fluvo.de\/wp-content\/uploads\/sites\/2\/2022\/01\/schwimmbadattraktionen-fuer-oeffentliche-baeder-1-1024x721.jpg\" alt=\"\" class=\"wp-image-3971\" srcset=\"https:\/\/fluvo.de\/wp-content\/uploads\/sites\/2\/2022\/01\/schwimmbadattraktionen-fuer-oeffentliche-baeder-1-1024x721.jpg 1024w, https:\/\/fluvo.de\/wp-content\/uploads\/sites\/2\/2022\/01\/schwimmbadattraktionen-fuer-oeffentliche-baeder-1-300x211.jpg 300w, https:\/\/fluvo.de\/wp-content\/uploads\/sites\/2\/2022\/01\/schwimmbadattraktionen-fuer-oeffentliche-baeder-1-768x541.jpg 768w, https:\/\/fluvo.de\/wp-content\/uploads\/sites\/2\/2022\/01\/schwimmbadattraktionen-fuer-oeffentliche-baeder-1.jpg 1500w\" sizes=\"auto, (max-width: 1024px) 100vw, 1024px\" \/><\/a><\/figure>\n\n\n\n<figure class=\"wp-block-image size-large\"><a href=\"https:\/\/fluvo.de\/wp-content\/uploads\/sites\/2\/2022\/01\/schwimmbadattraktionen-fuer-oeffentliche-baeder-2.jpg\"><img loading=\"lazy\" decoding=\"async\" width=\"1024\" height=\"721\" data-id=\"3968\" src=\"https:\/\/fluvo.de\/wp-content\/uploads\/sites\/2\/2022\/01\/schwimmbadattraktionen-fuer-oeffentliche-baeder-2-1024x721.jpg\" alt=\"\" class=\"wp-image-3968\" srcset=\"https:\/\/fluvo.de\/wp-content\/uploads\/sites\/2\/2022\/01\/schwimmbadattraktionen-fuer-oeffentliche-baeder-2-1024x721.jpg 1024w, https:\/\/fluvo.de\/wp-content\/uploads\/sites\/2\/2022\/01\/schwimmbadattraktionen-fuer-oeffentliche-baeder-2-300x211.jpg 300w, https:\/\/fluvo.de\/wp-content\/uploads\/sites\/2\/2022\/01\/schwimmbadattraktionen-fuer-oeffentliche-baeder-2-768x541.jpg 768w, https:\/\/fluvo.de\/wp-content\/uploads\/sites\/2\/2022\/01\/schwimmbadattraktionen-fuer-oeffentliche-baeder-2.jpg 1500w\" sizes=\"auto, (max-width: 1024px) 100vw, 1024px\" \/><\/a><\/figure>\n\n\n\n<figure class=\"wp-block-image size-large\"><a href=\"https:\/\/fluvo.de\/wp-content\/uploads\/sites\/2\/2022\/01\/schwimmbadattraktionen-fuer-oeffentliche-baeder-3.jpg\"><img loading=\"lazy\" decoding=\"async\" width=\"1024\" height=\"721\" data-id=\"3965\" src=\"https:\/\/fluvo.de\/wp-content\/uploads\/sites\/2\/2022\/01\/schwimmbadattraktionen-fuer-oeffentliche-baeder-3-1024x721.jpg\" alt=\"\" class=\"wp-image-3965\" srcset=\"https:\/\/fluvo.de\/wp-content\/uploads\/sites\/2\/2022\/01\/schwimmbadattraktionen-fuer-oeffentliche-baeder-3-1024x721.jpg 1024w, https:\/\/fluvo.de\/wp-content\/uploads\/sites\/2\/2022\/01\/schwimmbadattraktionen-fuer-oeffentliche-baeder-3-300x211.jpg 300w, https:\/\/fluvo.de\/wp-content\/uploads\/sites\/2\/2022\/01\/schwimmbadattraktionen-fuer-oeffentliche-baeder-3-768x541.jpg 768w, https:\/\/fluvo.de\/wp-content\/uploads\/sites\/2\/2022\/01\/schwimmbadattraktionen-fuer-oeffentliche-baeder-3.jpg 1500w\" sizes=\"auto, (max-width: 1024px) 100vw, 1024px\" \/><\/a><\/figure>\n\n\n\n<figure class=\"wp-block-image size-large\"><a href=\"https:\/\/fluvo.de\/wp-content\/uploads\/sites\/2\/2022\/01\/schwimmbadattraktionen-fuer-oeffentliche-baeder-4.jpg\"><img loading=\"lazy\" decoding=\"async\" width=\"1024\" height=\"721\" data-id=\"3962\" src=\"https:\/\/fluvo.de\/wp-content\/uploads\/sites\/2\/2022\/01\/schwimmbadattraktionen-fuer-oeffentliche-baeder-4-1024x721.jpg\" alt=\"\" class=\"wp-image-3962\" srcset=\"https:\/\/fluvo.de\/wp-content\/uploads\/sites\/2\/2022\/01\/schwimmbadattraktionen-fuer-oeffentliche-baeder-4-1024x721.jpg 1024w, https:\/\/fluvo.de\/wp-content\/uploads\/sites\/2\/2022\/01\/schwimmbadattraktionen-fuer-oeffentliche-baeder-4-300x211.jpg 300w, https:\/\/fluvo.de\/wp-content\/uploads\/sites\/2\/2022\/01\/schwimmbadattraktionen-fuer-oeffentliche-baeder-4-768x541.jpg 768w, https:\/\/fluvo.de\/wp-content\/uploads\/sites\/2\/2022\/01\/schwimmbadattraktionen-fuer-oeffentliche-baeder-4.jpg 1500w\" sizes=\"auto, (max-width: 1024px) 100vw, 1024px\" \/><\/a><\/figure>\n\n\n\n<figure class=\"wp-block-image size-large\"><a href=\"https:\/\/fluvo.de\/wp-content\/uploads\/sites\/2\/2022\/01\/schwimmbadattraktionen-fuer-oeffentliche-baeder-5.jpg\"><img loading=\"lazy\" decoding=\"async\" width=\"1024\" height=\"721\" data-id=\"3959\" src=\"https:\/\/fluvo.de\/wp-content\/uploads\/sites\/2\/2022\/01\/schwimmbadattraktionen-fuer-oeffentliche-baeder-5-1024x721.jpg\" alt=\"\" class=\"wp-image-3959\" srcset=\"https:\/\/fluvo.de\/wp-content\/uploads\/sites\/2\/2022\/01\/schwimmbadattraktionen-fuer-oeffentliche-baeder-5-1024x721.jpg 1024w, https:\/\/fluvo.de\/wp-content\/uploads\/sites\/2\/2022\/01\/schwimmbadattraktionen-fuer-oeffentliche-baeder-5-300x211.jpg 300w, https:\/\/fluvo.de\/wp-content\/uploads\/sites\/2\/2022\/01\/schwimmbadattraktionen-fuer-oeffentliche-baeder-5-768x541.jpg 768w, https:\/\/fluvo.de\/wp-content\/uploads\/sites\/2\/2022\/01\/schwimmbadattraktionen-fuer-oeffentliche-baeder-5.jpg 1500w\" sizes=\"auto, (max-width: 1024px) 100vw, 1024px\" \/><\/a><\/figure>\n\n\n\n<figure class=\"wp-block-image size-large\"><a href=\"https:\/\/fluvo.de\/wp-content\/uploads\/sites\/2\/2022\/01\/schwimmbadattraktionen-fuer-oeffentliche-baeder-6.jpg\"><img loading=\"lazy\" decoding=\"async\" width=\"1024\" height=\"721\" data-id=\"3956\" src=\"https:\/\/fluvo.de\/wp-content\/uploads\/sites\/2\/2022\/01\/schwimmbadattraktionen-fuer-oeffentliche-baeder-6-1024x721.jpg\" alt=\"\" class=\"wp-image-3956\" srcset=\"https:\/\/fluvo.de\/wp-content\/uploads\/sites\/2\/2022\/01\/schwimmbadattraktionen-fuer-oeffentliche-baeder-6-1024x721.jpg 1024w, https:\/\/fluvo.de\/wp-content\/uploads\/sites\/2\/2022\/01\/schwimmbadattraktionen-fuer-oeffentliche-baeder-6-300x211.jpg 300w, https:\/\/fluvo.de\/wp-content\/uploads\/sites\/2\/2022\/01\/schwimmbadattraktionen-fuer-oeffentliche-baeder-6-768x541.jpg 768w, https:\/\/fluvo.de\/wp-content\/uploads\/sites\/2\/2022\/01\/schwimmbadattraktionen-fuer-oeffentliche-baeder-6.jpg 1500w\" sizes=\"auto, (max-width: 1024px) 100vw, 1024px\" \/><\/a><\/figure>\n\n\n\n<figure class=\"wp-block-image size-large\"><a href=\"https:\/\/fluvo.de\/wp-content\/uploads\/sites\/2\/2022\/01\/schwimmbadattraktionen-fuer-oeffentliche-baeder-7.jpg\"><img loading=\"lazy\" decoding=\"async\" width=\"1024\" height=\"721\" data-id=\"3953\" src=\"https:\/\/fluvo.de\/wp-content\/uploads\/sites\/2\/2022\/01\/schwimmbadattraktionen-fuer-oeffentliche-baeder-7-1024x721.jpg\" alt=\"\" class=\"wp-image-3953\" srcset=\"https:\/\/fluvo.de\/wp-content\/uploads\/sites\/2\/2022\/01\/schwimmbadattraktionen-fuer-oeffentliche-baeder-7-1024x721.jpg 1024w, https:\/\/fluvo.de\/wp-content\/uploads\/sites\/2\/2022\/01\/schwimmbadattraktionen-fuer-oeffentliche-baeder-7-300x211.jpg 300w, https:\/\/fluvo.de\/wp-content\/uploads\/sites\/2\/2022\/01\/schwimmbadattraktionen-fuer-oeffentliche-baeder-7-768x541.jpg 768w, https:\/\/fluvo.de\/wp-content\/uploads\/sites\/2\/2022\/01\/schwimmbadattraktionen-fuer-oeffentliche-baeder-7.jpg 1500w\" sizes=\"auto, (max-width: 1024px) 100vw, 1024px\" \/><\/a><\/figure>\n\n\n\n<figure class=\"wp-block-image size-large\"><a href=\"https:\/\/fluvo.de\/wp-content\/uploads\/sites\/2\/2022\/01\/schwimmbadattraktionen-fuer-oeffentliche-baeder-8.jpg\"><img loading=\"lazy\" decoding=\"async\" width=\"1024\" height=\"721\" data-id=\"3950\" src=\"https:\/\/fluvo.de\/wp-content\/uploads\/sites\/2\/2022\/01\/schwimmbadattraktionen-fuer-oeffentliche-baeder-8-1024x721.jpg\" alt=\"\" class=\"wp-image-3950\" srcset=\"https:\/\/fluvo.de\/wp-content\/uploads\/sites\/2\/2022\/01\/schwimmbadattraktionen-fuer-oeffentliche-baeder-8-1024x721.jpg 1024w, https:\/\/fluvo.de\/wp-content\/uploads\/sites\/2\/2022\/01\/schwimmbadattraktionen-fuer-oeffentliche-baeder-8-300x211.jpg 300w, https:\/\/fluvo.de\/wp-content\/uploads\/sites\/2\/2022\/01\/schwimmbadattraktionen-fuer-oeffentliche-baeder-8-768x541.jpg 768w, https:\/\/fluvo.de\/wp-content\/uploads\/sites\/2\/2022\/01\/schwimmbadattraktionen-fuer-oeffentliche-baeder-8.jpg 1500w\" sizes=\"auto, (max-width: 1024px) 100vw, 1024px\" \/><\/a><\/figure>\n<\/figure>\n\n\n\n<div class=\"wp-block-group alignfull has-light-gray-background-color has-background\"><div class=\"wp-block-group__inner-container is-layout-flow wp-block-group-is-layout-flow\">\n<h2 class=\"has-text-align-center is-style-heading-withLine wp-block-heading\">Nous sommes l\u00e0 pour vous renseigner&nbsp;!<\/h2>\n\n\n\n<div class=\"wp-block-columns alignfull is-layout-flex wp-container-core-columns-is-layout-9d6595d7 wp-block-columns-is-layout-flex\">\n<div class=\"wp-block-column is-layout-flow wp-block-column-is-layout-flow\">\n<div class=\"wp-block-image\"><figure class=\"aligncenter size-large is-resized\"><img loading=\"lazy\" decoding=\"async\" src=\"https:\/\/fluvo.de\/wp-content\/uploads\/sites\/2\/\/2021\/11\/kontaktformular.svg\" alt=\"\" class=\"wp-image-424\" width=\"100\" height=\"75\"\/><\/figure><\/div>\n\n\n\n<h3 class=\"has-text-align-center has-extra-large-font-size wp-block-heading\"><strong>E-Mail<\/strong><\/h3>\n\n\n\n<p class=\"has-text-align-center\">N\u2019h\u00e9sitez pas \u00e0 nous envoyer un mail<\/p>\n\n\n\n<div class=\"wp-block-buttons is-horizontal is-content-justification-center is-layout-flex wp-container-core-buttons-is-layout-499968f5 wp-block-buttons-is-layout-flex\">\n<div class=\"wp-block-button is-style-outline is-style-outline--2\"><a class=\"wp-block-button__link has-primary-color has-text-color\" href=\"mailto:info@schmalenberger.de\">info@schmalenberger.de<\/a><\/div>\n<\/div>\n<\/div>\n\n\n\n<div class=\"wp-block-column is-layout-flow wp-block-column-is-layout-flow\">\n<div class=\"wp-block-image\"><figure class=\"aligncenter size-large is-resized\"><img loading=\"lazy\" decoding=\"async\" src=\"https:\/\/fluvo.de\/wp-content\/uploads\/sites\/2\/\/2021\/11\/rufen-sie-uns-an.svg\" alt=\"\" class=\"wp-image-433\" width=\"69\" height=\"75\"\/><\/figure><\/div>\n\n\n\n<h3 class=\"has-text-align-center has-extra-large-font-size wp-block-heading\"><strong><strong>N\u2019h\u00e9sitez pas \u00e0 nous appeler<\/strong><\/strong><\/h3>\n\n\n\n<p class=\"has-text-align-center\">Du lundi au vendredi de 9 h \u00e0 18 h<\/p>\n\n\n\n<div class=\"wp-block-buttons is-horizontal is-content-justification-center is-layout-flex wp-container-core-buttons-is-layout-499968f5 wp-block-buttons-is-layout-flex\">\n<div class=\"wp-block-button is-style-outline is-style-outline--3\"><a class=\"wp-block-button__link has-primary-color has-text-color\" href=\"tel:0033247804881\">T\u00e9l. : &nbsp;+33 2 47 80 48 81<\/a><\/div>\n<\/div>\n<\/div>\n\n\n\n<div class=\"wp-block-column is-layout-flow wp-block-column-is-layout-flow\">\n<div class=\"wp-block-image\"><figure class=\"aligncenter size-large is-resized\"><img loading=\"lazy\" decoding=\"async\" src=\"https:\/\/fluvo.de\/wp-content\/uploads\/sites\/2\/\/2021\/11\/ansprechpartner.svg\" alt=\"\" class=\"wp-image-418\" width=\"76\" height=\"75\"\/><\/figure><\/div>\n\n\n\n<h3 class=\"has-text-align-center has-extra-large-font-size wp-block-heading\"><strong><strong>Formulaire de contact<\/strong><\/strong><\/h3>\n\n\n\n<p class=\"has-text-align-center\">Utilisez notre formulaire de contact<\/p>\n\n\n\n<div class=\"wp-block-buttons is-horizontal is-content-justification-center is-layout-flex wp-container-core-buttons-is-layout-499968f5 wp-block-buttons-is-layout-flex\">\n<div class=\"wp-block-button is-style-outline is-style-outline--4\"><a class=\"wp-block-button__link has-primary-color has-text-color\" href=\"https:\/\/fluvo.de\/fr\/formulaire-de-contact\/\">Ouvrir le formulaire de contact<\/a><\/div>\n<\/div>\n<\/div>\n<\/div>\n<\/div><\/div>\n\n\n\n<p><\/p>\n","protected":false},"excerpt":{"rendered":"<p>\u00c9quipements de piscine pour parcs aquatiques, piscines anim\u00e9es et stations thermales Les grands centres de loisirs aquatiques sont r\u00e9gis par leurs propres lois : Le nombre d\u2019entr\u00e9es joue un r\u00f4le majeur, une autre source de&hellip;<\/p>\n","protected":false},"author":5,"featured_media":0,"parent":0,"menu_order":0,"comment_status":"closed","ping_status":"closed","template":"","meta":{"_acf_changed":false,"footnotes":""},"class_list":["post-6724","page","type-page","status-publish","hentry"],"acf":[],"_links":{"self":[{"href":"https:\/\/fluvo.de\/fr\/wp-json\/wp\/v2\/pages\/6724","targetHints":{"allow":["GET"]}}],"collection":[{"href":"https:\/\/fluvo.de\/fr\/wp-json\/wp\/v2\/pages"}],"about":[{"href":"https:\/\/fluvo.de\/fr\/wp-json\/wp\/v2\/types\/page"}],"author":[{"embeddable":true,"href":"https:\/\/fluvo.de\/fr\/wp-json\/wp\/v2\/users\/5"}],"replies":[{"embeddable":true,"href":"https:\/\/fluvo.de\/fr\/wp-json\/wp\/v2\/comments?post=6724"}],"version-history":[{"count":2,"href":"https:\/\/fluvo.de\/fr\/wp-json\/wp\/v2\/pages\/6724\/revisions"}],"predecessor-version":[{"id":6727,"href":"https:\/\/fluvo.de\/fr\/wp-json\/wp\/v2\/pages\/6724\/revisions\/6727"}],"wp:attachment":[{"href":"https:\/\/fluvo.de\/fr\/wp-json\/wp\/v2\/media?parent=6724"}],"curies":[{"name":"wp","href":"https:\/\/api.w.org\/{rel}","templated":true}]}}