{"id":6710,"date":"2021-12-21T10:59:22","date_gmt":"2021-12-21T09:59:22","guid":{"rendered":"https:\/\/fluvo.wp3.visual4.com\/schwimmbadattraktionen-fuer-hotels\/"},"modified":"2022-03-03T07:02:55","modified_gmt":"2022-03-03T06:02:55","slug":"equipements-de-piscine-pour-hotels","status":"publish","type":"page","link":"https:\/\/fluvo.de\/fr\/equipements-de-piscine-pour-hotels\/","title":{"rendered":"\u00c9quipements de piscine pour h\u00f4tels et spas"},"content":{"rendered":"\n<h1 class=\"has-text-align-center is-style-heading-withLine wp-block-heading\">\u00c9quipements de piscine pour h\u00f4tels et spas<\/h1>\n\n\n\n<div class=\"wp-block-columns is-layout-flex wp-container-core-columns-is-layout-9d6595d7 wp-block-columns-is-layout-flex\">\n<div class=\"wp-block-column is-layout-flow wp-block-column-is-layout-flow\">\n<p>Les h\u00f4teliers et exploitants de spas doivent constamment s\u2019adapter face \u00e0 l\u2019\u00e9volution des besoins de la client\u00e8le et des tendances du march\u00e9. Une gamme de produits wellness tr\u00e8s \u00e9tendue donne de la latitude pour des concepts attrayants&nbsp;:<\/p>\n\n\n\n<p>Les espaces sauna et bien-\u00eatre, dot\u00e9s de hammams et de baignoires, les douches sp\u00e9ciales, les jacuzzis, les syst\u00e8mes d\u2019\u00e9clairage sophistiqu\u00e9s et solariums sont un \u00ab&nbsp;must&nbsp;\u00bb pour les h\u00f4tels et spas. Mais pour beaucoup de clients, l\u2019am\u00e9nagement des bassins avec les \u00e9quipements fluvo<sup>\u00ae<\/sup> constitue lui aussi un \u00e9l\u00e9ment-phare inoubliable. Avec notre vaste gamme de produits, les h\u00f4teliers et exploitants de spas se donnent un cachet incomparable, qu\u2019ils peuvent parfaitement commercialiser.<\/p>\n\n\n\n<p>Le confort d\u2019utilisation, la performance et le haut niveau de qualit\u00e9 des nages \u00e0 contre-courant, buses d\u2019hydromassage, plaques et canap\u00e9s \u00e0 bulles d\u2019air r\u00e9pondent pr\u00e9cis\u00e9ment aux besoins des piscines d\u2019h\u00f4tels. Des pi\u00e8ces \u00e0 sceller sont \u00e9tudi\u00e9es pour chaque type de bassins, neuf ou existant dans le cadre par exemple d\u2019une r\u00e9novation.<\/p>\n\n\n\n<p>Les clients deviennent des habitu\u00e9s\u00a0: Les \u00e9quipements de piscine fluvo<sup>\u00ae<\/sup> sont des \u00e9l\u00e9ments incontournables pour le succ\u00e8s d\u2019une strat\u00e9gie de bien-\u00eatre qui fid\u00e9lise la client\u00e8le.<\/p>\n<\/div>\n<\/div>\n\n\n\n<div class=\"wp-block-group alignfull has-light-gray-background-color has-background\"><div class=\"wp-block-group__inner-container is-layout-flow wp-block-group-is-layout-flow\">\n\n<div class=\"wp-block-v4core-inner-blocks SEOHeading\">\n<h2 class=\"has-text-align-center SEOHeading-heading is-style-heading-withLine wp-block-heading\"><strong><strong>VUE D\u2019ENSEMBLE<\/strong><\/strong><\/h2>\n\n\n\n<p class=\"has-text-align-center SEOHeading-fauxHeading\"><strong>\u00c9quipements de piscine pour h\u00f4tels<\/strong><\/p>\n<\/div>\n\n\n\n\n<div style=\"height:20px\" aria-hidden=\"true\" class=\"wp-block-spacer\"><\/div>\n\n\n\n<div class=\"wp-block-columns is-layout-flex wp-container-core-columns-is-layout-9d6595d7 wp-block-columns-is-layout-flex\">\n<div class=\"wp-block-column is-layout-flow wp-block-column-is-layout-flow\">\n<ul class=\"is-style-colored-markers wp-block-list\"><li>Douches cascade pour piscines d\u2019h\u00f4tels<\/li><li>Canons \u00e0 eau pour piscines d\u2019h\u00f4tels<\/li><li>Nages \u00e0 contre-courant pour piscines d\u2019h\u00f4tels<\/li><li>\u00c9quipemnts aquatiques pour piscines d\u2019h\u00f4tels<\/li><\/ul>\n<\/div>\n\n\n\n<div class=\"wp-block-column is-layout-flow wp-block-column-is-layout-flow\">\n<ul class=\"is-style-colored-markers wp-block-list\"><li>Eclairage de bassin pour piscines d\u2019h\u00f4tels<\/li><li>Projecteurs subaquatiques pour piscines d\u2019h\u00f4tels<\/li><li>Bains bouillonnants pour piscines d\u2019h\u00f4tels<\/li><li>Buses de massage pour piscines d\u2019h\u00f4tels<\/li><\/ul>\n<\/div>\n<\/div>\n<\/div><\/div>\n\n\n\n<div style=\"height:20px\" aria-hidden=\"true\" class=\"wp-block-spacer\"><\/div>\n\n\n\n\n<div class=\"wp-block-v4core-inner-blocks SEOHeading\">\n<h2 class=\"has-text-align-center SEOHeading-heading is-style-heading-withLine wp-block-heading\"><strong>IDENTIFIANTS<\/strong><\/h2>\n\n\n\n<p class=\"has-text-align-center SEOHeading-fauxHeading\"><strong>\u00c9quipements de piscine pour h\u00f4tels<\/strong><\/p>\n<\/div>\n\n\n\n\n<figure class=\"wp-block-gallery columns-3 is-cropped wp-block-gallery-1 is-layout-flex wp-block-gallery-is-layout-flex\"><ul class=\"blocks-gallery-grid\"><li class=\"blocks-gallery-item\"><figure><a href=\"https:\/\/fluvo.de\/wp-content\/uploads\/sites\/2\/2021\/12\/schwimmbadattraktion-hotelbad-9.jpg\"><img loading=\"lazy\" decoding=\"async\" width=\"1024\" height=\"721\" src=\"https:\/\/fluvo.de\/wp-content\/uploads\/sites\/2\/2021\/12\/schwimmbadattraktion-hotelbad-9-1024x721.jpg\" alt=\"\" data-id=\"3684\" data-full-url=\"https:\/\/fluvo.de\/wp-content\/uploads\/sites\/2\/2021\/12\/schwimmbadattraktion-hotelbad-9.jpg\" data-link=\"https:\/\/fluvo.de\/schwimmbadattraktionen-fuer-hotels\/schwimmbadattraktion-hotelbad-9\/\" class=\"wp-image-3686\" srcset=\"https:\/\/fluvo.de\/wp-content\/uploads\/sites\/2\/2021\/12\/schwimmbadattraktion-hotelbad-9-1024x721.jpg 1024w, https:\/\/fluvo.de\/wp-content\/uploads\/sites\/2\/2021\/12\/schwimmbadattraktion-hotelbad-9-300x211.jpg 300w, https:\/\/fluvo.de\/wp-content\/uploads\/sites\/2\/2021\/12\/schwimmbadattraktion-hotelbad-9-768x541.jpg 768w, https:\/\/fluvo.de\/wp-content\/uploads\/sites\/2\/2021\/12\/schwimmbadattraktion-hotelbad-9.jpg 1500w\" sizes=\"auto, (max-width: 1024px) 100vw, 1024px\" \/><\/a><\/figure><\/li><li class=\"blocks-gallery-item\"><figure><a href=\"https:\/\/fluvo.de\/wp-content\/uploads\/sites\/2\/2021\/12\/schwimmbadattraktion-hotelbad-8.jpg\"><img loading=\"lazy\" decoding=\"async\" width=\"1024\" height=\"721\" src=\"https:\/\/fluvo.de\/wp-content\/uploads\/sites\/2\/2021\/12\/schwimmbadattraktion-hotelbad-8-1024x721.jpg\" alt=\"\" data-id=\"3687\" data-full-url=\"https:\/\/fluvo.de\/wp-content\/uploads\/sites\/2\/2021\/12\/schwimmbadattraktion-hotelbad-8.jpg\" data-link=\"https:\/\/fluvo.de\/schwimmbadattraktionen-fuer-hotels\/schwimmbadattraktion-hotelbad-8\/\" class=\"wp-image-3689\" srcset=\"https:\/\/fluvo.de\/wp-content\/uploads\/sites\/2\/2021\/12\/schwimmbadattraktion-hotelbad-8-1024x721.jpg 1024w, https:\/\/fluvo.de\/wp-content\/uploads\/sites\/2\/2021\/12\/schwimmbadattraktion-hotelbad-8-300x211.jpg 300w, https:\/\/fluvo.de\/wp-content\/uploads\/sites\/2\/2021\/12\/schwimmbadattraktion-hotelbad-8-768x541.jpg 768w, https:\/\/fluvo.de\/wp-content\/uploads\/sites\/2\/2021\/12\/schwimmbadattraktion-hotelbad-8.jpg 1500w\" sizes=\"auto, (max-width: 1024px) 100vw, 1024px\" \/><\/a><\/figure><\/li><li class=\"blocks-gallery-item\"><figure><a href=\"https:\/\/fluvo.de\/wp-content\/uploads\/sites\/2\/2021\/12\/schwimmbadattraktion-hotelbad-7.jpg\"><img loading=\"lazy\" decoding=\"async\" width=\"1024\" height=\"721\" src=\"https:\/\/fluvo.de\/wp-content\/uploads\/sites\/2\/2021\/12\/schwimmbadattraktion-hotelbad-7-1024x721.jpg\" alt=\"\" data-id=\"3690\" data-full-url=\"https:\/\/fluvo.de\/wp-content\/uploads\/sites\/2\/2021\/12\/schwimmbadattraktion-hotelbad-7.jpg\" data-link=\"https:\/\/fluvo.de\/schwimmbadattraktionen-fuer-hotels\/schwimmbadattraktion-hotelbad-7\/\" class=\"wp-image-3692\" srcset=\"https:\/\/fluvo.de\/wp-content\/uploads\/sites\/2\/2021\/12\/schwimmbadattraktion-hotelbad-7-1024x721.jpg 1024w, https:\/\/fluvo.de\/wp-content\/uploads\/sites\/2\/2021\/12\/schwimmbadattraktion-hotelbad-7-300x211.jpg 300w, https:\/\/fluvo.de\/wp-content\/uploads\/sites\/2\/2021\/12\/schwimmbadattraktion-hotelbad-7-768x541.jpg 768w, https:\/\/fluvo.de\/wp-content\/uploads\/sites\/2\/2021\/12\/schwimmbadattraktion-hotelbad-7.jpg 1500w\" sizes=\"auto, (max-width: 1024px) 100vw, 1024px\" \/><\/a><\/figure><\/li><li class=\"blocks-gallery-item\"><figure><a href=\"https:\/\/fluvo.de\/wp-content\/uploads\/sites\/2\/2021\/12\/schwimmbadattraktion-hotelbad-6.jpg\"><img loading=\"lazy\" decoding=\"async\" width=\"1024\" height=\"721\" src=\"https:\/\/fluvo.de\/wp-content\/uploads\/sites\/2\/2021\/12\/schwimmbadattraktion-hotelbad-6-1024x721.jpg\" alt=\"\" data-id=\"3693\" data-full-url=\"https:\/\/fluvo.de\/wp-content\/uploads\/sites\/2\/2021\/12\/schwimmbadattraktion-hotelbad-6.jpg\" data-link=\"https:\/\/fluvo.de\/schwimmbadattraktionen-fuer-hotels\/schwimmbadattraktion-hotelbad-6\/\" class=\"wp-image-3695\" srcset=\"https:\/\/fluvo.de\/wp-content\/uploads\/sites\/2\/2021\/12\/schwimmbadattraktion-hotelbad-6-1024x721.jpg 1024w, https:\/\/fluvo.de\/wp-content\/uploads\/sites\/2\/2021\/12\/schwimmbadattraktion-hotelbad-6-300x211.jpg 300w, https:\/\/fluvo.de\/wp-content\/uploads\/sites\/2\/2021\/12\/schwimmbadattraktion-hotelbad-6-768x541.jpg 768w, https:\/\/fluvo.de\/wp-content\/uploads\/sites\/2\/2021\/12\/schwimmbadattraktion-hotelbad-6.jpg 1500w\" sizes=\"auto, (max-width: 1024px) 100vw, 1024px\" \/><\/a><\/figure><\/li><li class=\"blocks-gallery-item\"><figure><a href=\"https:\/\/fluvo.de\/wp-content\/uploads\/sites\/2\/2021\/12\/schwimmbadattraktion-hotelbad-5.jpg\"><img loading=\"lazy\" decoding=\"async\" width=\"1024\" height=\"721\" src=\"https:\/\/fluvo.de\/wp-content\/uploads\/sites\/2\/2021\/12\/schwimmbadattraktion-hotelbad-5-1024x721.jpg\" alt=\"\" data-id=\"3696\" data-full-url=\"https:\/\/fluvo.de\/wp-content\/uploads\/sites\/2\/2021\/12\/schwimmbadattraktion-hotelbad-5.jpg\" data-link=\"https:\/\/fluvo.de\/schwimmbadattraktionen-fuer-hotels\/schwimmbadattraktion-hotelbad-5\/\" class=\"wp-image-3698\" srcset=\"https:\/\/fluvo.de\/wp-content\/uploads\/sites\/2\/2021\/12\/schwimmbadattraktion-hotelbad-5-1024x721.jpg 1024w, https:\/\/fluvo.de\/wp-content\/uploads\/sites\/2\/2021\/12\/schwimmbadattraktion-hotelbad-5-300x211.jpg 300w, https:\/\/fluvo.de\/wp-content\/uploads\/sites\/2\/2021\/12\/schwimmbadattraktion-hotelbad-5-768x541.jpg 768w, https:\/\/fluvo.de\/wp-content\/uploads\/sites\/2\/2021\/12\/schwimmbadattraktion-hotelbad-5.jpg 1500w\" sizes=\"auto, (max-width: 1024px) 100vw, 1024px\" \/><\/a><\/figure><\/li><li class=\"blocks-gallery-item\"><figure><a href=\"https:\/\/fluvo.de\/wp-content\/uploads\/sites\/2\/2021\/12\/schwimmbadattraktion-hotelbad-4.jpg\"><img loading=\"lazy\" decoding=\"async\" width=\"1024\" height=\"721\" src=\"https:\/\/fluvo.de\/wp-content\/uploads\/sites\/2\/2021\/12\/schwimmbadattraktion-hotelbad-4-1024x721.jpg\" alt=\"\" data-id=\"3699\" data-full-url=\"https:\/\/fluvo.de\/wp-content\/uploads\/sites\/2\/2021\/12\/schwimmbadattraktion-hotelbad-4.jpg\" data-link=\"https:\/\/fluvo.de\/schwimmbadattraktionen-fuer-hotels\/schwimmbadattraktion-hotelbad-4\/\" class=\"wp-image-3701\" srcset=\"https:\/\/fluvo.de\/wp-content\/uploads\/sites\/2\/2021\/12\/schwimmbadattraktion-hotelbad-4-1024x721.jpg 1024w, https:\/\/fluvo.de\/wp-content\/uploads\/sites\/2\/2021\/12\/schwimmbadattraktion-hotelbad-4-300x211.jpg 300w, https:\/\/fluvo.de\/wp-content\/uploads\/sites\/2\/2021\/12\/schwimmbadattraktion-hotelbad-4-768x541.jpg 768w, https:\/\/fluvo.de\/wp-content\/uploads\/sites\/2\/2021\/12\/schwimmbadattraktion-hotelbad-4.jpg 1500w\" sizes=\"auto, (max-width: 1024px) 100vw, 1024px\" \/><\/a><\/figure><\/li><li class=\"blocks-gallery-item\"><figure><a href=\"https:\/\/fluvo.de\/wp-content\/uploads\/sites\/2\/2021\/12\/schwimmbadattraktion-hotelbad-3.jpg\"><img loading=\"lazy\" decoding=\"async\" width=\"1024\" height=\"721\" src=\"https:\/\/fluvo.de\/wp-content\/uploads\/sites\/2\/2021\/12\/schwimmbadattraktion-hotelbad-3-1024x721.jpg\" alt=\"\" data-id=\"3702\" data-full-url=\"https:\/\/fluvo.de\/wp-content\/uploads\/sites\/2\/2021\/12\/schwimmbadattraktion-hotelbad-3.jpg\" data-link=\"https:\/\/fluvo.de\/schwimmbadattraktionen-fuer-hotels\/schwimmbadattraktion-hotelbad-3\/\" class=\"wp-image-3704\" srcset=\"https:\/\/fluvo.de\/wp-content\/uploads\/sites\/2\/2021\/12\/schwimmbadattraktion-hotelbad-3-1024x721.jpg 1024w, https:\/\/fluvo.de\/wp-content\/uploads\/sites\/2\/2021\/12\/schwimmbadattraktion-hotelbad-3-300x211.jpg 300w, https:\/\/fluvo.de\/wp-content\/uploads\/sites\/2\/2021\/12\/schwimmbadattraktion-hotelbad-3-768x541.jpg 768w, https:\/\/fluvo.de\/wp-content\/uploads\/sites\/2\/2021\/12\/schwimmbadattraktion-hotelbad-3.jpg 1500w\" sizes=\"auto, (max-width: 1024px) 100vw, 1024px\" \/><\/a><\/figure><\/li><li class=\"blocks-gallery-item\"><figure><a href=\"https:\/\/fluvo.de\/wp-content\/uploads\/sites\/2\/2021\/12\/schwimmbadattraktion-hotelbad-2.jpg\"><img loading=\"lazy\" decoding=\"async\" width=\"1024\" height=\"721\" src=\"https:\/\/fluvo.de\/wp-content\/uploads\/sites\/2\/2021\/12\/schwimmbadattraktion-hotelbad-2-1024x721.jpg\" alt=\"\" data-id=\"3705\" data-full-url=\"https:\/\/fluvo.de\/wp-content\/uploads\/sites\/2\/2021\/12\/schwimmbadattraktion-hotelbad-2.jpg\" data-link=\"https:\/\/fluvo.de\/schwimmbadattraktionen-fuer-hotels\/schwimmbadattraktion-hotelbad-2\/\" class=\"wp-image-3707\" srcset=\"https:\/\/fluvo.de\/wp-content\/uploads\/sites\/2\/2021\/12\/schwimmbadattraktion-hotelbad-2-1024x721.jpg 1024w, https:\/\/fluvo.de\/wp-content\/uploads\/sites\/2\/2021\/12\/schwimmbadattraktion-hotelbad-2-300x211.jpg 300w, https:\/\/fluvo.de\/wp-content\/uploads\/sites\/2\/2021\/12\/schwimmbadattraktion-hotelbad-2-768x541.jpg 768w, https:\/\/fluvo.de\/wp-content\/uploads\/sites\/2\/2021\/12\/schwimmbadattraktion-hotelbad-2.jpg 1500w\" sizes=\"auto, (max-width: 1024px) 100vw, 1024px\" \/><\/a><\/figure><\/li><li class=\"blocks-gallery-item\"><figure><a href=\"https:\/\/fluvo.de\/wp-content\/uploads\/sites\/2\/2021\/12\/schwimmbadattraktion-hotelbaeder-1.jpg\"><img loading=\"lazy\" decoding=\"async\" width=\"1024\" height=\"721\" src=\"https:\/\/fluvo.de\/wp-content\/uploads\/sites\/2\/2021\/12\/schwimmbadattraktion-hotelbaeder-1-1024x721.jpg\" alt=\"\" data-id=\"3708\" data-full-url=\"https:\/\/fluvo.de\/wp-content\/uploads\/sites\/2\/2021\/12\/schwimmbadattraktion-hotelbaeder-1.jpg\" data-link=\"https:\/\/fluvo.de\/schwimmbadattraktionen-fuer-hotels\/schwimmbadattraktion-hotelbaeder-1\/\" class=\"wp-image-3710\" srcset=\"https:\/\/fluvo.de\/wp-content\/uploads\/sites\/2\/2021\/12\/schwimmbadattraktion-hotelbaeder-1-1024x721.jpg 1024w, https:\/\/fluvo.de\/wp-content\/uploads\/sites\/2\/2021\/12\/schwimmbadattraktion-hotelbaeder-1-300x211.jpg 300w, https:\/\/fluvo.de\/wp-content\/uploads\/sites\/2\/2021\/12\/schwimmbadattraktion-hotelbaeder-1-768x541.jpg 768w, https:\/\/fluvo.de\/wp-content\/uploads\/sites\/2\/2021\/12\/schwimmbadattraktion-hotelbaeder-1.jpg 1500w\" sizes=\"auto, (max-width: 1024px) 100vw, 1024px\" \/><\/a><\/figure><\/li><\/ul><\/figure>\n\n\n\n<div class=\"wp-block-group alignfull has-light-gray-background-color has-background\"><div class=\"wp-block-group__inner-container is-layout-flow wp-block-group-is-layout-flow\">\n<h2 class=\"has-text-align-center is-style-heading-withLine wp-block-heading\">Nous sommes l\u00e0 pour vous renseigner&nbsp;!<\/h2>\n\n\n\n<div class=\"wp-block-columns alignfull is-layout-flex wp-container-core-columns-is-layout-9d6595d7 wp-block-columns-is-layout-flex\">\n<div class=\"wp-block-column is-layout-flow wp-block-column-is-layout-flow\">\n<div class=\"wp-block-image\"><figure class=\"aligncenter size-large is-resized\"><img loading=\"lazy\" decoding=\"async\" src=\"https:\/\/fluvo.de\/wp-content\/uploads\/sites\/2\/\/2021\/11\/kontaktformular.svg\" alt=\"\" class=\"wp-image-424\" width=\"100\" height=\"75\"\/><\/figure><\/div>\n\n\n\n<h3 class=\"has-text-align-center has-extra-large-font-size wp-block-heading\"><strong>E-Mail<\/strong><\/h3>\n\n\n\n<p class=\"has-text-align-center\">N\u2019h\u00e9sitez pas \u00e0 nous envoyer un mail<\/p>\n\n\n\n<div class=\"wp-block-buttons is-horizontal is-content-justification-center is-layout-flex wp-container-core-buttons-is-layout-499968f5 wp-block-buttons-is-layout-flex\">\n<div class=\"wp-block-button is-style-outline is-style-outline--2\"><a class=\"wp-block-button__link has-primary-color has-text-color\" href=\"mailto:info@schmalenberger.de\">info@schmalenberger.de<\/a><\/div>\n<\/div>\n<\/div>\n\n\n\n<div class=\"wp-block-column is-layout-flow wp-block-column-is-layout-flow\">\n<div class=\"wp-block-image\"><figure class=\"aligncenter size-large is-resized\"><img loading=\"lazy\" decoding=\"async\" src=\"https:\/\/fluvo.de\/wp-content\/uploads\/sites\/2\/\/2021\/11\/rufen-sie-uns-an.svg\" alt=\"\" class=\"wp-image-433\" width=\"69\" height=\"75\"\/><\/figure><\/div>\n\n\n\n<h3 class=\"has-text-align-center has-extra-large-font-size wp-block-heading\"><strong><strong>N\u2019h\u00e9sitez pas \u00e0 nous appeler<\/strong><\/strong><\/h3>\n\n\n\n<p class=\"has-text-align-center\">Du lundi au vendredi de 9 h \u00e0 18 h<\/p>\n\n\n\n<div class=\"wp-block-buttons is-horizontal is-content-justification-center is-layout-flex wp-container-core-buttons-is-layout-499968f5 wp-block-buttons-is-layout-flex\">\n<div class=\"wp-block-button is-style-outline is-style-outline--3\"><a class=\"wp-block-button__link has-primary-color has-text-color\" href=\"tel:0033247804881\">T\u00e9l. : &nbsp;+33 2 47 80 48 81<\/a><\/div>\n<\/div>\n<\/div>\n\n\n\n<div class=\"wp-block-column is-layout-flow wp-block-column-is-layout-flow\">\n<div class=\"wp-block-image\"><figure class=\"aligncenter size-large is-resized\"><img loading=\"lazy\" decoding=\"async\" src=\"https:\/\/fluvo.de\/wp-content\/uploads\/sites\/2\/\/2021\/11\/ansprechpartner.svg\" alt=\"\" class=\"wp-image-418\" width=\"76\" height=\"75\"\/><\/figure><\/div>\n\n\n\n<h3 class=\"has-text-align-center has-extra-large-font-size wp-block-heading\"><strong><strong>Formulaire de contact<\/strong><\/strong><\/h3>\n\n\n\n<p class=\"has-text-align-center\">Utilisez notre formulaire de contact<\/p>\n\n\n\n<div class=\"wp-block-buttons is-horizontal is-content-justification-center is-layout-flex wp-container-core-buttons-is-layout-499968f5 wp-block-buttons-is-layout-flex\">\n<div class=\"wp-block-button is-style-outline is-style-outline--4\"><a class=\"wp-block-button__link has-primary-color has-text-color\" href=\"https:\/\/fluvo.de\/fr\/formulaire-de-contact\/\">Ouvrir le formulaire de contact<\/a><\/div>\n<\/div>\n<\/div>\n<\/div>\n<\/div><\/div>\n\n\n\n<p><\/p>\n","protected":false},"excerpt":{"rendered":"<p>\u00c9quipements de piscine pour h\u00f4tels et spas Les h\u00f4teliers et exploitants de spas doivent constamment s\u2019adapter face \u00e0 l\u2019\u00e9volution des besoins de la client\u00e8le et des tendances du march\u00e9. Une gamme de produits wellness tr\u00e8s&hellip;<\/p>\n","protected":false},"author":5,"featured_media":0,"parent":0,"menu_order":0,"comment_status":"closed","ping_status":"closed","template":"","meta":{"_acf_changed":false,"footnotes":""},"class_list":["post-6710","page","type-page","status-publish","hentry"],"acf":[],"_links":{"self":[{"href":"https:\/\/fluvo.de\/fr\/wp-json\/wp\/v2\/pages\/6710","targetHints":{"allow":["GET"]}}],"collection":[{"href":"https:\/\/fluvo.de\/fr\/wp-json\/wp\/v2\/pages"}],"about":[{"href":"https:\/\/fluvo.de\/fr\/wp-json\/wp\/v2\/types\/page"}],"author":[{"embeddable":true,"href":"https:\/\/fluvo.de\/fr\/wp-json\/wp\/v2\/users\/5"}],"replies":[{"embeddable":true,"href":"https:\/\/fluvo.de\/fr\/wp-json\/wp\/v2\/comments?post=6710"}],"version-history":[{"count":2,"href":"https:\/\/fluvo.de\/fr\/wp-json\/wp\/v2\/pages\/6710\/revisions"}],"predecessor-version":[{"id":6713,"href":"https:\/\/fluvo.de\/fr\/wp-json\/wp\/v2\/pages\/6710\/revisions\/6713"}],"wp:attachment":[{"href":"https:\/\/fluvo.de\/fr\/wp-json\/wp\/v2\/media?parent=6710"}],"curies":[{"name":"wp","href":"https:\/\/api.w.org\/{rel}","templated":true}]}}