{"id":6696,"date":"2022-03-03T06:49:38","date_gmt":"2022-03-03T05:49:38","guid":{"rendered":"https:\/\/fluvo.wp3.visual4.com\/?page_id=6696"},"modified":"2022-03-03T06:53:55","modified_gmt":"2022-03-03T05:53:55","slug":"attractions-pour-piscines-privees","status":"publish","type":"page","link":"https:\/\/fluvo.de\/fr\/attractions-pour-piscines-privees\/","title":{"rendered":"Attractions pour piscines priv\u00e9es"},"content":{"rendered":"\n<h1 class=\"has-text-align-center is-style-heading-withLine wp-block-heading\">Attractions pour piscines priv\u00e9es<\/h1>\n\n\n\n<div class=\"wp-block-columns is-layout-flex wp-container-core-columns-is-layout-9d6595d7 wp-block-columns-is-layout-flex\">\n<div class=\"wp-block-column is-layout-flow wp-block-column-is-layout-flow\">\n<p>Plus d\u2019activit\u00e9s ludiques, sportives et plus de bien-\u00eatre dans son propre bassin. Les attractions pour piscines fluvo<sup>\u00ae<\/sup> sont devenues incontournables pour les piscines de particuliers. Avec leur design incomparable, elles constituent l\u2019\u00e9l\u00e9ment phare de toute piscine et un divertissement id\u00e9al pour familles, enfants, seniors et nageurs \u00e0 ambitions sportives. Pour la piscine int\u00e9rieure ou ext\u00e9rieure, c\u2019est l\u2019amusement programm\u00e9, sans oublier le bien-\u00eatre et le sport. Avec elles, impossible de s\u2019ennuyer dans son bassin. Installations \u00e0 contre-courant, buses d\u2019hydromassage, syst\u00e8mes bouillonnants, douches cascade et projecteurs subaquatiques \u00e0 LED de couleur promettent des effets surprenants en conf\u00e9rant des touches particuli\u00e8res \u00e0 votre bassin et ses abords. Le vaste programme des attractions fluvo<sup>\u00ae<\/sup> offre l\u2019\u00e9quipement optimal pour toutes les tailles et tous les types de bassin. Nos pompes et compresseurs puissants et \u00e0 haute efficacit\u00e9 \u00e9nerg\u00e9tique sign\u00e9s Schmalenberger sont parfaitement adapt\u00e9s aux diff\u00e9rentes attractions propos\u00e9es.<\/p>\n\n\n\n<p>Qu\u2019il s\u2019agisse d\u2019un cadre neuf ou de travaux de r\u00e9novation ou d\u2019extension, les attractions fluvo<sup>\u00ae<\/sup> sont toujours un investissement profitable pour votre piscine : Des concepts d\u2019installation bien pens\u00e9s, des mat\u00e9riaux haut de gamme et une finition impeccable garantissent un maximum de qualit\u00e9 et de long\u00e9vit\u00e9.<\/p>\n\n\n\n<p>L\u2019application myfluvo offre un moyen de commande avec lequel vous pouvez piloter toutes nos attractions fluvo<sup>\u00ae<\/sup> de fa\u00e7on intuitive par le biais d\u2019un smartphone : chaque utilisateur peut r\u00e9gler les programmes d\u2019entra\u00eenement et de massage, les combiner \u00e0 son gr\u00e9 et les sauvegarder pour les retrouver par la suite. Individuel, simple et efficace, pour les jeunes et les moins jeunes.<\/p>\n\n\n\n<p>Les attractions pour piscines fluvo<sup>\u00ae<\/sup> \u2013 Amusement garanti d\u00e8s le d\u00e9but !<\/p>\n<\/div>\n<\/div>\n\n\n\n<div class=\"wp-block-group alignfull has-light-gray-background-color has-background\"><div class=\"wp-block-group__inner-container is-layout-flow wp-block-group-is-layout-flow\">\n\n<div class=\"wp-block-v4core-inner-blocks SEOHeading\">\n<h2 class=\"has-text-align-center SEOHeading-heading is-style-heading-withLine wp-block-heading\"><strong><strong>APER\u00c7U<\/strong><\/strong><\/h2>\n\n\n\n<p class=\"has-text-align-center SEOHeading-fauxHeading\">Attractions pour piscines priv\u00e9es<\/p>\n<\/div>\n\n\n\n\n<div style=\"height:20px\" aria-hidden=\"true\" class=\"wp-block-spacer\"><\/div>\n\n\n\n<div class=\"wp-block-columns is-layout-flex wp-container-core-columns-is-layout-9d6595d7 wp-block-columns-is-layout-flex\">\n<div class=\"wp-block-column is-layout-flow wp-block-column-is-layout-flow\">\n<ul class=\"is-style-colored-markers wp-block-list\"><li>Douches cascade pour piscines priv\u00e9es<\/li><li>Canons \u00e0 eau pour piscines priv\u00e9es<\/li><li>Installations \u00e0 contre-courant pour piscines priv\u00e9es<\/li><li>Attractions aquatiques pour piscines priv\u00e9es<\/li><\/ul>\n<\/div>\n\n\n\n<div class=\"wp-block-column is-layout-flow wp-block-column-is-layout-flow\">\n<ul class=\"is-style-colored-markers wp-block-list\"><li>\u00c9clairage de bassin pour piscines priv\u00e9es<\/li><li>Projecteurs subaquatiques pour piscines priv\u00e9es<\/li><li>Syst\u00e8mes bouillonnants pour piscines priv\u00e9es<\/li><li>Buses de massage pour piscines priv\u00e9es<\/li><\/ul>\n<\/div>\n<\/div>\n<\/div><\/div>\n\n\n\n<div style=\"height:20px\" aria-hidden=\"true\" class=\"wp-block-spacer\"><\/div>\n\n\n\n\n<div class=\"wp-block-v4core-inner-blocks SEOHeading\">\n<h2 class=\"has-text-align-center SEOHeading-heading is-style-heading-withLine wp-block-heading\"><strong>IDENTIFIANTS<\/strong><\/h2>\n\n\n\n<p class=\"has-text-align-center SEOHeading-fauxHeading\">Attractions pour piscines priv\u00e9es<\/p>\n<\/div>\n\n\n\n\n<figure class=\"wp-block-gallery has-nested-images columns-default is-cropped wp-block-gallery-1 is-layout-flex wp-block-gallery-is-layout-flex\">\n<figure class=\"wp-block-image size-large\"><a href=\"https:\/\/fluvo.de\/wp-content\/uploads\/sites\/2\/2022\/01\/schwimmbadattraktionen-fuer-private-pools-11-1024x721.jpg\"><img loading=\"lazy\" decoding=\"async\" width=\"1024\" height=\"721\" data-id=\"3987\" src=\"https:\/\/fluvo.de\/wp-content\/uploads\/sites\/2\/2022\/01\/schwimmbadattraktionen-fuer-private-pools-11-1024x721.jpg\" alt=\"\" class=\"wp-image-3987\" srcset=\"https:\/\/fluvo.de\/wp-content\/uploads\/sites\/2\/2022\/01\/schwimmbadattraktionen-fuer-private-pools-11-1024x721.jpg 1024w, https:\/\/fluvo.de\/wp-content\/uploads\/sites\/2\/2022\/01\/schwimmbadattraktionen-fuer-private-pools-11-300x211.jpg 300w, https:\/\/fluvo.de\/wp-content\/uploads\/sites\/2\/2022\/01\/schwimmbadattraktionen-fuer-private-pools-11-768x541.jpg 768w, https:\/\/fluvo.de\/wp-content\/uploads\/sites\/2\/2022\/01\/schwimmbadattraktionen-fuer-private-pools-11.jpg 1500w\" sizes=\"auto, (max-width: 1024px) 100vw, 1024px\" \/><\/a><\/figure>\n\n\n\n<figure class=\"wp-block-image size-large\"><a href=\"https:\/\/fluvo.de\/wp-content\/uploads\/sites\/2\/2022\/01\/schwimmbadattraktionen-fuer-private-pools-10-1024x721.jpg\"><img loading=\"lazy\" decoding=\"async\" width=\"1024\" height=\"721\" data-id=\"3990\" src=\"https:\/\/fluvo.de\/wp-content\/uploads\/sites\/2\/2022\/01\/schwimmbadattraktionen-fuer-private-pools-10-1024x721.jpg\" alt=\"\" class=\"wp-image-3990\" srcset=\"https:\/\/fluvo.de\/wp-content\/uploads\/sites\/2\/2022\/01\/schwimmbadattraktionen-fuer-private-pools-10-1024x721.jpg 1024w, https:\/\/fluvo.de\/wp-content\/uploads\/sites\/2\/2022\/01\/schwimmbadattraktionen-fuer-private-pools-10-300x211.jpg 300w, https:\/\/fluvo.de\/wp-content\/uploads\/sites\/2\/2022\/01\/schwimmbadattraktionen-fuer-private-pools-10-768x541.jpg 768w, https:\/\/fluvo.de\/wp-content\/uploads\/sites\/2\/2022\/01\/schwimmbadattraktionen-fuer-private-pools-10.jpg 1500w\" sizes=\"auto, (max-width: 1024px) 100vw, 1024px\" \/><\/a><\/figure>\n\n\n\n<figure class=\"wp-block-image size-large\"><a href=\"https:\/\/fluvo.de\/wp-content\/uploads\/sites\/2\/2022\/01\/schwimmbadattraktionen-fuer-private-pools-9-1024x721.jpg\"><img loading=\"lazy\" decoding=\"async\" width=\"1024\" height=\"721\" data-id=\"3993\" src=\"https:\/\/fluvo.de\/wp-content\/uploads\/sites\/2\/2022\/01\/schwimmbadattraktionen-fuer-private-pools-9-1024x721.jpg\" alt=\"\" class=\"wp-image-3993\" srcset=\"https:\/\/fluvo.de\/wp-content\/uploads\/sites\/2\/2022\/01\/schwimmbadattraktionen-fuer-private-pools-9-1024x721.jpg 1024w, https:\/\/fluvo.de\/wp-content\/uploads\/sites\/2\/2022\/01\/schwimmbadattraktionen-fuer-private-pools-9-300x211.jpg 300w, https:\/\/fluvo.de\/wp-content\/uploads\/sites\/2\/2022\/01\/schwimmbadattraktionen-fuer-private-pools-9-768x541.jpg 768w, https:\/\/fluvo.de\/wp-content\/uploads\/sites\/2\/2022\/01\/schwimmbadattraktionen-fuer-private-pools-9.jpg 1500w\" sizes=\"auto, (max-width: 1024px) 100vw, 1024px\" \/><\/a><\/figure>\n\n\n\n<figure class=\"wp-block-image size-large\"><a href=\"https:\/\/fluvo.de\/wp-content\/uploads\/sites\/2\/2022\/01\/schwimmbadattraktionen-fuer-private-pools-8-1024x721.jpg\"><img loading=\"lazy\" decoding=\"async\" width=\"1024\" height=\"721\" data-id=\"3996\" src=\"https:\/\/fluvo.de\/wp-content\/uploads\/sites\/2\/2022\/01\/schwimmbadattraktionen-fuer-private-pools-8-1024x721.jpg\" alt=\"\" class=\"wp-image-3996\" srcset=\"https:\/\/fluvo.de\/wp-content\/uploads\/sites\/2\/2022\/01\/schwimmbadattraktionen-fuer-private-pools-8-1024x721.jpg 1024w, https:\/\/fluvo.de\/wp-content\/uploads\/sites\/2\/2022\/01\/schwimmbadattraktionen-fuer-private-pools-8-300x211.jpg 300w, https:\/\/fluvo.de\/wp-content\/uploads\/sites\/2\/2022\/01\/schwimmbadattraktionen-fuer-private-pools-8-768x541.jpg 768w, https:\/\/fluvo.de\/wp-content\/uploads\/sites\/2\/2022\/01\/schwimmbadattraktionen-fuer-private-pools-8.jpg 1500w\" sizes=\"auto, (max-width: 1024px) 100vw, 1024px\" \/><\/a><\/figure>\n\n\n\n<figure class=\"wp-block-image size-large\"><a href=\"https:\/\/fluvo.de\/wp-content\/uploads\/sites\/2\/2022\/01\/schwimmbadattraktionen-fuer-private-pools-7-1024x721.jpg\"><img loading=\"lazy\" decoding=\"async\" width=\"1024\" height=\"721\" data-id=\"3999\" src=\"https:\/\/fluvo.de\/wp-content\/uploads\/sites\/2\/2022\/01\/schwimmbadattraktionen-fuer-private-pools-7-1024x721.jpg\" alt=\"\" class=\"wp-image-3999\" srcset=\"https:\/\/fluvo.de\/wp-content\/uploads\/sites\/2\/2022\/01\/schwimmbadattraktionen-fuer-private-pools-7-1024x721.jpg 1024w, https:\/\/fluvo.de\/wp-content\/uploads\/sites\/2\/2022\/01\/schwimmbadattraktionen-fuer-private-pools-7-300x211.jpg 300w, https:\/\/fluvo.de\/wp-content\/uploads\/sites\/2\/2022\/01\/schwimmbadattraktionen-fuer-private-pools-7-768x541.jpg 768w, https:\/\/fluvo.de\/wp-content\/uploads\/sites\/2\/2022\/01\/schwimmbadattraktionen-fuer-private-pools-7.jpg 1500w\" sizes=\"auto, (max-width: 1024px) 100vw, 1024px\" \/><\/a><\/figure>\n\n\n\n<figure class=\"wp-block-image size-large\"><a href=\"https:\/\/fluvo.de\/wp-content\/uploads\/sites\/2\/2022\/01\/schwimmbadattraktionen-fuer-private-pools-6-1024x721.jpg\"><img loading=\"lazy\" decoding=\"async\" width=\"1024\" height=\"721\" data-id=\"4002\" src=\"https:\/\/fluvo.de\/wp-content\/uploads\/sites\/2\/2022\/01\/schwimmbadattraktionen-fuer-private-pools-6-1024x721.jpg\" alt=\"\" class=\"wp-image-4002\" srcset=\"https:\/\/fluvo.de\/wp-content\/uploads\/sites\/2\/2022\/01\/schwimmbadattraktionen-fuer-private-pools-6-1024x721.jpg 1024w, https:\/\/fluvo.de\/wp-content\/uploads\/sites\/2\/2022\/01\/schwimmbadattraktionen-fuer-private-pools-6-300x211.jpg 300w, https:\/\/fluvo.de\/wp-content\/uploads\/sites\/2\/2022\/01\/schwimmbadattraktionen-fuer-private-pools-6-768x541.jpg 768w, https:\/\/fluvo.de\/wp-content\/uploads\/sites\/2\/2022\/01\/schwimmbadattraktionen-fuer-private-pools-6.jpg 1500w\" sizes=\"auto, (max-width: 1024px) 100vw, 1024px\" \/><\/a><\/figure>\n\n\n\n<figure class=\"wp-block-image size-large\"><a href=\"https:\/\/fluvo.de\/wp-content\/uploads\/sites\/2\/2022\/01\/schwimmbadattraktionen-fuer-private-pools-5-1024x721.jpg\"><img loading=\"lazy\" decoding=\"async\" width=\"1024\" height=\"721\" data-id=\"4005\" src=\"https:\/\/fluvo.de\/wp-content\/uploads\/sites\/2\/2022\/01\/schwimmbadattraktionen-fuer-private-pools-5-1024x721.jpg\" alt=\"\" class=\"wp-image-4005\" srcset=\"https:\/\/fluvo.de\/wp-content\/uploads\/sites\/2\/2022\/01\/schwimmbadattraktionen-fuer-private-pools-5-1024x721.jpg 1024w, https:\/\/fluvo.de\/wp-content\/uploads\/sites\/2\/2022\/01\/schwimmbadattraktionen-fuer-private-pools-5-300x211.jpg 300w, https:\/\/fluvo.de\/wp-content\/uploads\/sites\/2\/2022\/01\/schwimmbadattraktionen-fuer-private-pools-5-768x541.jpg 768w, https:\/\/fluvo.de\/wp-content\/uploads\/sites\/2\/2022\/01\/schwimmbadattraktionen-fuer-private-pools-5.jpg 1500w\" sizes=\"auto, (max-width: 1024px) 100vw, 1024px\" \/><\/a><\/figure>\n\n\n\n<figure class=\"wp-block-image size-large\"><a href=\"https:\/\/fluvo.de\/wp-content\/uploads\/sites\/2\/2022\/01\/schwimmbadattraktion-fuer-private-pools-4-1024x721.jpg\"><img loading=\"lazy\" decoding=\"async\" width=\"1024\" height=\"721\" data-id=\"4008\" src=\"https:\/\/fluvo.de\/wp-content\/uploads\/sites\/2\/2022\/01\/schwimmbadattraktion-fuer-private-pools-4-1024x721.jpg\" alt=\"\" class=\"wp-image-4008\" srcset=\"https:\/\/fluvo.de\/wp-content\/uploads\/sites\/2\/2022\/01\/schwimmbadattraktion-fuer-private-pools-4-1024x721.jpg 1024w, https:\/\/fluvo.de\/wp-content\/uploads\/sites\/2\/2022\/01\/schwimmbadattraktion-fuer-private-pools-4-300x211.jpg 300w, https:\/\/fluvo.de\/wp-content\/uploads\/sites\/2\/2022\/01\/schwimmbadattraktion-fuer-private-pools-4-768x541.jpg 768w, https:\/\/fluvo.de\/wp-content\/uploads\/sites\/2\/2022\/01\/schwimmbadattraktion-fuer-private-pools-4.jpg 1500w\" sizes=\"auto, (max-width: 1024px) 100vw, 1024px\" \/><\/a><\/figure>\n\n\n\n<figure class=\"wp-block-image size-large\"><a href=\"https:\/\/fluvo.de\/wp-content\/uploads\/sites\/2\/2022\/01\/schwimmbadattraktion-fuer-private-pools-3-1024x721.jpg\"><img loading=\"lazy\" decoding=\"async\" width=\"1024\" height=\"721\" data-id=\"4011\" src=\"https:\/\/fluvo.de\/wp-content\/uploads\/sites\/2\/2022\/01\/schwimmbadattraktion-fuer-private-pools-3-1024x721.jpg\" alt=\"\" class=\"wp-image-4011\" srcset=\"https:\/\/fluvo.de\/wp-content\/uploads\/sites\/2\/2022\/01\/schwimmbadattraktion-fuer-private-pools-3-1024x721.jpg 1024w, https:\/\/fluvo.de\/wp-content\/uploads\/sites\/2\/2022\/01\/schwimmbadattraktion-fuer-private-pools-3-300x211.jpg 300w, https:\/\/fluvo.de\/wp-content\/uploads\/sites\/2\/2022\/01\/schwimmbadattraktion-fuer-private-pools-3-768x541.jpg 768w, https:\/\/fluvo.de\/wp-content\/uploads\/sites\/2\/2022\/01\/schwimmbadattraktion-fuer-private-pools-3.jpg 1500w\" sizes=\"auto, (max-width: 1024px) 100vw, 1024px\" \/><\/a><\/figure>\n<\/figure>\n\n\n\n<div class=\"wp-block-group alignfull has-light-gray-background-color has-background\"><div class=\"wp-block-group__inner-container is-layout-flow wp-block-group-is-layout-flow\">\n<h2 class=\"has-text-align-center is-style-heading-withLine wp-block-heading\">Nous sommes l\u00e0 pour vous renseigner&nbsp;!<\/h2>\n\n\n\n<div class=\"wp-block-columns alignfull is-layout-flex wp-container-core-columns-is-layout-9d6595d7 wp-block-columns-is-layout-flex\">\n<div class=\"wp-block-column is-layout-flow wp-block-column-is-layout-flow\">\n<div class=\"wp-block-image\"><figure class=\"aligncenter size-large is-resized\"><img loading=\"lazy\" decoding=\"async\" src=\"https:\/\/fluvo.de\/wp-content\/uploads\/sites\/2\/\/2021\/11\/kontaktformular.svg\" alt=\"\" class=\"wp-image-424\" width=\"100\" height=\"75\"\/><\/figure><\/div>\n\n\n\n<h3 class=\"has-text-align-center has-extra-large-font-size wp-block-heading\"><strong>E-Mail<\/strong><\/h3>\n\n\n\n<p class=\"has-text-align-center\">N\u2019h\u00e9sitez pas \u00e0 nous envoyer un mail<\/p>\n\n\n\n<div class=\"wp-block-buttons is-horizontal is-content-justification-center is-layout-flex wp-container-core-buttons-is-layout-499968f5 wp-block-buttons-is-layout-flex\">\n<div class=\"wp-block-button is-style-outline is-style-outline--2\"><a class=\"wp-block-button__link has-primary-color has-text-color\" href=\"mailto:info@schmalenberger.de\">info@schmalenberger.de<\/a><\/div>\n<\/div>\n<\/div>\n\n\n\n<div class=\"wp-block-column is-layout-flow wp-block-column-is-layout-flow\">\n<div class=\"wp-block-image\"><figure class=\"aligncenter size-large is-resized\"><img loading=\"lazy\" decoding=\"async\" src=\"https:\/\/fluvo.de\/wp-content\/uploads\/sites\/2\/\/2021\/11\/rufen-sie-uns-an.svg\" alt=\"\" class=\"wp-image-433\" width=\"69\" height=\"75\"\/><\/figure><\/div>\n\n\n\n<h3 class=\"has-text-align-center has-extra-large-font-size wp-block-heading\"><strong><strong>N\u2019h\u00e9sitez pas \u00e0 nous appeler<\/strong><\/strong><\/h3>\n\n\n\n<p class=\"has-text-align-center\">Du lundi au vendredi de 9 h \u00e0 18 h<\/p>\n\n\n\n<div class=\"wp-block-buttons is-horizontal is-content-justification-center is-layout-flex wp-container-core-buttons-is-layout-499968f5 wp-block-buttons-is-layout-flex\">\n<div class=\"wp-block-button is-style-outline is-style-outline--3\"><a class=\"wp-block-button__link has-primary-color has-text-color\" href=\"tel:0033247804881\">T\u00e9l. : &nbsp;+33 2 47 80 48 81<\/a><\/div>\n<\/div>\n<\/div>\n\n\n\n<div class=\"wp-block-column is-layout-flow wp-block-column-is-layout-flow\">\n<div class=\"wp-block-image\"><figure class=\"aligncenter size-large is-resized\"><img loading=\"lazy\" decoding=\"async\" src=\"https:\/\/fluvo.de\/wp-content\/uploads\/sites\/2\/\/2021\/11\/ansprechpartner.svg\" alt=\"\" class=\"wp-image-418\" width=\"76\" height=\"75\"\/><\/figure><\/div>\n\n\n\n<h3 class=\"has-text-align-center has-extra-large-font-size wp-block-heading\"><strong><strong>Formulaire de contact<\/strong><\/strong><\/h3>\n\n\n\n<p class=\"has-text-align-center\">Utilisez notre formulaire de contact<\/p>\n\n\n\n<div class=\"wp-block-buttons is-horizontal is-content-justification-center is-layout-flex wp-container-core-buttons-is-layout-499968f5 wp-block-buttons-is-layout-flex\">\n<div class=\"wp-block-button is-style-outline is-style-outline--4\"><a class=\"wp-block-button__link has-primary-color has-text-color\" href=\"https:\/\/fluvo.de\/fr\/formulaire-de-contact\/\">Ouvrir le formulaire de contact<\/a><\/div>\n<\/div>\n<\/div>\n<\/div>\n<\/div><\/div>\n\n\n\n<p><\/p>\n","protected":false},"excerpt":{"rendered":"<p>Attractions pour piscines priv\u00e9es Plus d\u2019activit\u00e9s ludiques, sportives et plus de bien-\u00eatre dans son propre bassin. Les attractions pour piscines fluvo\u00ae sont devenues incontournables pour les piscines de particuliers. Avec leur design incomparable, elles constituent&hellip;<\/p>\n","protected":false},"author":5,"featured_media":0,"parent":0,"menu_order":0,"comment_status":"closed","ping_status":"closed","template":"","meta":{"_acf_changed":false,"footnotes":""},"class_list":["post-6696","page","type-page","status-publish","hentry"],"acf":[],"_links":{"self":[{"href":"https:\/\/fluvo.de\/fr\/wp-json\/wp\/v2\/pages\/6696","targetHints":{"allow":["GET"]}}],"collection":[{"href":"https:\/\/fluvo.de\/fr\/wp-json\/wp\/v2\/pages"}],"about":[{"href":"https:\/\/fluvo.de\/fr\/wp-json\/wp\/v2\/types\/page"}],"author":[{"embeddable":true,"href":"https:\/\/fluvo.de\/fr\/wp-json\/wp\/v2\/users\/5"}],"replies":[{"embeddable":true,"href":"https:\/\/fluvo.de\/fr\/wp-json\/wp\/v2\/comments?post=6696"}],"version-history":[{"count":4,"href":"https:\/\/fluvo.de\/fr\/wp-json\/wp\/v2\/pages\/6696\/revisions"}],"predecessor-version":[{"id":6701,"href":"https:\/\/fluvo.de\/fr\/wp-json\/wp\/v2\/pages\/6696\/revisions\/6701"}],"wp:attachment":[{"href":"https:\/\/fluvo.de\/fr\/wp-json\/wp\/v2\/media?parent=6696"}],"curies":[{"name":"wp","href":"https:\/\/api.w.org\/{rel}","templated":true}]}}