{"id":6656,"date":"2022-03-02T18:50:48","date_gmt":"2022-03-02T17:50:48","guid":{"rendered":"https:\/\/fluvo.wp3.visual4.com\/?page_id=6656"},"modified":"2022-03-11T12:24:18","modified_gmt":"2022-03-11T11:24:18","slug":"pspro-pumpenauswahlprogramm","status":"publish","type":"page","link":"https:\/\/fluvo.de\/fr\/pspro-pumpenauswahlprogramm\/","title":{"rendered":"Programme de s\u00e9lection de pompes"},"content":{"rendered":"\n\n<div class=\"wp-block-v4core-inner-blocks SEOHeading\">\n<h2 class=\"has-text-align-center SEOHeading-heading is-style-heading-withLine wp-block-heading\"><strong>PSpro+<\/strong><\/h2>\n\n\n\n<p class=\"has-text-align-center SEOHeading-fauxHeading\">Programme de s\u00e9lection de pompes<\/p>\n<\/div>\n\n\n\n\n<p class=\"has-text-align-center\">Nous mettons \u00e0 votre disposition un programme convivial de s\u00e9lection de pompes PSpro<sup>+<\/sup>. Il vous permettra de faire vous-m\u00eame votre s\u00e9lection. Vous introduisez vos param\u00e8tres et le programme vous\u00a0s\u00e9lectionnera la pompe adapt\u00e9e.<\/p>\n\n\n\n<figure class=\"wp-block-gallery has-nested-images columns-default is-cropped wp-block-gallery-1 is-layout-flex wp-block-gallery-is-layout-flex\">\n<figure class=\"wp-block-image size-large\"><img loading=\"lazy\" decoding=\"async\" width=\"1024\" height=\"617\" data-id=\"6633\" src=\"https:\/\/fluvo.de\/wp-content\/uploads\/sites\/2\/2022\/03\/pumpenauswahlprogramm-pspro1-1024x617.jpg\" alt=\"\" class=\"wp-image-6633\" srcset=\"https:\/\/fluvo.de\/wp-content\/uploads\/sites\/2\/2022\/03\/pumpenauswahlprogramm-pspro1-1024x617.jpg 1024w, https:\/\/fluvo.de\/wp-content\/uploads\/sites\/2\/2022\/03\/pumpenauswahlprogramm-pspro1-300x181.jpg 300w, https:\/\/fluvo.de\/wp-content\/uploads\/sites\/2\/2022\/03\/pumpenauswahlprogramm-pspro1-768x463.jpg 768w, https:\/\/fluvo.de\/wp-content\/uploads\/sites\/2\/2022\/03\/pumpenauswahlprogramm-pspro1-1536x926.jpg 1536w, https:\/\/fluvo.de\/wp-content\/uploads\/sites\/2\/2022\/03\/pumpenauswahlprogramm-pspro1-1920x1157.jpg 1920w, https:\/\/fluvo.de\/wp-content\/uploads\/sites\/2\/2022\/03\/pumpenauswahlprogramm-pspro1.jpg 1923w\" sizes=\"auto, (max-width: 1024px) 100vw, 1024px\" \/><\/figure>\n\n\n\n<figure class=\"wp-block-image size-large\"><img loading=\"lazy\" decoding=\"async\" width=\"1024\" height=\"617\" data-id=\"6630\" src=\"https:\/\/fluvo.de\/wp-content\/uploads\/sites\/2\/2022\/03\/pumpenauswahlprogramm-pspro3-1024x617.jpg\" alt=\"\" class=\"wp-image-6630\" srcset=\"https:\/\/fluvo.de\/wp-content\/uploads\/sites\/2\/2022\/03\/pumpenauswahlprogramm-pspro3-1024x617.jpg 1024w, https:\/\/fluvo.de\/wp-content\/uploads\/sites\/2\/2022\/03\/pumpenauswahlprogramm-pspro3-300x181.jpg 300w, https:\/\/fluvo.de\/wp-content\/uploads\/sites\/2\/2022\/03\/pumpenauswahlprogramm-pspro3-768x463.jpg 768w, https:\/\/fluvo.de\/wp-content\/uploads\/sites\/2\/2022\/03\/pumpenauswahlprogramm-pspro3-1536x926.jpg 1536w, https:\/\/fluvo.de\/wp-content\/uploads\/sites\/2\/2022\/03\/pumpenauswahlprogramm-pspro3-1920x1157.jpg 1920w, https:\/\/fluvo.de\/wp-content\/uploads\/sites\/2\/2022\/03\/pumpenauswahlprogramm-pspro3.jpg 1923w\" sizes=\"auto, (max-width: 1024px) 100vw, 1024px\" \/><\/figure>\n\n\n\n<figure class=\"wp-block-image size-large\"><img loading=\"lazy\" decoding=\"async\" width=\"1024\" height=\"615\" data-id=\"6636\" src=\"https:\/\/fluvo.de\/wp-content\/uploads\/sites\/2\/2022\/03\/pumpenauswahlprogramm-pspro2-1024x615.jpg\" alt=\"\" class=\"wp-image-6636\" srcset=\"https:\/\/fluvo.de\/wp-content\/uploads\/sites\/2\/2022\/03\/pumpenauswahlprogramm-pspro2-1024x615.jpg 1024w, https:\/\/fluvo.de\/wp-content\/uploads\/sites\/2\/2022\/03\/pumpenauswahlprogramm-pspro2-300x180.jpg 300w, https:\/\/fluvo.de\/wp-content\/uploads\/sites\/2\/2022\/03\/pumpenauswahlprogramm-pspro2-768x461.jpg 768w, https:\/\/fluvo.de\/wp-content\/uploads\/sites\/2\/2022\/03\/pumpenauswahlprogramm-pspro2-1536x923.jpg 1536w, https:\/\/fluvo.de\/wp-content\/uploads\/sites\/2\/2022\/03\/pumpenauswahlprogramm-pspro2-1920x1153.jpg 1920w, https:\/\/fluvo.de\/wp-content\/uploads\/sites\/2\/2022\/03\/pumpenauswahlprogramm-pspro2.jpg 1923w\" sizes=\"auto, (max-width: 1024px) 100vw, 1024px\" \/><\/figure>\n<\/figure>\n\n\n<div class=\"frm_forms  with_frm_style frm_style_formidable-style\" id=\"frm_form_3_container\" >\n<form enctype=\"multipart\/form-data\" method=\"post\" class=\"frm-show-form  frm_pro_form \" id=\"form_contact-formf46a55820d4d23812c48\" >\n<div class=\"frm_form_fields \">\n<fieldset>\n<legend class=\"frm_screen_reader\">Kontaktformular PSpro<\/legend>\r\n\r\n<div class=\"frm_fields_container\">\n<input type=\"hidden\" name=\"frm_action\" value=\"create\" \/>\n<input type=\"hidden\" name=\"form_id\" value=\"3\" \/>\n<input type=\"hidden\" name=\"frm_hide_fields_3\" id=\"frm_hide_fields_3\" value=\"\" \/>\n<input type=\"hidden\" name=\"form_key\" value=\"contact-formf46a55820d4d23812c48\" \/>\n<input type=\"hidden\" name=\"item_meta[0]\" value=\"\" \/>\n<input type=\"hidden\" id=\"frm_submit_entry_3\" name=\"frm_submit_entry_3\" value=\"2a7a8b277d\" \/><input type=\"hidden\" name=\"_wp_http_referer\" value=\"\/fr\/wp-json\/wp\/v2\/pages\/6656\" \/><div id=\"frm_field_17_container\" class=\"frm_form_field form-field  frm_required_field frm_top_container\">\r\n    <label for=\"field_t91phef6b1febab\" id=\"field_t91phef6b1febab_label\" class=\"frm_primary_label\">Soci\u00e9t\u00e9\r\n        <span class=\"frm_required\" aria-hidden=\"true\">*<\/span>\r\n    <\/label>\r\n    <input  type=\"text\" id=\"field_t91phef6b1febab\" name=\"item_meta[17]\" value=\"\"  data-reqmsg=\"Soci\u00e9t\u00e9 kann nicht leer sein.\" aria-required=\"true\" data-invmsg=\"Texte invalide \" aria-invalid=\"false\"   \/>\r\n    \r\n    \r\n<\/div>\n<div id=\"frm_field_187_container\" class=\"frm_form_field form-field  frm_required_field frm_top_container frm6 frm_first\">\r\n    <label for=\"field_i71c5\" id=\"field_i71c5_label\" class=\"frm_primary_label\">Civilit\u00e9\r\n        <span class=\"frm_required\" aria-hidden=\"true\">*<\/span>\r\n    <\/label>\r\n    \t\t<select name=\"item_meta[187]\" id=\"field_i71c5\"  data-placeholder=\"S\u00e9lectionner \"  data-frmval=\"Bitte ausw\u00e4hlen\" data-frmplaceholder=\"S\u00e9lectionner \" placeholder=\"S\u00e9lectionner \" data-reqmsg=\"Civilit\u00e9 kann nicht leer sein.\" aria-required=\"true\" data-invmsg=\"Civilit\u00e9 est non valide\" aria-invalid=\"false\"  >\n\t\t<option  class=\"frm-select-placeholder\" value=\"\" data-placeholder=\"true\">S\u00e9lectionner <\/option><option  value=\"Frau\">Madame<\/option><option  value=\"Herr\">Monsieur<\/option>\t<\/select>\n\t\r\n    \r\n    \r\n<\/div>\n<div id=\"frm_field_18_container\" class=\"frm_form_field form-field  frm_required_field frm_top_container frm6\">\r\n    <label for=\"field_qh4icy04e29a6ff\" id=\"field_qh4icy04e29a6ff_label\" class=\"frm_primary_label\">Nom\r\n        <span class=\"frm_required\" aria-hidden=\"true\">*<\/span>\r\n    <\/label>\r\n    <input  type=\"text\" id=\"field_qh4icy04e29a6ff\" name=\"item_meta[18]\" value=\"\"  data-reqmsg=\"Champ obligatoire \" aria-required=\"true\" data-invmsg=\"Name ist ung\u00fcltig\" aria-invalid=\"false\"   \/>\r\n    \r\n    \r\n<\/div>\n<div id=\"frm_field_20_container\" class=\"frm_form_field form-field  frm_top_container frm4 frm_first\">\r\n    <label for=\"field_o4eyoe930a45089\" id=\"field_o4eyoe930a45089_label\" class=\"frm_primary_label\">Rue\/N\u00b0\r\n        <span class=\"frm_required\" aria-hidden=\"true\"><\/span>\r\n    <\/label>\r\n    <input  type=\"text\" id=\"field_o4eyoe930a45089\" name=\"item_meta[20]\" value=\"\"  data-invmsg=\"Texte invalide \" aria-invalid=\"false\"   \/>\r\n    \r\n    \r\n<\/div>\n<div id=\"frm_field_21_container\" class=\"frm_form_field form-field  frm_top_container frm4\">\r\n    <label for=\"field_dxcla97ec47bff9\" id=\"field_dxcla97ec47bff9_label\" class=\"frm_primary_label\">Code Postal\/Ville\r\n        <span class=\"frm_required\" aria-hidden=\"true\"><\/span>\r\n    <\/label>\r\n    <input  type=\"text\" id=\"field_dxcla97ec47bff9\" name=\"item_meta[21]\" value=\"\"  data-invmsg=\"Texte invalide \" aria-invalid=\"false\"   \/>\r\n    \r\n    \r\n<\/div>\n<div id=\"frm_field_193_container\" class=\"frm_form_field form-field  frm_top_container frm4\">\r\n    <label for=\"field_x6lr5\" id=\"field_x6lr5_label\" class=\"frm_primary_label\">Pays\r\n        <span class=\"frm_required\" aria-hidden=\"true\"><\/span>\r\n    <\/label>\r\n    <input  type=\"text\" id=\"field_x6lr5\" name=\"item_meta[193]\" value=\"\"  data-invmsg=\"Text ist ung\u00fcltig\" aria-invalid=\"false\"   \/>\r\n    \r\n    \r\n<\/div>\n<div id=\"frm_field_22_container\" class=\"frm_form_field form-field  frm_required_field frm_top_container frm_full\">\r\n    <label for=\"field_29yf4d3038787bf7358f800992\" id=\"field_29yf4d3038787bf7358f800992_label\" class=\"frm_primary_label\">Email\r\n        <span class=\"frm_required\" aria-hidden=\"true\">*<\/span>\r\n    <\/label>\r\n    <input type=\"email\" id=\"field_29yf4d3038787bf7358f800992\" name=\"item_meta[22]\" value=\"\"  data-reqmsg=\"Champ obligatoire \" aria-required=\"true\" data-invmsg=\"Please enter a valid email address\" aria-invalid=\"false\"  \/>\r\n    \r\n    \r\n<\/div>\n<div id=\"frm_field_43_container\" class=\"frm_form_field form-field  frm_top_container vertical_radio\">\r\n    <div id=\"field_ft4ro_label\" class=\"frm_primary_label\">Programme de s\u00e9lection de pompes PSpro+\r\n        <span class=\"frm_required\" aria-hidden=\"true\"><\/span>\r\n    <\/div>\r\n    <div class=\"frm_opt_container\" role=\"group\">\t\t<div class=\"frm_checkbox\" id=\"frm_checkbox_43-0\">\t\t\t<label  for=\"field_ft4ro-0\">\n\t\t\t<input type=\"checkbox\" name=\"item_meta[43][]\" id=\"field_ft4ro-0\" value=\"Option 1\"  data-invmsg=\"Programme de s\u00e9lection de pompes PSpro+ est non valide\"   \/> Demande Pspro+<\/label><\/div>\n<\/div>\r\n    <div class=\"frm_description\" id=\"frm_desc_field_ft4ro\">Veuillez m&rsquo;envoyer un lien de t\u00e9l\u00e9chargement sur mon adresse e-mail<\/div>\r\n    \r\n<\/div>\n<div id=\"frm_field_23_container\" class=\"frm_form_field form-field  frm_top_container frm_full\">\r\n    <label for=\"field_9jv0r15ed887742e2b6dfb87df\" id=\"field_9jv0r15ed887742e2b6dfb87df_label\" class=\"frm_primary_label\">Votre message\r\n        <span class=\"frm_required\" aria-hidden=\"true\"><\/span>\r\n    <\/label>\r\n    <textarea name=\"item_meta[23]\" id=\"field_9jv0r15ed887742e2b6dfb87df\" rows=\"5\"  data-invmsg=\"Votre message est non valide\" aria-invalid=\"false\"  ><\/textarea>\r\n    \r\n    \r\n<\/div>\n<div id=\"frm_field_24_container\" class=\"frm_form_field form-field  frm_required_field frm_top_container vertical_radio\">\r\n    <div id=\"field_eld2cf0a21973c4_label\" class=\"frm_primary_label\">Consentement DSGVO\r\n        <span class=\"frm_required\" aria-hidden=\"true\">*<\/span>\r\n    <\/div>\r\n    <div class=\"frm_opt_container\" role=\"group\">\t\t<div class=\"frm_checkbox\" id=\"frm_checkbox_24-0\">\t\t\t<label  for=\"field_eld2cf0a21973c4-0\">\n\t\t\t<input type=\"checkbox\" name=\"item_meta[24][]\" id=\"field_eld2cf0a21973c4-0\" value=\"Ich willige ein, dass diese Website meine \u00fcbermittelten Informationen speichert, sodass meine Anfrage beantwortet werden kann.\"  data-reqmsg=\"Champ obligatoire \" data-invmsg=\"Consentement DSGVO est non valide\"   aria-required=\"true\"  \/> J\u2019accepte que ce site web garde en m\u00e9moire mes informations communiqu\u00e9es, afin que ma demande puisse \u00eatre trait\u00e9e.<\/label><\/div>\n<\/div>\r\n    \r\n    \r\n<\/div>\n\t<input type=\"hidden\" name=\"item_key\" value=\"\" \/>\n\t\t\t<div id=\"frm_field_196_container\">\n\t\t\t<label for=\"field_epy9b\" >\n\t\t\t\tSi vous \u00eates un humain, ne remplissez pas ce champ.\t\t\t<\/label>\n\t\t\t<input  id=\"field_epy9b\" type=\"text\" class=\"frm_form_field form-field frm_verify\" name=\"item_meta[196]\" value=\"\"  \/>\n\t\t<\/div>\n\t\t<input name=\"frm_state\" type=\"hidden\" value=\"1Hf2dXEspvE6yuiv1qrnaj\/94lzYcvAzPGbLBZW+o79g0LmDgzwDhAYqAlDa0VwC\" \/><div class=\"frm_submit\">\r\n\r\n<button class=\"frm_button_submit\" type=\"submit\">Envoyer<\/button>\r\n\r\n<\/div><\/div>\n<\/fieldset>\n<\/div>\n\n<\/form>\n<\/div>\n","protected":false},"excerpt":{"rendered":"<p>Nous mettons \u00e0 votre disposition un programme convivial de s\u00e9lection de pompes PSpro+. Il vous permettra de faire vous-m\u00eame votre s\u00e9lection. Vous introduisez vos param\u00e8tres et le programme vous\u00a0s\u00e9lectionnera la pompe adapt\u00e9e.<\/p>\n","protected":false},"author":5,"featured_media":0,"parent":0,"menu_order":0,"comment_status":"closed","ping_status":"closed","template":"","meta":{"_acf_changed":false,"footnotes":""},"class_list":["post-6656","page","type-page","status-publish","hentry"],"acf":[],"_links":{"self":[{"href":"https:\/\/fluvo.de\/fr\/wp-json\/wp\/v2\/pages\/6656","targetHints":{"allow":["GET"]}}],"collection":[{"href":"https:\/\/fluvo.de\/fr\/wp-json\/wp\/v2\/pages"}],"about":[{"href":"https:\/\/fluvo.de\/fr\/wp-json\/wp\/v2\/types\/page"}],"author":[{"embeddable":true,"href":"https:\/\/fluvo.de\/fr\/wp-json\/wp\/v2\/users\/5"}],"replies":[{"embeddable":true,"href":"https:\/\/fluvo.de\/fr\/wp-json\/wp\/v2\/comments?post=6656"}],"version-history":[{"count":5,"href":"https:\/\/fluvo.de\/fr\/wp-json\/wp\/v2\/pages\/6656\/revisions"}],"predecessor-version":[{"id":7532,"href":"https:\/\/fluvo.de\/fr\/wp-json\/wp\/v2\/pages\/6656\/revisions\/7532"}],"wp:attachment":[{"href":"https:\/\/fluvo.de\/fr\/wp-json\/wp\/v2\/media?parent=6656"}],"curies":[{"name":"wp","href":"https:\/\/api.w.org\/{rel}","templated":true}]}}