{"id":5933,"date":"2022-02-28T14:59:52","date_gmt":"2022-02-28T13:59:52","guid":{"rendered":"https:\/\/fluvo.wp3.visual4.com\/?page_id=5933"},"modified":"2024-03-20T11:18:33","modified_gmt":"2024-03-20T10:18:33","slug":"rechercher","status":"publish","type":"page","link":"https:\/\/fluvo.de\/fr\/rechercher\/","title":{"rendered":"Rechercher"},"content":{"rendered":"\n<p>Vous trouverez des documents tels que des dessins \u00e0 t\u00e9l\u00e9charger sur le portail des revendeurs. Si vous n&rsquo;avez pas encore d&rsquo;acc\u00e8s, vous pouvez vous y enregistrer.<\/p>\n\n\n\n<div class=\"wp-block-buttons is-layout-flex wp-block-buttons-is-layout-flex\">\n<div class=\"wp-block-button\"><a class=\"wp-block-button__link wp-element-button\" href=\"https:\/\/fluvo.de\/fr\/portal\/dealer-portal\/\">Vers le portail des revendeurs<\/a><\/div>\n<\/div>\n","protected":false},"excerpt":{"rendered":"<p>Vous trouverez des documents tels que des dessins \u00e0 t\u00e9l\u00e9charger sur le portail des revendeurs. Si vous n&rsquo;avez pas encore d&rsquo;acc\u00e8s, vous pouvez vous y enregistrer.<\/p>\n","protected":false},"author":1,"featured_media":0,"parent":0,"menu_order":0,"comment_status":"closed","ping_status":"closed","template":"template-search.php","meta":{"_acf_changed":false,"footnotes":""},"class_list":["post-5933","page","type-page","status-publish","hentry"],"acf":[],"_links":{"self":[{"href":"https:\/\/fluvo.de\/fr\/wp-json\/wp\/v2\/pages\/5933","targetHints":{"allow":["GET"]}}],"collection":[{"href":"https:\/\/fluvo.de\/fr\/wp-json\/wp\/v2\/pages"}],"about":[{"href":"https:\/\/fluvo.de\/fr\/wp-json\/wp\/v2\/types\/page"}],"author":[{"embeddable":true,"href":"https:\/\/fluvo.de\/fr\/wp-json\/wp\/v2\/users\/1"}],"replies":[{"embeddable":true,"href":"https:\/\/fluvo.de\/fr\/wp-json\/wp\/v2\/comments?post=5933"}],"version-history":[{"count":2,"href":"https:\/\/fluvo.de\/fr\/wp-json\/wp\/v2\/pages\/5933\/revisions"}],"predecessor-version":[{"id":9168,"href":"https:\/\/fluvo.de\/fr\/wp-json\/wp\/v2\/pages\/5933\/revisions\/9168"}],"wp:attachment":[{"href":"https:\/\/fluvo.de\/fr\/wp-json\/wp\/v2\/media?parent=5933"}],"curies":[{"name":"wp","href":"https:\/\/api.w.org\/{rel}","templated":true}]}}