{"id":4942,"date":"2022-01-05T10:35:00","date_gmt":"2022-01-05T09:35:00","guid":{"rendered":"https:\/\/fluvo.wp3.visual4.com\/?page_id=4942"},"modified":"2022-01-05T10:35:03","modified_gmt":"2022-01-05T09:35:03","slug":"wkvario","status":"publish","type":"page","link":"https:\/\/fluvo.de\/fr\/wkvario\/","title":{"rendered":"WKvario"},"content":{"rendered":"\n<h1 class=\"has-text-align-center is-style-heading-withLine wp-block-heading\">Betreiben Sie 2 Schwimmbad-Attraktionen<br>mit 1 Pumpe <\/h1>\n\n\n\n<p class=\"has-text-align-center\">WKvario est un syst\u00e8me \u00e9conomique pour les piscines compactes. Il vous permet d\u2019utiliser deux attractions en alternance avec une seule pompe . Ceci est possible gr\u00e2ce \u00e0 une vanne de commutation automatique, sans composant m\u00e9canique ni \u00e9lectronique. WKvario est compos\u00e9 d\u2019une nage \u00e0 contre-courant XANAS<sup>\u00ae<\/sup> ou rondo en association avec une douche fluvo<sup>\u00ae<\/sup> ou des buses d\u2019hydro-massage. La douche ou les buses de massage sont activ\u00e9es lorsque la nage \u00e0 contre-courant est d\u00e9sactiv\u00e9e. WKvario est une combinaison id\u00e9ale alliant la nage \u00e0 contre-courant sportive et la relaxation du massage.<\/p>\n\n\n\n<div class=\"wp-block-columns alignwide is-layout-flex wp-container-core-columns-is-layout-9d6595d7 wp-block-columns-is-layout-flex\">\n<div class=\"wp-block-column is-vertically-aligned-top is-layout-flow wp-block-column-is-layout-flow\">\n<div class=\"wp-block-image\"><figure class=\"aligncenter size-full\"><img loading=\"lazy\" decoding=\"async\" width=\"1200\" height=\"1347\" src=\"https:\/\/fluvo.de\/wp-content\/uploads\/sites\/2\/2021\/12\/wkvario-hydro-schwalldusche.jpg\" alt=\"\" class=\"wp-image-3841\" srcset=\"https:\/\/fluvo.de\/wp-content\/uploads\/sites\/2\/2021\/12\/wkvario-hydro-schwalldusche.jpg 1200w, https:\/\/fluvo.de\/wp-content\/uploads\/sites\/2\/2021\/12\/wkvario-hydro-schwalldusche-267x300.jpg 267w, https:\/\/fluvo.de\/wp-content\/uploads\/sites\/2\/2021\/12\/wkvario-hydro-schwalldusche-912x1024.jpg 912w, https:\/\/fluvo.de\/wp-content\/uploads\/sites\/2\/2021\/12\/wkvario-hydro-schwalldusche-768x862.jpg 768w, https:\/\/fluvo.de\/wp-content\/uploads\/sites\/2\/2021\/12\/wkvario-hydro-schwalldusche-1140x1280.jpg 1140w\" sizes=\"auto, (max-width: 1200px) 100vw, 1200px\" \/><\/figure><\/div>\n\n\n\n\n<div class=\"wp-block-v4core-inner-blocks SEOHeading\">\n<h2 class=\"has-text-align-left SEOHeading-heading is-style-default wp-block-heading\"><strong>VARIANTE 1<\/strong><\/h2>\n\n\n\n<p class=\"has-text-align-left SEOHeading-fauxHeading\">Nage \u00e0 contre-\u00adcourant<br>&amp; douche ou canon \u00e0 eau<\/p>\n<\/div>\n\n\n\n\n<ol class=\"is-style-default wp-block-list\"><li>Clapet anti retour<\/li><li>Vers la douche cascade<\/li><li><strong>WKvario module<\/strong><\/li><li>Vers la nage \u00e0 contre-courant<\/li><li>Aspiration<\/li><li>ON\/OFF<\/li><li>R\u00e9glage d\u2019air<\/li><li>R\u00e9glage d\u2019eau<\/li><\/ol>\n\n\n\n<p><\/p>\n<\/div>\n\n\n\n<div class=\"wp-block-column is-layout-flow wp-block-column-is-layout-flow\">\n<div class=\"wp-block-image\"><figure class=\"aligncenter size-full\"><img loading=\"lazy\" decoding=\"async\" width=\"1200\" height=\"1347\" src=\"https:\/\/fluvo.de\/wp-content\/uploads\/sites\/2\/2021\/12\/wkvario-hydro-massage.jpg\" alt=\"\" class=\"wp-image-3838\" srcset=\"https:\/\/fluvo.de\/wp-content\/uploads\/sites\/2\/2021\/12\/wkvario-hydro-massage.jpg 1200w, https:\/\/fluvo.de\/wp-content\/uploads\/sites\/2\/2021\/12\/wkvario-hydro-massage-267x300.jpg 267w, https:\/\/fluvo.de\/wp-content\/uploads\/sites\/2\/2021\/12\/wkvario-hydro-massage-912x1024.jpg 912w, https:\/\/fluvo.de\/wp-content\/uploads\/sites\/2\/2021\/12\/wkvario-hydro-massage-768x862.jpg 768w, https:\/\/fluvo.de\/wp-content\/uploads\/sites\/2\/2021\/12\/wkvario-hydro-massage-1140x1280.jpg 1140w\" sizes=\"auto, (max-width: 1200px) 100vw, 1200px\" \/><\/figure><\/div>\n\n\n\n\n<div class=\"wp-block-v4core-inner-blocks SEOHeading\">\n<h2 class=\"has-text-align-left SEOHeading-heading is-style-default wp-block-heading\"><strong>VARIANTE 2<\/strong><\/h2>\n\n\n\n<p class=\"has-text-align-left SEOHeading-fauxHeading\">Nage \u00e0 contre-\u00adcourant<br>&amp; hydromassage<\/p>\n<\/div>\n\n\n\n\n<ol class=\"is-style-default wp-block-list\"><li><span style=\"font-size: 2.1rem\">Vers les buses d\u2019hydromassage<\/span><\/li><li><strong>WKvario module<\/strong><\/li><li>Vers la nage \u00e0 contre-courant<\/li><li>Aspiration<\/li><li>ON\/OFF<\/li><li>R\u00e9glage d\u2019air<\/li><li>R\u00e9glage d\u2019eaug<\/li><\/ol>\n<\/div>\n<\/div>\n\n\n\n<div class=\"wp-block-group alignfull has-light-gray-background-color has-background\"><div class=\"wp-block-group__inner-container is-layout-flow wp-block-group-is-layout-flow\">\n<div class=\"wp-block-columns is-layout-flex wp-container-core-columns-is-layout-9d6595d7 wp-block-columns-is-layout-flex\">\n<div class=\"wp-block-column is-layout-flow wp-block-column-is-layout-flow\">\n<p class=\"has-primary-color has-text-color\"><strong>Particularit\u00e9s<\/strong><\/p>\n\n\n\n<ul class=\"is-style-colored-markers wp-block-list\"><li>Combinaison d\u00b4une nage \u00e0 contre-\u00adcourant XANAS<sup>\u00ae<\/sup> ou rondo avec une douche ou un canon \u00e0 eau\u00ad (par exemple cobra<sup>\u00ae<\/sup>) ou bien avec de 1 \u00e0 3 buses de massage<\/li><li>Pilotage via la nage \u00e0 contre-courant<\/li><\/ul>\n<\/div>\n\n\n\n<div class=\"wp-block-column is-layout-flow wp-block-column-is-layout-flow\">\n<p class=\"has-primary-color has-text-color\"><strong>Caract\u00e9ristiques techniques<\/strong><\/p>\n\n\n\n<ul class=\"is-style-colored-markers wp-block-list\"><li>D\u00e9bit : 60 m\u00b3\/h et 1000 l\/min<\/li><li>Puissance moteur : 3,0 kW<\/li><\/ul>\n<\/div>\n<\/div>\n<\/div><\/div>\n","protected":false},"excerpt":{"rendered":"<p>Betreiben Sie 2 Schwimmbad-Attraktionenmit 1 Pumpe WKvario est un syst\u00e8me \u00e9conomique pour les piscines compactes. Il vous permet d\u2019utiliser deux attractions en alternance avec une seule pompe . Ceci est possible gr\u00e2ce \u00e0 une vanne&hellip;<\/p>\n","protected":false},"author":5,"featured_media":0,"parent":0,"menu_order":0,"comment_status":"closed","ping_status":"closed","template":"","meta":{"_acf_changed":false,"footnotes":""},"class_list":["post-4942","page","type-page","status-publish","hentry"],"acf":[],"_links":{"self":[{"href":"https:\/\/fluvo.de\/fr\/wp-json\/wp\/v2\/pages\/4942","targetHints":{"allow":["GET"]}}],"collection":[{"href":"https:\/\/fluvo.de\/fr\/wp-json\/wp\/v2\/pages"}],"about":[{"href":"https:\/\/fluvo.de\/fr\/wp-json\/wp\/v2\/types\/page"}],"author":[{"embeddable":true,"href":"https:\/\/fluvo.de\/fr\/wp-json\/wp\/v2\/users\/5"}],"replies":[{"embeddable":true,"href":"https:\/\/fluvo.de\/fr\/wp-json\/wp\/v2\/comments?post=4942"}],"version-history":[{"count":1,"href":"https:\/\/fluvo.de\/fr\/wp-json\/wp\/v2\/pages\/4942\/revisions"}],"predecessor-version":[{"id":4943,"href":"https:\/\/fluvo.de\/fr\/wp-json\/wp\/v2\/pages\/4942\/revisions\/4943"}],"wp:attachment":[{"href":"https:\/\/fluvo.de\/fr\/wp-json\/wp\/v2\/media?parent=4942"}],"curies":[{"name":"wp","href":"https:\/\/api.w.org\/{rel}","templated":true}]}}