{"id":4896,"date":"2022-01-05T09:12:59","date_gmt":"2022-01-05T08:12:59","guid":{"rendered":"https:\/\/fluvo.wp3.visual4.com\/?page_id=4896"},"modified":"2025-07-29T06:27:18","modified_gmt":"2025-07-29T04:27:18","slug":"a-propos-de-nous","status":"publish","type":"page","link":"https:\/\/fluvo.de\/fr\/a-propos-de-nous\/","title":{"rendered":"\u00c0 propos de nous"},"content":{"rendered":"\n<div class=\"wp-block-columns is-layout-flex wp-container-core-columns-is-layout-9d6595d7 wp-block-columns-is-layout-flex\">\n<div class=\"wp-block-column is-layout-flow wp-block-column-is-layout-flow\" style=\"flex-basis:60%\">\n\n<div class=\"wp-block-v4core-inner-blocks SEOHeading\">\n<h2 class=\"wp-block-heading SEOHeading-heading is-style-heading-withLine\"><strong><strong>TECHNOLOGIE DE POMPAGE INNOVATRICE DEPUIS 1954<\/strong><\/strong><\/h2>\n\n\n\n<p class=\"SEOHeading-fauxHeading\">Bienvenue chez Schmalenberger \u00e0 T\u00fcbingen<\/p>\n<\/div>\n\n\n\n\n<p>Nous, l\u2019entreprise familiale \u00ab\u00a0Schmalenberger Str\u00f6mungstechnologie\u00a0\u00bb fond\u00e9e en 1954, comptons parmi les leaders en mati\u00e8re de pompes centrifuges pour l\u2019emploi dans le g\u00e9nie m\u00e9canique, le g\u00e9nie des proc\u00e9d\u00e9s et de l\u2019environnement ainsi que pour les pisciniers. Depuis 1970, nous d\u00e9veloppons et produisons sous la marque fluvo<sup>\u00ae<\/sup> des pompes et attractions pour piscines innovantes destin\u00e9es aux particuliers, aux h\u00f4tels et aux piscines municipales. Plus de 70 ans d\u2019exp\u00e9rience dans le d\u00e9veloppement et la r\u00e9alisation de pompes centrifuges pour les exigences les plus diverses ont fait de nous un partenaire appr\u00e9ci\u00e9 tant aupr\u00e8s des clients qu\u2019aupr\u00e8s des distributeurs et fournisseurs. De l\u2019id\u00e9e de d\u00e9part jusqu\u2019\u00e0 l\u2019article de s\u00e9rie, nous produisons sur notre site de T\u00fcbingen pr\u00e8s de Stuttgart le \u201eMade in Germany\u201c conforme \u00e0 notre syst\u00e8me certifi\u00e9 de gestion de la qualit\u00e9. Avec cela, nous accordons la plus grande importance \u00e0 la fiabilit\u00e9, la durabilit\u00e9 et avant tout \u00e0 un service client irr\u00e9prochable.<\/p>\n<\/div>\n\n\n\n<div class=\"wp-block-column is-layout-flow wp-block-column-is-layout-flow\">\n<div class=\"wp-block-group has-light-gray-background-color has-background\"><div class=\"wp-block-group__inner-container is-layout-flow wp-block-group-is-layout-flow\">\n<h2 class=\"wp-block-heading has-large-font-size\">Sommaire<\/h2>\n\n\n\n<ul class=\"wp-block-list has-primary-color has-text-color\">\n<li><a href=\"#historie\">Historique<\/a><\/li>\n\n\n\n<li><a href=\"#gundsaetze\">Ses principes et sa culture d\u2019entreprise<\/a><\/li>\n\n\n\n<li><a href=\"#qualitaet\">Qualit\u00e9<\/a><\/li>\n<\/ul>\n<\/div><\/div>\n<\/div>\n<\/div>\n\n\n\n<div class=\"wp-block-group alignfull has-light-gray-background-color has-background\" id=\"historie\"><div class=\"wp-block-group__inner-container is-layout-flow wp-block-group-is-layout-flow\">\n\n<div class=\"wp-block-v4core-inner-blocks SEOHeading\">\n<h2 class=\"has-text-align-center SEOHeading-heading is-style-heading-withLine wp-block-heading\" id=\"unsere-historie\"><strong><strong>NOTRE HISTORIQUE<\/strong><\/strong><\/h2>\n\n\n\n<p class=\"has-text-align-center SEOHeading-fauxHeading\">Une histoire mouvement\u00e9e<\/p>\n<\/div>\n\n\n\n\n<div class=\"wp-block-columns is-layout-flex wp-container-core-columns-is-layout-9d6595d7 wp-block-columns-is-layout-flex\">\n<div class=\"wp-block-column is-layout-flow wp-block-column-is-layout-flow\">\n<figure class=\"wp-block-image size-full is-style-rounded\"><img loading=\"lazy\" decoding=\"async\" width=\"600\" height=\"600\" src=\"https:\/\/fluvo.de\/wp-content\/uploads\/sites\/2\/2021\/12\/historie-schmalenberger-1867-1.jpg\" alt=\"\" class=\"wp-image-3073\" srcset=\"https:\/\/fluvo.de\/wp-content\/uploads\/sites\/2\/2021\/12\/historie-schmalenberger-1867-1.jpg 600w, https:\/\/fluvo.de\/wp-content\/uploads\/sites\/2\/2021\/12\/historie-schmalenberger-1867-1-300x300.jpg 300w, https:\/\/fluvo.de\/wp-content\/uploads\/sites\/2\/2021\/12\/historie-schmalenberger-1867-1-150x150.jpg 150w\" sizes=\"auto, (max-width: 600px) 100vw, 600px\" \/><figcaption><strong>1867<\/strong><\/figcaption><\/figure>\n\n\n\n<p class=\"has-text-align-center has-small-font-size\">Sous le nom des \u00abFr\u00e8res Schmalenberger\u00bb d\u00e9bute la fabrication de cigares en 1867 \u00e0 Kaiserslautern. La manufacture est d\u00e9truite en 1945 lors d\u2019un bombardement a\u00e9rien.<\/p>\n<\/div>\n\n\n\n<div class=\"wp-block-column is-layout-flow wp-block-column-is-layout-flow\">\n<figure class=\"wp-block-image size-full is-style-rounded\"><img loading=\"lazy\" decoding=\"async\" width=\"600\" height=\"600\" src=\"https:\/\/fluvo.de\/wp-content\/uploads\/sites\/2\/2021\/12\/historie-schmalenberger-1954-1.jpg\" alt=\"\" class=\"wp-image-3079\" srcset=\"https:\/\/fluvo.de\/wp-content\/uploads\/sites\/2\/2021\/12\/historie-schmalenberger-1954-1.jpg 600w, https:\/\/fluvo.de\/wp-content\/uploads\/sites\/2\/2021\/12\/historie-schmalenberger-1954-1-300x300.jpg 300w, https:\/\/fluvo.de\/wp-content\/uploads\/sites\/2\/2021\/12\/historie-schmalenberger-1954-1-150x150.jpg 150w\" sizes=\"auto, (max-width: 600px) 100vw, 600px\" \/><figcaption><strong>1954<\/strong><\/figcaption><\/figure>\n\n\n\n<p class=\"has-text-align-center has-small-font-size\">En 1954, la famille Schmalenberger met en place la production de pompes centrifuges \u00e0 T\u00fcbingen.<\/p>\n<\/div>\n\n\n\n<div class=\"wp-block-column is-layout-flow wp-block-column-is-layout-flow\">\n<figure class=\"wp-block-image size-full is-style-rounded\"><img loading=\"lazy\" decoding=\"async\" width=\"600\" height=\"600\" src=\"https:\/\/fluvo.de\/wp-content\/uploads\/sites\/2\/2021\/12\/historie-schmalenberger-1969.jpg\" alt=\"\" class=\"wp-image-3082\" srcset=\"https:\/\/fluvo.de\/wp-content\/uploads\/sites\/2\/2021\/12\/historie-schmalenberger-1969.jpg 600w, https:\/\/fluvo.de\/wp-content\/uploads\/sites\/2\/2021\/12\/historie-schmalenberger-1969-300x300.jpg 300w, https:\/\/fluvo.de\/wp-content\/uploads\/sites\/2\/2021\/12\/historie-schmalenberger-1969-150x150.jpg 150w\" sizes=\"auto, (max-width: 600px) 100vw, 600px\" \/><figcaption><strong>1969<\/strong><\/figcaption><\/figure>\n\n\n\n<p class=\"has-text-align-center has-small-font-size\">L\u2019entreprise se lance dans la technologie des piscines sous la marque fluvo<sup>\u00ae<\/sup>.<\/p>\n<\/div>\n\n\n\n<div class=\"wp-block-column is-layout-flow wp-block-column-is-layout-flow\">\n<figure class=\"wp-block-image size-full is-style-rounded\"><img loading=\"lazy\" decoding=\"async\" width=\"600\" height=\"600\" src=\"https:\/\/fluvo.de\/wp-content\/uploads\/sites\/2\/2021\/12\/historie-schmalenberger-1970.jpg\" alt=\"\" class=\"wp-image-3087\" srcset=\"https:\/\/fluvo.de\/wp-content\/uploads\/sites\/2\/2021\/12\/historie-schmalenberger-1970.jpg 600w, https:\/\/fluvo.de\/wp-content\/uploads\/sites\/2\/2021\/12\/historie-schmalenberger-1970-300x300.jpg 300w, https:\/\/fluvo.de\/wp-content\/uploads\/sites\/2\/2021\/12\/historie-schmalenberger-1970-150x150.jpg 150w\" sizes=\"auto, (max-width: 600px) 100vw, 600px\" \/><figcaption><strong>1970<\/strong><\/figcaption><\/figure>\n\n\n\n<p class=\"has-text-align-center has-small-font-size\">Premi\u00e8re nage \u00e0 contre-courant fluvo<sup>\u00ae<\/sup><\/p>\n<\/div>\n<\/div>\n\n\n\n<div class=\"wp-block-columns is-layout-flex wp-container-core-columns-is-layout-9d6595d7 wp-block-columns-is-layout-flex\">\n<div class=\"wp-block-column is-layout-flow wp-block-column-is-layout-flow\">\n<figure class=\"wp-block-image size-full is-style-rounded\"><img loading=\"lazy\" decoding=\"async\" width=\"600\" height=\"600\" src=\"https:\/\/fluvo.de\/wp-content\/uploads\/sites\/2\/2021\/12\/historie-schmalenberger-1999.jpg\" alt=\"\" class=\"wp-image-3090\" srcset=\"https:\/\/fluvo.de\/wp-content\/uploads\/sites\/2\/2021\/12\/historie-schmalenberger-1999.jpg 600w, https:\/\/fluvo.de\/wp-content\/uploads\/sites\/2\/2021\/12\/historie-schmalenberger-1999-300x300.jpg 300w, https:\/\/fluvo.de\/wp-content\/uploads\/sites\/2\/2021\/12\/historie-schmalenberger-1999-150x150.jpg 150w\" sizes=\"auto, (max-width: 600px) 100vw, 600px\" \/><figcaption><strong>1999<\/strong><\/figcaption><\/figure>\n\n\n\n<p class=\"has-text-align-center has-small-font-size\">Extension de la gamme de pompes centrifuges avec la s\u00e9rie SM<\/p>\n<\/div>\n\n\n\n<div class=\"wp-block-column is-layout-flow wp-block-column-is-layout-flow\">\n<figure class=\"wp-block-image size-full is-style-rounded\"><img loading=\"lazy\" decoding=\"async\" width=\"600\" height=\"600\" src=\"https:\/\/fluvo.de\/wp-content\/uploads\/sites\/2\/2021\/12\/historie-schmalenberger-2003.jpg\" alt=\"\" class=\"wp-image-3093\" srcset=\"https:\/\/fluvo.de\/wp-content\/uploads\/sites\/2\/2021\/12\/historie-schmalenberger-2003.jpg 600w, https:\/\/fluvo.de\/wp-content\/uploads\/sites\/2\/2021\/12\/historie-schmalenberger-2003-300x300.jpg 300w, https:\/\/fluvo.de\/wp-content\/uploads\/sites\/2\/2021\/12\/historie-schmalenberger-2003-150x150.jpg 150w\" sizes=\"auto, (max-width: 600px) 100vw, 600px\" \/><figcaption><strong>2003<\/strong><\/figcaption><\/figure>\n\n\n\n<p class=\"has-text-align-center has-small-font-size\">Introduction de la s\u00e9rie de pompes centrifuges SZ<\/p>\n<\/div>\n\n\n\n<div class=\"wp-block-column is-layout-flow wp-block-column-is-layout-flow\">\n<figure class=\"wp-block-image size-full is-style-rounded\"><img loading=\"lazy\" decoding=\"async\" width=\"600\" height=\"600\" src=\"https:\/\/fluvo.de\/wp-content\/uploads\/sites\/2\/2021\/12\/historie-schmalenberger-2007.jpg\" alt=\"\" class=\"wp-image-3097\" srcset=\"https:\/\/fluvo.de\/wp-content\/uploads\/sites\/2\/2021\/12\/historie-schmalenberger-2007.jpg 600w, https:\/\/fluvo.de\/wp-content\/uploads\/sites\/2\/2021\/12\/historie-schmalenberger-2007-300x300.jpg 300w, https:\/\/fluvo.de\/wp-content\/uploads\/sites\/2\/2021\/12\/historie-schmalenberger-2007-150x150.jpg 150w\" sizes=\"auto, (max-width: 600px) 100vw, 600px\" \/><figcaption><strong>2007<\/strong><\/figcaption><\/figure>\n\n\n\n<p class=\"has-text-align-center has-small-font-size\">Entr\u00e9e dans la technologie des projecteurs \u00e0 LED sous la marque luchs<sup>\u00ae<\/sup><\/p>\n<\/div>\n\n\n\n<div class=\"wp-block-column is-layout-flow wp-block-column-is-layout-flow\">\n<figure class=\"wp-block-image size-full is-style-rounded\"><img loading=\"lazy\" decoding=\"async\" width=\"600\" height=\"600\" src=\"https:\/\/fluvo.de\/wp-content\/uploads\/sites\/2\/2021\/12\/historie-schmalenberger-2010.jpg\" alt=\"\" class=\"wp-image-3101\" srcset=\"https:\/\/fluvo.de\/wp-content\/uploads\/sites\/2\/2021\/12\/historie-schmalenberger-2010.jpg 600w, https:\/\/fluvo.de\/wp-content\/uploads\/sites\/2\/2021\/12\/historie-schmalenberger-2010-300x300.jpg 300w, https:\/\/fluvo.de\/wp-content\/uploads\/sites\/2\/2021\/12\/historie-schmalenberger-2010-150x150.jpg 150w\" sizes=\"auto, (max-width: 600px) 100vw, 600px\" \/><figcaption><strong>2010<\/strong><\/figcaption><\/figure>\n\n\n\n<p class=\"has-text-align-center has-small-font-size\">Pompe centrifuge SZcut avec m\u00e9canisme de coupe int\u00e9gr\u00e9 &nbsp;<\/p>\n<\/div>\n<\/div>\n\n\n\n<div class=\"wp-block-columns is-layout-flex wp-container-core-columns-is-layout-9d6595d7 wp-block-columns-is-layout-flex\">\n<div class=\"wp-block-column is-layout-flow wp-block-column-is-layout-flow\">\n<figure class=\"wp-block-image size-full is-style-rounded\"><img loading=\"lazy\" decoding=\"async\" width=\"600\" height=\"600\" src=\"https:\/\/fluvo.de\/wp-content\/uploads\/sites\/2\/2021\/12\/historie-schmalenberger-2016.jpg\" alt=\"\" class=\"wp-image-3104\" srcset=\"https:\/\/fluvo.de\/wp-content\/uploads\/sites\/2\/2021\/12\/historie-schmalenberger-2016.jpg 600w, https:\/\/fluvo.de\/wp-content\/uploads\/sites\/2\/2021\/12\/historie-schmalenberger-2016-300x300.jpg 300w, https:\/\/fluvo.de\/wp-content\/uploads\/sites\/2\/2021\/12\/historie-schmalenberger-2016-150x150.jpg 150w\" sizes=\"auto, (max-width: 600px) 100vw, 600px\" \/><figcaption><strong>2016<\/strong><\/figcaption><\/figure>\n\n\n\n<p class=\"has-text-align-center has-small-font-size\">Pompe centrifuge auto-amor\u00e7ante KSP<\/p>\n<\/div>\n\n\n\n<div class=\"wp-block-column is-layout-flow wp-block-column-is-layout-flow\">\n<figure class=\"wp-block-image size-full is-style-rounded\"><img loading=\"lazy\" decoding=\"async\" width=\"600\" height=\"600\" src=\"https:\/\/fluvo.de\/wp-content\/uploads\/sites\/2\/2021\/12\/historie-schmalenberger-2017.jpg\" alt=\"\" class=\"wp-image-3107\" srcset=\"https:\/\/fluvo.de\/wp-content\/uploads\/sites\/2\/2021\/12\/historie-schmalenberger-2017.jpg 600w, https:\/\/fluvo.de\/wp-content\/uploads\/sites\/2\/2021\/12\/historie-schmalenberger-2017-300x300.jpg 300w, https:\/\/fluvo.de\/wp-content\/uploads\/sites\/2\/2021\/12\/historie-schmalenberger-2017-150x150.jpg 150w\" sizes=\"auto, (max-width: 600px) 100vw, 600px\" \/><figcaption><strong>2017<\/strong><\/figcaption><\/figure>\n\n\n\n<p class=\"has-text-align-center has-small-font-size\">Nage \u00e0 contre-courant XANAS<sup>\u00ae<\/sup><\/p>\n<\/div>\n\n\n\n<div class=\"wp-block-column is-layout-flow wp-block-column-is-layout-flow\">\n<figure class=\"wp-block-image size-full is-style-rounded\"><img loading=\"lazy\" decoding=\"async\" width=\"600\" height=\"600\" src=\"https:\/\/fluvo.de\/wp-content\/uploads\/sites\/2\/2021\/12\/historie-schmalenberger-2021.jpg\" alt=\"\" class=\"wp-image-3110\" srcset=\"https:\/\/fluvo.de\/wp-content\/uploads\/sites\/2\/2021\/12\/historie-schmalenberger-2021.jpg 600w, https:\/\/fluvo.de\/wp-content\/uploads\/sites\/2\/2021\/12\/historie-schmalenberger-2021-300x300.jpg 300w, https:\/\/fluvo.de\/wp-content\/uploads\/sites\/2\/2021\/12\/historie-schmalenberger-2021-150x150.jpg 150w\" sizes=\"auto, (max-width: 600px) 100vw, 600px\" \/><figcaption><strong>2021<\/strong><\/figcaption><\/figure>\n\n\n\n<p class=\"has-text-align-center has-small-font-size\">Application myfluvo<\/p>\n<\/div>\n\n\n\n<div class=\"wp-block-column is-layout-flow wp-block-column-is-layout-flow\"><\/div>\n<\/div>\n<\/div><\/div>\n\n\n\n<div class=\"wp-block-columns alignwide is-layout-flex wp-container-core-columns-is-layout-9d6595d7 wp-block-columns-is-layout-flex\" id=\"gundsaetze\">\n<div class=\"wp-block-column is-layout-flow wp-block-column-is-layout-flow\">\n<figure class=\"wp-block-image size-full\"><img decoding=\"async\" src=\"https:\/\/fluvo.de\/wp-content\/uploads\/sites\/2\/2021\/12\/dietmar-rogg-ceo-schmalenberger-e1638431696764.jpg\" alt=\"\" class=\"wp-image-1731\" \/><figcaption class=\"wp-element-caption\">Dietmar Rogg, G\u00e9rant<\/figcaption><\/figure>\n<\/div>\n\n\n\n<div class=\"wp-block-column is-layout-flow wp-block-column-is-layout-flow\">\n\n<div class=\"wp-block-v4core-inner-blocks SEOHeading\">\n<h2 class=\"wp-block-heading SEOHeading-heading is-style-heading-withLine\" id=\"selbstverstandnis-unternehmensgrundsatze\"><strong><strong><strong>NOTRE CONCEPTION DE NOUS-M\u00eaME ET LES PRINCIPES DE NOTRE ENTERPRISE<\/strong><\/strong><\/strong><\/h2>\n\n\n\n<p class=\"SEOHeading-fauxHeading\"><strong><strong>Pour nous en tant qu\u2019entreprise familiale de tradition&#8230;<\/strong><\/strong><\/p>\n<\/div>\n\n\n\n\n<p>&#8230; le d\u00e9veloppement et la production de pompes centrifuges innovantes est une t\u00e2che \u00e0 laquelle nous nous consacrons avec enthousiasme. Appliquer les crit\u00e8res les plus s\u00e9v\u00e8res en mati\u00e8re de qualit\u00e9 et d\u2019innovation, voil\u00e0 ce que nous consid\u00e9rons comme un devoir premier envers nos clients. La r\u00e9ussite de notre entreprise se fonde sur le respect de nos valeurs de principe, qui sont \u00e0 la base de nos d\u00e9cisions et de la mise en \u0153uvre de celles-ci&nbsp;:<\/p>\n<\/div>\n<\/div>\n\n\n\n<div class=\"wp-block-group alignfull has-light-gray-background-color has-background\"><div class=\"wp-block-group__inner-container is-layout-flow wp-block-group-is-layout-flow\">\n<div class=\"wp-block-columns alignfull is-style-default has-light-gray-background-color has-background is-layout-flex wp-container-core-columns-is-layout-9d6595d7 wp-block-columns-is-layout-flex\">\n<div class=\"wp-block-column is-layout-flow wp-block-column-is-layout-flow\">\n<div class=\"wp-block-image\"><figure class=\"aligncenter size-large is-resized\"><img loading=\"lazy\" decoding=\"async\" src=\"https:\/\/fluvo.de\/wp-content\/uploads\/sites\/2\/\/2021\/11\/kundenorientierung.svg\" alt=\"\" class=\"wp-image-427\" width=\"113\" height=\"113\" \/><\/figure><\/div>\n\n\n\n<h3 class=\"has-text-align-center has-extra-large-font-size wp-block-heading\"><strong>Orientation client\u00e8le<\/strong><\/h3>\n\n\n\n<p class=\"has-text-align-center\">La collaboration partenariale avec nos clients est au centre de nos actions. Un partenariat \u00e0 long terme, dont profitent les deux parties, joue pour nous un r\u00f4le majeur. C\u2019est \u00e0 la satisfaction et \u00e0 la r\u00e9action enthousiaste de nos clients que nous mesurons notre r\u00e9ussite.<\/p>\n<\/div>\n\n\n\n<div class=\"wp-block-column is-layout-flow wp-block-column-is-layout-flow\">\n<div class=\"wp-block-image\"><figure class=\"aligncenter size-large is-resized\"><img loading=\"lazy\" decoding=\"async\" src=\"https:\/\/fluvo.de\/wp-content\/uploads\/sites\/2\/\/2021\/11\/mitarbeiter.svg\" alt=\"\" class=\"wp-image-430\" width=\"112\" height=\"113\" \/><\/figure><\/div>\n\n\n\n<h3 class=\"has-text-align-center has-extra-large-font-size wp-block-heading\"><strong>Collaborateurs<\/strong><\/h3>\n\n\n\n<p class=\"has-text-align-center\">Notre personnel constitue les piliers de l\u2019entreprise. Notre collaboration est marqu\u00e9e par l\u2019honn\u00eatet\u00e9, le fair-play, la confiance, la compr\u00e9hension et l\u2019estime.<\/p>\n<\/div>\n\n\n\n<div class=\"wp-block-column is-layout-flow wp-block-column-is-layout-flow\">\n<div class=\"wp-block-image\"><figure class=\"aligncenter size-large is-resized\"><img loading=\"lazy\" decoding=\"async\" src=\"https:\/\/fluvo.de\/wp-content\/uploads\/sites\/2\/\/2021\/11\/innovation-technologie-und-qualitaet-1.svg\" alt=\"\" class=\"wp-image-436\" width=\"78\" height=\"113\" \/><\/figure><\/div>\n\n\n\n<h3 class=\"has-text-align-center has-extra-large-font-size wp-block-heading\"><strong>Innovation, technologie &amp; qualit\u00e9<\/strong><\/h3>\n\n\n\n<p class=\"has-text-align-center\">Les excellents r\u00e9sultats atteints dans le d\u00e9veloppement et la fabrication de nos produits, nous les devons \u00e0 notre haut niveau d\u2019expertise, d\u2019engagement, de flexibilit\u00e9 et \u00e0 notre capacit\u00e9 d\u2019innovation. Nos diff\u00e9rents brevets et les distinctions remport\u00e9es en sont la preuve.<\/p>\n<\/div>\n\n\n\n<div class=\"wp-block-column is-layout-flow wp-block-column-is-layout-flow\">\n<div class=\"wp-block-image\"><figure class=\"aligncenter size-large is-resized\"><img loading=\"lazy\" decoding=\"async\" src=\"https:\/\/fluvo.de\/wp-content\/uploads\/sites\/2\/\/2021\/11\/verantwortung-fuer-gesellschaft-und-umwelt.svg\" alt=\"\" class=\"wp-image-415\" width=\"123\" height=\"113\" \/><\/figure><\/div>\n\n\n\n<h3 class=\"has-text-align-center has-extra-large-font-size wp-block-heading\"><strong>Responsabilit\u00e9 envers la soci\u00e9t\u00e9 et l\u2019environnement<\/strong><\/h3>\n\n\n\n<p class=\"has-text-align-center\">Par souci de responsabilit\u00e9 pour notre environnement, nous veillons \u00e0 une gestion durable pour la protection des \u00e9cosyst\u00e8mes et des ressources naturelles.<\/p>\n<\/div>\n<\/div>\n<\/div><\/div>\n\n\n\n<div class=\"wp-block-media-text alignwide is-stacked-on-mobile is-vertically-aligned-top\" style=\"grid-template-columns:36% auto\" id=\"qualitaet\"><figure class=\"wp-block-media-text__media\"><a href=\"\/wp-content\/uploads\/sites\/2\/2021\/12\/ISO-9001-2015_-2022-2025_D.pdf\" target=\"_blank\" rel=\"noopener\"><img loading=\"lazy\" decoding=\"async\" width=\"1024\" height=\"949\" src=\"https:\/\/fluvo.de\/wp-content\/uploads\/sites\/2\/2021\/12\/schmalenberger-pumpen-iso-zertifizierung.jpg\" alt=\"\" class=\"wp-image-3808 size-large\" srcset=\"https:\/\/fluvo.de\/wp-content\/uploads\/sites\/2\/2021\/12\/schmalenberger-pumpen-iso-zertifizierung.jpg 1024w, https:\/\/fluvo.de\/wp-content\/uploads\/sites\/2\/2021\/12\/schmalenberger-pumpen-iso-zertifizierung-300x278.jpg 300w, https:\/\/fluvo.de\/wp-content\/uploads\/sites\/2\/2021\/12\/schmalenberger-pumpen-iso-zertifizierung-768x712.jpg 768w\" sizes=\"auto, (max-width: 1024px) 100vw, 1024px\" \/><\/a><\/figure><div class=\"wp-block-media-text__content\">\n\n<div class=\"wp-block-v4core-inner-blocks SEOHeading\">\n<h2 class=\"wp-block-heading SEOHeading-heading is-style-heading-withLine\"><strong><strong>LA QUALIT\u00c9 SCHMALENBERGER<\/strong><\/strong><\/h2>\n\n\n\n<p class=\"SEOHeading-fauxHeading\">Syst\u00e8me de gestion de la qualit\u00e9 ISO 9001 2015<\/p>\n<\/div>\n\n\n\n\n<p>La soci\u00e9t\u00e9 \u00ab&nbsp;Schmalenberger GmbH + Co. KG&nbsp;\u00bb est une entreprise innovante qui se distingue par son dynamisme, sa flexibilit\u00e9 et sa culture orient\u00e9e vers ses collaborateurs. Nous nous effor\u00e7ons de r\u00e9pondre aux exigences du march\u00e9 et aux souhaits de nos clients.<\/p>\n\n\n\n<p>Il n\u2019y a que des clients satisfaits pour assurer la r\u00e9ussite \u00e0 long terme de notre entreprise. C\u2019est pourquoi, nous mesurons nos prestations selon cette satisfaction de la client\u00e8le. Sur la base de notre syst\u00e8me de gestion de la qualit\u00e9 ISO 9001 2015, nous veillons \u00e0 ce que nos produits et prestations soient totalement conformes aux hautes exigences de nos clients en termes de qualit\u00e9 et d\u2019utilit\u00e9.<\/p>\n<\/div><\/div>\n","protected":false},"excerpt":{"rendered":"<p>Nous, l\u2019entreprise familiale \u00ab\u00a0Schmalenberger Str\u00f6mungstechnologie\u00a0\u00bb fond\u00e9e en 1954, comptons parmi les leaders en mati\u00e8re de pompes centrifuges pour l\u2019emploi dans le g\u00e9nie m\u00e9canique, le g\u00e9nie des proc\u00e9d\u00e9s et de l\u2019environnement ainsi que pour les pisciniers.&hellip;<\/p>\n","protected":false},"author":5,"featured_media":0,"parent":0,"menu_order":0,"comment_status":"closed","ping_status":"closed","template":"","meta":{"_acf_changed":false,"footnotes":""},"class_list":["post-4896","page","type-page","status-publish","hentry"],"acf":[],"_links":{"self":[{"href":"https:\/\/fluvo.de\/fr\/wp-json\/wp\/v2\/pages\/4896","targetHints":{"allow":["GET"]}}],"collection":[{"href":"https:\/\/fluvo.de\/fr\/wp-json\/wp\/v2\/pages"}],"about":[{"href":"https:\/\/fluvo.de\/fr\/wp-json\/wp\/v2\/types\/page"}],"author":[{"embeddable":true,"href":"https:\/\/fluvo.de\/fr\/wp-json\/wp\/v2\/users\/5"}],"replies":[{"embeddable":true,"href":"https:\/\/fluvo.de\/fr\/wp-json\/wp\/v2\/comments?post=4896"}],"version-history":[{"count":20,"href":"https:\/\/fluvo.de\/fr\/wp-json\/wp\/v2\/pages\/4896\/revisions"}],"predecessor-version":[{"id":9527,"href":"https:\/\/fluvo.de\/fr\/wp-json\/wp\/v2\/pages\/4896\/revisions\/9527"}],"wp:attachment":[{"href":"https:\/\/fluvo.de\/fr\/wp-json\/wp\/v2\/media?parent=4896"}],"curies":[{"name":"wp","href":"https:\/\/api.w.org\/{rel}","templated":true}]}}