{"id":4891,"date":"2022-01-05T09:08:29","date_gmt":"2022-01-05T08:08:29","guid":{"rendered":"https:\/\/fluvo.wp3.visual4.com\/?page_id=4891"},"modified":"2022-04-25T11:35:07","modified_gmt":"2022-04-25T09:35:07","slug":"l-entreprise-schmalenberger","status":"publish","type":"page","link":"https:\/\/fluvo.de\/fr\/l-entreprise-schmalenberger\/","title":{"rendered":"L&rsquo;entreprise Schmalenberger"},"content":{"rendered":"\n\n<div class=\"wp-block-v4core-inner-blocks SEOHeading\">\n<h2 class=\"has-text-align-center SEOHeading-heading is-style-heading-withLine wp-block-heading\"><strong>Schmalenberger GmbH + Co. KG<\/strong><\/h2>\n\n\n\n<p class=\"has-text-align-center SEOHeading-fauxHeading\">L&rsquo;entreprise<\/p>\n<\/div>\n\n\n\n\n<p class=\"has-text-align-center\">Depuis 1954, la soci\u00e9t\u00e9 Schmalenberger GmbH + Co. KG d\u00e9veloppe et produit des pompes centrifuges pour le secteur industriel. Depuis 1970, la soci\u00e9t\u00e9 Schmalenberger GmbH + Co. KG d\u00e9veloppe et fabrique des pompes pour piscines et des \u00e9quipements de piscine sous la marque fluvo<sup>\u00ae<\/sup>.<\/p>\n\n\n\n<div class=\"wp-block-buttons is-horizontal is-content-justification-center is-layout-flex wp-container-core-buttons-is-layout-499968f5 wp-block-buttons-is-layout-flex\">\n<div class=\"wp-block-button\"><a class=\"wp-block-button__link\" href=\"https:\/\/fluvo.de\/fr\/a-propos-de-nous\/\">En savoir plus<\/a><\/div>\n<\/div>\n\n\n<div class=\"TileOverview-container Columns-2 \">\n                <div class=\"TileOverview-image-container\">\n    <div class=\"TileOverview-image has-linear-gradient\"\n         style=\"background-image: url(https:\/\/fluvo.de\/wp-content\/uploads\/sites\/2\/2021\/12\/schmalenberger-stroemungstechnologie.jpg)\"><\/div>\n    <a class=\"TileOverview-item\" href=\"https:\/\/schmalenberger.de\/fr\/\">\n        \n        <div class=\"Tile-content\">\n            <h3 class=\"TileOverview-heading has-white-color\">Schmalenberger technologie de pompage<\/h3>                            <div class=\"wp-block-buttons\">\n                    <div class=\"wp-block-button\">\n                        <div class=\"wp-block-button__link\">\n                                                            En savoir plus\n                                                    <\/div>\n                    <\/div>\n                <\/div>\n                    <\/div>\n            <\/a>\n<\/div>                <div class=\"TileOverview-image-container\">\n    <div class=\"TileOverview-image has-linear-gradient\"\n         style=\"background-image: url(https:\/\/fluvo.de\/wp-content\/uploads\/sites\/2\/2021\/12\/fluvo-schwimmbadtechnik.jpg)\"><\/div>\n    <a class=\"TileOverview-item\" href=\"https:\/\/fluvo.de\/fr\/\">\n        \n        <div class=\"Tile-content\">\n            <h3 class=\"TileOverview-heading has-white-color\">fluvo technologie des piscines<\/h3>                            <div class=\"wp-block-buttons\">\n                    <div class=\"wp-block-button\">\n                        <div class=\"wp-block-button__link\">\n                                                            En savoir plus\n                                                    <\/div>\n                    <\/div>\n                <\/div>\n                    <\/div>\n            <\/a>\n<\/div>    <\/div>\n\n\n<div style=\"height:70px\" aria-hidden=\"true\" class=\"wp-block-spacer\"><\/div>\n\n\n\n<div class=\"wp-block-group\"><div class=\"wp-block-group__inner-container is-layout-flow wp-block-group-is-layout-flow\">\n<p class=\"has-text-align-center\"><strong>Schmalenberger GmbH + Co. KG<\/strong><br>Im Schelmen 9-11 | 72072 T\u00fcbingen | Allemagne<br>T\u00e9l. : +49(0)7071\/7008-0 | Fax : +49(0)7071\/7008-14 | info@schmalenberger.de<\/p>\n<\/div><\/div>\n\n\n\n<p class=\"has-text-align-center\"><strong>Schmalenberger Export Office France<\/strong><br>39, rue des Granges Galand | 37550 Saint Avertin Cedex | France<br>T\u00e9l. : <a href=\"tel:0033247804881\">+33(0)247804881<\/a> | Fax : +33(0)247803155  | franck.jarrier@schmalenberger.de<\/p>\n","protected":false},"excerpt":{"rendered":"<p>Depuis 1954, la soci\u00e9t\u00e9 Schmalenberger GmbH + Co. KG d\u00e9veloppe et produit des pompes centrifuges pour le secteur industriel. Depuis 1970, la soci\u00e9t\u00e9 Schmalenberger GmbH + Co. KG d\u00e9veloppe et fabrique des pompes pour piscines&hellip;<\/p>\n","protected":false},"author":5,"featured_media":0,"parent":0,"menu_order":0,"comment_status":"closed","ping_status":"closed","template":"","meta":{"_acf_changed":false,"footnotes":""},"class_list":["post-4891","page","type-page","status-publish","hentry"],"acf":[],"_links":{"self":[{"href":"https:\/\/fluvo.de\/fr\/wp-json\/wp\/v2\/pages\/4891","targetHints":{"allow":["GET"]}}],"collection":[{"href":"https:\/\/fluvo.de\/fr\/wp-json\/wp\/v2\/pages"}],"about":[{"href":"https:\/\/fluvo.de\/fr\/wp-json\/wp\/v2\/types\/page"}],"author":[{"embeddable":true,"href":"https:\/\/fluvo.de\/fr\/wp-json\/wp\/v2\/users\/5"}],"replies":[{"embeddable":true,"href":"https:\/\/fluvo.de\/fr\/wp-json\/wp\/v2\/comments?post=4891"}],"version-history":[{"count":15,"href":"https:\/\/fluvo.de\/fr\/wp-json\/wp\/v2\/pages\/4891\/revisions"}],"predecessor-version":[{"id":8376,"href":"https:\/\/fluvo.de\/fr\/wp-json\/wp\/v2\/pages\/4891\/revisions\/8376"}],"wp:attachment":[{"href":"https:\/\/fluvo.de\/fr\/wp-json\/wp\/v2\/media?parent=4891"}],"curies":[{"name":"wp","href":"https:\/\/api.w.org\/{rel}","templated":true}]}}