{"id":4886,"date":"2022-01-05T09:04:58","date_gmt":"2022-01-05T08:04:58","guid":{"rendered":"https:\/\/fluvo.wp3.visual4.com\/?page_id=4886"},"modified":"2022-03-18T09:40:30","modified_gmt":"2022-03-18T08:40:30","slug":"pompes-de-piscines","status":"publish","type":"page","link":"https:\/\/fluvo.de\/fr\/pompes-de-piscines\/","title":{"rendered":"Pompes de piscines"},"content":{"rendered":"\n<h1 class=\"has-text-align-center is-style-heading-withLine wp-block-heading\">Pompes de piscines, pompes de circulation et surpresseurs<\/h1>\n\n\n\n<div class=\"wp-block-media-text alignwide is-stacked-on-mobile is-vertically-aligned-top\"><figure class=\"wp-block-media-text__media\"><img loading=\"lazy\" decoding=\"async\" width=\"1024\" height=\"728\" src=\"https:\/\/fluvo.de\/wp-content\/uploads\/sites\/2\/2021\/12\/schwimmbadpumpen-montage-1024x728.jpg\" alt=\"\" class=\"wp-image-2373 size-full\" srcset=\"https:\/\/fluvo.de\/wp-content\/uploads\/sites\/2\/2021\/12\/schwimmbadpumpen-montage-1024x728.jpg 1024w, https:\/\/fluvo.de\/wp-content\/uploads\/sites\/2\/2021\/12\/schwimmbadpumpen-montage-300x213.jpg 300w, https:\/\/fluvo.de\/wp-content\/uploads\/sites\/2\/2021\/12\/schwimmbadpumpen-montage-768x546.jpg 768w, https:\/\/fluvo.de\/wp-content\/uploads\/sites\/2\/2021\/12\/schwimmbadpumpen-montage.jpg 1500w\" sizes=\"auto, (max-width: 1024px) 100vw, 1024px\" \/><\/figure><div class=\"wp-block-media-text__content\">\n\n<div class=\"wp-block-v4core-inner-blocks SEOHeading\">\n<h2 class=\"SEOHeading-heading is-style-heading-withLine wp-block-heading\"><strong><strong>PUISSANTES ET EFFICACES \u2013 LES POMPES DE CIRCULATION POUR PISCINES DE PETITE ET GRANDE TAILLE<\/strong><\/strong><\/h2>\n\n\n\n<p class=\"SEOHeading-fauxHeading\">Pompes de piscines fluvo<sup>\u00ae<\/sup><br>made in Germany<\/p>\n<\/div>\n\n\n\n\n<p>Comme toutes nos pompes Schmalenberger, les pompes de piscines sont con\u00e7ues et produites exclusivement en Allemagne. Selon leur dimensionnement et le domaine d\u2019application, elles sont install\u00e9es dans les piscines publiques, les centres aquatiques, les stations thermales, les piscines d\u2019h\u00f4tels et chez les particuliers.<\/p>\n\n\n\n<p>En plus de la circulation de l\u2019eau, nos pompes font fonctionner les buses de massage, les nages \u00e0 contre-courant ou les douches et canons, qui sont aussi produits \u00ab&nbsp;made in Germany&nbsp;\u00bb dans nos ateliers.<\/p>\n\n\n\n<p> <\/p>\n<\/div><\/div>\n\n\n\n<div class=\"wp-block-media-text alignwide has-media-on-the-right is-stacked-on-mobile is-vertically-aligned-top\"><figure class=\"wp-block-media-text__media\"><img loading=\"lazy\" decoding=\"async\" width=\"1024\" height=\"810\" src=\"https:\/\/fluvo.de\/wp-content\/uploads\/sites\/2\/2022\/02\/schwimmbadpumpen-installation-1024x810.jpg\" alt=\"\" class=\"wp-image-5292 size-full\" srcset=\"https:\/\/fluvo.de\/wp-content\/uploads\/sites\/2\/2022\/02\/schwimmbadpumpen-installation-1024x810.jpg 1024w, https:\/\/fluvo.de\/wp-content\/uploads\/sites\/2\/2022\/02\/schwimmbadpumpen-installation-300x237.jpg 300w, https:\/\/fluvo.de\/wp-content\/uploads\/sites\/2\/2022\/02\/schwimmbadpumpen-installation-768x607.jpg 768w, https:\/\/fluvo.de\/wp-content\/uploads\/sites\/2\/2022\/02\/schwimmbadpumpen-installation.jpg 1500w\" sizes=\"auto, (max-width: 1024px) 100vw, 1024px\" \/><\/figure><div class=\"wp-block-media-text__content\">\n<h2 class=\"is-style-heading-withLine wp-block-heading\">Les pompes de piscines fluvo<sup>\u00ae<\/sup> et les surpresseurs garantissent une baignade parfaite.<\/h2>\n\n\n\n<p>Derri\u00e8re les pompes Schmalenberger, il y a plus de 65 ans de d\u00e9veloppement et d\u2019exp\u00e9rience en mati\u00e8re de technologie de pompage. Le succ\u00e8s de nos produits est confirm\u00e9 par les meilleures r\u00e9f\u00e9rences, qui soient, en Allemagne comme \u00e0 l\u2019\u00e9tranger. Notre vaste gamme de pompes de piscines et surpresseurs garantit un usage sans failles des \u00e9quipements de piscine eau\/air tant dans les petites piscines que dans les grands centres aquatiques. A la demande du client et apr\u00e8s avoir \u00e9t\u00e9 parfaitement d\u00e9finies pour l\u2019usage pr\u00e9vu, nos pompes sont fabriqu\u00e9es aussi en version r\u00e9sistante \u00e0 l\u2019eau de mer et aux eaux salines.<\/p>\n\n\n\n<p>Chaque pompe est minutieusement test\u00e9e sur notre banc d\u2019essai et les donn\u00e9es sont enregistr\u00e9es. De hauts niveaux de rendement, des moteurs \u00e0 grande efficacit\u00e9 \u00e9nerg\u00e9tique et une qualit\u00e9 sup\u00e9rieure \u00e0 la moyenne avec de longs cycles de vie sont la garantie pour nos clients d\u2019un v\u00e9ritable retour sur investissement.<\/p>\n<\/div><\/div>\n\n\n\n<div class=\"wp-block-group alignfull has-light-gray-background-color has-background\"><div class=\"wp-block-group__inner-container is-layout-flow wp-block-group-is-layout-flow\">\n\n<div class=\"wp-block-v4core-inner-blocks SEOHeading\">\n<h2 class=\"has-text-align-center SEOHeading-heading is-style-heading-withLine wp-block-heading\"><strong>SP\u00c9CIFICATIONS TECHNIQUES<\/strong><\/h2>\n\n\n\n<p class=\"has-text-align-center SEOHeading-fauxHeading\">Pompes de piscines, pompes de circulation et surpresseurs<\/p>\n<\/div>\n\n\n\n\n<div class=\"wp-block-columns is-layout-flex wp-container-core-columns-is-layout-9d6595d7 wp-block-columns-is-layout-flex\">\n<div class=\"wp-block-column is-layout-flow wp-block-column-is-layout-flow\">\n<figure class=\"wp-block-image size-full\"><img loading=\"lazy\" decoding=\"async\" width=\"600\" height=\"600\" src=\"https:\/\/fluvo.de\/wp-content\/uploads\/sites\/2\/2021\/12\/schwimmbadpumpe-attraktionspumpe-typ-wk.jpg\" alt=\"\" class=\"wp-image-3786\" srcset=\"https:\/\/fluvo.de\/wp-content\/uploads\/sites\/2\/2021\/12\/schwimmbadpumpe-attraktionspumpe-typ-wk.jpg 600w, https:\/\/fluvo.de\/wp-content\/uploads\/sites\/2\/2021\/12\/schwimmbadpumpe-attraktionspumpe-typ-wk-300x300.jpg 300w, https:\/\/fluvo.de\/wp-content\/uploads\/sites\/2\/2021\/12\/schwimmbadpumpe-attraktionspumpe-typ-wk-150x150.jpg 150w\" sizes=\"auto, (max-width: 600px) 100vw, 600px\" \/><\/figure>\n\n\n\n<p><strong>Pompe pour animations type WK<\/strong><\/p>\n\n\n\n<ul class=\"is-style-colored-markers wp-block-list\"><li>D\u00e9bit : 1 &#8211; 93 m<sup>3<\/sup>\/h<\/li><li>Hauteur &#8211; HMT : 1 &#8211; 20 m<\/li><li>Puissance : 0,75 &#8211; 4 kW<br>(Monophas\u00e9e 1,5 &amp; 1,9 kW)<\/li><li>Avec manchettes ou raccords filet\u00e9s <\/li><li>Optional avec un variateur de fr\u00e9quence<\/li><\/ul>\n<\/div>\n\n\n\n<div class=\"wp-block-column is-layout-flow wp-block-column-is-layout-flow\">\n<figure class=\"wp-block-image size-full\"><img loading=\"lazy\" decoding=\"async\" width=\"600\" height=\"600\" src=\"https:\/\/fluvo.de\/wp-content\/uploads\/sites\/2\/2021\/12\/schwimmbadpumpe-attraktionspumpe-typ-smk.jpg\" alt=\"\" class=\"wp-image-3783\" srcset=\"https:\/\/fluvo.de\/wp-content\/uploads\/sites\/2\/2021\/12\/schwimmbadpumpe-attraktionspumpe-typ-smk.jpg 600w, https:\/\/fluvo.de\/wp-content\/uploads\/sites\/2\/2021\/12\/schwimmbadpumpe-attraktionspumpe-typ-smk-300x300.jpg 300w, https:\/\/fluvo.de\/wp-content\/uploads\/sites\/2\/2021\/12\/schwimmbadpumpe-attraktionspumpe-typ-smk-150x150.jpg 150w\" sizes=\"auto, (max-width: 600px) 100vw, 600px\" \/><\/figure>\n\n\n\n<p><strong><strong>Pompe pour animations type<\/strong> SMK<\/strong><\/p>\n\n\n\n<ul class=\"is-style-colored-markers wp-block-list\"><li>Auto-amorcante<\/li><li>D\u00e9bit : 1 &#8211; 60 m<sup>3<\/sup>\/h<\/li><li>Hauteur &#8211; HMT : 1 &#8211; 17 m<\/li><li>Puissance : 0,75 &#8211; 4 kW<br>(Monophas\u00e9e 1,5 &amp; 1,9 kW)<\/li><li>Avec raccords filet\u00e9s<\/li><\/ul>\n<\/div>\n\n\n\n<div class=\"wp-block-column is-layout-flow wp-block-column-is-layout-flow\">\n<figure class=\"wp-block-image size-full\"><img loading=\"lazy\" decoding=\"async\" width=\"600\" height=\"600\" src=\"https:\/\/fluvo.de\/wp-content\/uploads\/sites\/2\/2021\/12\/schwimmbadpumpe-umwaelzpumpe-typ-nb.jpg\" alt=\"\" class=\"wp-image-3780\" srcset=\"https:\/\/fluvo.de\/wp-content\/uploads\/sites\/2\/2021\/12\/schwimmbadpumpe-umwaelzpumpe-typ-nb.jpg 600w, https:\/\/fluvo.de\/wp-content\/uploads\/sites\/2\/2021\/12\/schwimmbadpumpe-umwaelzpumpe-typ-nb-300x300.jpg 300w, https:\/\/fluvo.de\/wp-content\/uploads\/sites\/2\/2021\/12\/schwimmbadpumpe-umwaelzpumpe-typ-nb-150x150.jpg 150w\" sizes=\"auto, (max-width: 600px) 100vw, 600px\" \/><\/figure>\n\n\n\n<p><strong>Pompe de circulation type NB<\/strong><\/p>\n\n\n\n<ul class=\"is-style-colored-markers wp-block-list\"><li>D\u00e9bit : 1 &#8211; 600 m<sup>3<\/sup>\/h<\/li><li>Hauteur &#8211; HMT : 1 &#8211; 100 m<\/li><\/ul>\n<\/div>\n<\/div>\n\n\n\n<div class=\"wp-block-columns is-layout-flex wp-container-core-columns-is-layout-9d6595d7 wp-block-columns-is-layout-flex\">\n<div class=\"wp-block-column is-layout-flow wp-block-column-is-layout-flow\">\n<figure class=\"wp-block-image size-full\"><img loading=\"lazy\" decoding=\"async\" width=\"600\" height=\"600\" src=\"https:\/\/fluvo.de\/wp-content\/uploads\/sites\/2\/2021\/12\/schwimmbadpumpe-umwaelzpumpe-typ-f.jpg\" alt=\"\" class=\"wp-image-3777\" srcset=\"https:\/\/fluvo.de\/wp-content\/uploads\/sites\/2\/2021\/12\/schwimmbadpumpe-umwaelzpumpe-typ-f.jpg 600w, https:\/\/fluvo.de\/wp-content\/uploads\/sites\/2\/2021\/12\/schwimmbadpumpe-umwaelzpumpe-typ-f-300x300.jpg 300w, https:\/\/fluvo.de\/wp-content\/uploads\/sites\/2\/2021\/12\/schwimmbadpumpe-umwaelzpumpe-typ-f-150x150.jpg 150w\" sizes=\"auto, (max-width: 600px) 100vw, 600px\" \/><\/figure>\n\n\n\n<p><strong><strong>Pompe de circulation type <\/strong>F<\/strong><\/p>\n\n\n\n<ul class=\"is-style-colored-markers wp-block-list\"><li>D\u00e9bit : 1 &#8211; 400 m<sup>3<\/sup>\/h<\/li><li>Hauteur &#8211; HMT : 1 &#8211; 100 m<\/li><li>Pr\u00e9filtre inclus<\/li><\/ul>\n<\/div>\n\n\n\n<div class=\"wp-block-column is-layout-flow wp-block-column-is-layout-flow\">\n<figure class=\"wp-block-image size-full\"><img loading=\"lazy\" decoding=\"async\" width=\"600\" height=\"600\" src=\"https:\/\/fluvo.de\/wp-content\/uploads\/sites\/2\/2021\/12\/schwimmbadpumpe-umwaelzpumpe-typ-optimo-f.jpg\" alt=\"\" class=\"wp-image-3774\" srcset=\"https:\/\/fluvo.de\/wp-content\/uploads\/sites\/2\/2021\/12\/schwimmbadpumpe-umwaelzpumpe-typ-optimo-f.jpg 600w, https:\/\/fluvo.de\/wp-content\/uploads\/sites\/2\/2021\/12\/schwimmbadpumpe-umwaelzpumpe-typ-optimo-f-300x300.jpg 300w, https:\/\/fluvo.de\/wp-content\/uploads\/sites\/2\/2021\/12\/schwimmbadpumpe-umwaelzpumpe-typ-optimo-f-150x150.jpg 150w\" sizes=\"auto, (max-width: 600px) 100vw, 600px\" \/><\/figure>\n\n\n\n<p><strong><strong>Pompe de circulation type <\/strong>optimo-F<\/strong><\/p>\n\n\n\n<ul class=\"is-style-colored-markers wp-block-list\"><li>D\u00e9bit : 1 &#8211; 400 m<sup>3<\/sup>\/h<\/li><li>Hauteur &#8211; HMT : 1 &#8211; 100 m<\/li><li>Pr\u00e9filtre inclus<\/li><\/ul>\n<\/div>\n\n\n\n<div class=\"wp-block-column is-layout-flow wp-block-column-is-layout-flow\">\n<figure class=\"wp-block-image size-full\"><img loading=\"lazy\" decoding=\"async\" width=\"600\" height=\"600\" src=\"https:\/\/fluvo.de\/wp-content\/uploads\/sites\/2\/2021\/12\/verdichter-schwimmbad.jpg\" alt=\"\" class=\"wp-image-3771\" srcset=\"https:\/\/fluvo.de\/wp-content\/uploads\/sites\/2\/2021\/12\/verdichter-schwimmbad.jpg 600w, https:\/\/fluvo.de\/wp-content\/uploads\/sites\/2\/2021\/12\/verdichter-schwimmbad-300x300.jpg 300w, https:\/\/fluvo.de\/wp-content\/uploads\/sites\/2\/2021\/12\/verdichter-schwimmbad-150x150.jpg 150w\" sizes=\"auto, (max-width: 600px) 100vw, 600px\" \/><\/figure>\n\n\n\n<p><strong>Surpresseurs<\/strong><\/p>\n\n\n\n<ul class=\"is-style-colored-markers wp-block-list\"><li>D\u00e9bit : 45 &#8211; 600 m<sup>3<\/sup>\/h D\u00e9bit d\u2018air<\/li><li>Pression : 150 mbar<\/li><li>Divers accessoires livrables<\/li><li>Autres finitions sur demande<\/li><\/ul>\n<\/div>\n<\/div>\n<\/div><\/div>\n\n\n\n<div class=\"wp-block-group alignfull\"><div class=\"wp-block-group__inner-container is-layout-flow wp-block-group-is-layout-flow\">\n<h2 class=\"has-text-align-center is-style-heading-withLine wp-block-heading\" id=\"downloads\">T\u00e9l\u00e9chargements<\/h2>\n\n\n\n<div class=\"wp-block-v4core-accordion Accordion v4-accordion\">\n<div class=\"wp-block-v4core-accordion-item Accordion-item v4-accordion-item\">\n<h3 class=\"Accordion-item-title v4-accordion-title wp-block-heading\" id=\"downloads-anleitungen\">T\u00e9l\u00e9chargements notices<div class=\"Accordion-item-icon\"><\/div><\/h3>\n\n\n\n<div class=\"wp-block-v4core-accordion-item-content Accordion-item-content v4-accordion-content\">\n<ul class=\"is-style-triangle-markers wp-block-list\"><li><a href=\"https:\/\/fluvo.de\/wp-content\/uploads\/sites\/2\/2022\/03\/27220-FR.pdf\" target=\"_blank\" rel=\"noreferrer noopener\">Pompes type WK &amp; SMK<\/a><\/li><li><a href=\"https:\/\/fluvo.de\/wp-content\/uploads\/sites\/2\/2022\/03\/27216-FR.pdf\" target=\"_blank\" rel=\"noreferrer noopener\">Pompes type NB<\/a><\/li><li><a href=\"https:\/\/fluvo.de\/wp-content\/uploads\/sites\/2\/2022\/03\/27217-FR.pdf\" target=\"_blank\" rel=\"noreferrer noopener\">Entra\u00eenements des pompes<\/a><\/li><\/ul>\n\n\n\n<p><\/p>\n<\/div>\n<\/div>\n<\/div>\n<\/div><\/div>\n\n\n\n\n<div class=\"wp-block-v4core-inner-blocks SEOHeading\">\n<h2 class=\"has-text-align-center SEOHeading-heading is-style-heading-withLine wp-block-heading\"><strong>\u00c9GALEMENT INT\u00c9RESSANTS ?<\/strong><\/h2>\n\n\n\n<p class=\"has-text-align-center SEOHeading-fauxHeading\">XANAS<sup>\u00ae<\/sup> compact, WKvario &amp; PSpro<sup>+<\/sup><\/p>\n<\/div>\n\n\n\n<div class=\"TileOverview-container Columns-3 is-style-teaser\">\n                <div class=\"TileOverview-item--teaser\">\n            <a href=\"https:\/\/fluvo.de\/fr\/nage-a-contre-courantxanas-compact\/\" aria-label=\"Link \u00fcber Kachelbild\">\n            <div class=\"TileOverview-image-container\">\n                <div class=\"TileOverview-image\"\n                     style=\"background-image: url(https:\/\/fluvo.de\/wp-content\/uploads\/sites\/2\/2021\/12\/xanas-compact-fluvo.jpg);\"><\/div>\n            <\/div>\n        <\/a>\n    \n            <div class=\"TileOverview-content\">\n            <h5 class=\"TileOverview-heading TileOverview-heading--teaser\">XANAS\u00ae compact<\/h5>\n            <p class=\"TileOverview-teaser\">La nage \u00e0 contre-courant XANAS\u00ae compact permet l\u2019installation directement sur la paroi de la piscine.<\/p>\n        <\/div>\n    \n    <\/div>\n\n\n                <div class=\"TileOverview-item--teaser\">\n            <a href=\"https:\/\/fluvo.de\/fr\/wkvario\/\" aria-label=\"Link \u00fcber Kachelbild\">\n            <div class=\"TileOverview-image-container\">\n                <div class=\"TileOverview-image\"\n                     style=\"background-image: url(https:\/\/fluvo.de\/wp-content\/uploads\/sites\/2\/2021\/12\/wk-vario-fluvo.jpg);\"><\/div>\n            <\/div>\n        <\/a>\n    \n            <div class=\"TileOverview-content\">\n            <h5 class=\"TileOverview-heading TileOverview-heading--teaser\">WKvario<\/h5>\n            <p class=\"TileOverview-teaser\">Fa\u00eetes fonctionner 2 \u00e9quipements de piscine en alternance avec 1 seule pompe.<\/p>\n        <\/div>\n    \n    <\/div>\n\n\n                <div class=\"TileOverview-item--teaser\">\n            <a href=\"https:\/\/fluvo.de\/fr\/pspro-pumpenauswahlprogramm\/\" aria-label=\"Link \u00fcber Kachelbild\">\n            <div class=\"TileOverview-image-container\">\n                <div class=\"TileOverview-image\"\n                     style=\"background-image: url(https:\/\/fluvo.de\/wp-content\/uploads\/sites\/2\/2021\/12\/PSpro_Homescreen.jpg);\"><\/div>\n            <\/div>\n        <\/a>\n    \n            <div class=\"TileOverview-content\">\n            <h5 class=\"TileOverview-heading TileOverview-heading--teaser\">PSpro+<\/h5>\n            <p class=\"TileOverview-teaser\">Le programme professionnel de s\u00e9lection des pompes, pour bureaux d\u2019\u00e9tude et architectes. <\/p>\n        <\/div>\n    \n    <\/div>\n\n\n    <\/div>\n\n\n<div style=\"height:100px\" aria-hidden=\"true\" class=\"wp-block-spacer\"><\/div>\n\n\n\n\n<div class=\"wp-block-v4core-inner-blocks SEOHeading\">\n<h2 class=\"has-text-align-center SEOHeading-heading is-style-heading-withLine wp-block-heading\" id=\"wir-freuen-uns-auf-ihre-anfrage\"><strong>NOUS NOUS R\u00c9JOUISSONS DE RECEVOIR VOTRE DEMANDE<\/strong><\/h2>\n\n\n\n<p class=\"has-text-align-center SEOHeading-fauxHeading\">Contactez-nous d\u00e8s maintenant&nbsp;!<\/p>\n<\/div>\n\n\n\n\n<div class=\"wp-block-columns is-layout-flex wp-container-core-columns-is-layout-9d6595d7 wp-block-columns-is-layout-flex\">\n<div class=\"wp-block-column is-layout-flow wp-block-column-is-layout-flow\">\n<div class=\"wp-block-image is-style-rounded\"><figure class=\"aligncenter size-full is-resized\"><img loading=\"lazy\" decoding=\"async\" src=\"https:\/\/fluvo.de\/wp-content\/uploads\/sites\/2\/2022\/03\/franck-jarrier.jpg\" alt=\"\" class=\"wp-image-6964\" width=\"275\" height=\"275\" srcset=\"https:\/\/fluvo.de\/wp-content\/uploads\/sites\/2\/2022\/03\/franck-jarrier.jpg 800w, https:\/\/fluvo.de\/wp-content\/uploads\/sites\/2\/2022\/03\/franck-jarrier-300x300.jpg 300w, https:\/\/fluvo.de\/wp-content\/uploads\/sites\/2\/2022\/03\/franck-jarrier-150x150.jpg 150w, https:\/\/fluvo.de\/wp-content\/uploads\/sites\/2\/2022\/03\/franck-jarrier-768x768.jpg 768w\" sizes=\"auto, (max-width: 275px) 100vw, 275px\" \/><\/figure><\/div>\n\n\n\n<p class=\"has-text-align-center\"><strong>Franck JARRIER<br><\/strong><em>Responsable France<br><\/em>T\u00e9l. : +33 (0)6 73 17 34 72<br><a href=\"mailto:franck.jarrier@schmalenberger.de\">franck.jarrier@schmalenberger.de<\/a><\/p>\n<\/div>\n\n\n\n<div class=\"wp-block-column is-layout-flow wp-block-column-is-layout-flow\">\n<div class=\"wp-block-image is-style-rounded\"><figure class=\"aligncenter size-full is-resized\"><img loading=\"lazy\" decoding=\"async\" src=\"https:\/\/fluvo.de\/wp-content\/uploads\/sites\/2\/2022\/03\/sabine-bunel.jpg\" alt=\"\" class=\"wp-image-6967\" width=\"275\" height=\"275\" srcset=\"https:\/\/fluvo.de\/wp-content\/uploads\/sites\/2\/2022\/03\/sabine-bunel.jpg 800w, https:\/\/fluvo.de\/wp-content\/uploads\/sites\/2\/2022\/03\/sabine-bunel-300x300.jpg 300w, https:\/\/fluvo.de\/wp-content\/uploads\/sites\/2\/2022\/03\/sabine-bunel-150x150.jpg 150w, https:\/\/fluvo.de\/wp-content\/uploads\/sites\/2\/2022\/03\/sabine-bunel-768x768.jpg 768w\" sizes=\"auto, (max-width: 275px) 100vw, 275px\" \/><\/figure><\/div>\n\n\n\n<p class=\"has-text-align-center\"><strong>Sabine BUNEL<br><\/strong><em>Assistante technico-commerciale<br><\/em>T\u00e9l. : +33 (0)2 47 80 48 81<br><a href=\"mailto:sabine.bunel@schmalenberger.de\">sabine.bunel@schmalenberger.de<\/a><\/p>\n<\/div>\n\n\n\n<div class=\"wp-block-column is-layout-flow wp-block-column-is-layout-flow\">\n<div class=\"wp-block-image is-style-rounded\"><figure class=\"aligncenter size-full is-resized\"><img loading=\"lazy\" decoding=\"async\" src=\"https:\/\/fluvo.de\/wp-content\/uploads\/sites\/2\/2022\/03\/samuel-hedel.jpg\" alt=\"\" class=\"wp-image-6970\" width=\"275\" height=\"275\" srcset=\"https:\/\/fluvo.de\/wp-content\/uploads\/sites\/2\/2022\/03\/samuel-hedel.jpg 800w, https:\/\/fluvo.de\/wp-content\/uploads\/sites\/2\/2022\/03\/samuel-hedel-300x300.jpg 300w, https:\/\/fluvo.de\/wp-content\/uploads\/sites\/2\/2022\/03\/samuel-hedel-150x150.jpg 150w, https:\/\/fluvo.de\/wp-content\/uploads\/sites\/2\/2022\/03\/samuel-hedel-768x768.jpg 768w\" sizes=\"auto, (max-width: 275px) 100vw, 275px\" \/><\/figure><\/div>\n\n\n\n<p class=\"has-text-align-center\"><strong>Samuel HEDEL<br><\/strong><em>Technico-commercial France Sud<br><\/em>T\u00e9l. : +33 (0)6 79 80 87 78<br><a href=\"mailto:samuel.hedel@schmalenberger.de\">samuel.hedel@schmalenberger.de<\/a><\/p>\n<\/div>\n<\/div>\n","protected":false},"excerpt":{"rendered":"<p>Pompes de piscines, pompes de circulation et surpresseurs Les pompes de piscines fluvo\u00ae et les surpresseurs garantissent une baignade parfaite. Derri\u00e8re les pompes Schmalenberger, il y a plus de 65 ans de d\u00e9veloppement et d\u2019exp\u00e9rience&hellip;<\/p>\n","protected":false},"author":5,"featured_media":0,"parent":0,"menu_order":0,"comment_status":"closed","ping_status":"closed","template":"","meta":{"_acf_changed":false,"footnotes":""},"class_list":["post-4886","page","type-page","status-publish","hentry"],"acf":[],"_links":{"self":[{"href":"https:\/\/fluvo.de\/fr\/wp-json\/wp\/v2\/pages\/4886","targetHints":{"allow":["GET"]}}],"collection":[{"href":"https:\/\/fluvo.de\/fr\/wp-json\/wp\/v2\/pages"}],"about":[{"href":"https:\/\/fluvo.de\/fr\/wp-json\/wp\/v2\/types\/page"}],"author":[{"embeddable":true,"href":"https:\/\/fluvo.de\/fr\/wp-json\/wp\/v2\/users\/5"}],"replies":[{"embeddable":true,"href":"https:\/\/fluvo.de\/fr\/wp-json\/wp\/v2\/comments?post=4886"}],"version-history":[{"count":30,"href":"https:\/\/fluvo.de\/fr\/wp-json\/wp\/v2\/pages\/4886\/revisions"}],"predecessor-version":[{"id":7604,"href":"https:\/\/fluvo.de\/fr\/wp-json\/wp\/v2\/pages\/4886\/revisions\/7604"}],"wp:attachment":[{"href":"https:\/\/fluvo.de\/fr\/wp-json\/wp\/v2\/media?parent=4886"}],"curies":[{"name":"wp","href":"https:\/\/api.w.org\/{rel}","templated":true}]}}