{"id":4872,"date":"2022-01-05T08:42:16","date_gmt":"2022-01-05T07:42:16","guid":{"rendered":"https:\/\/fluvo.wp3.visual4.com\/?page_id=4872"},"modified":"2022-03-03T13:01:37","modified_gmt":"2022-03-03T12:01:37","slug":"riviere-magique","status":"publish","type":"page","link":"https:\/\/fluvo.de\/fr\/riviere-magique\/","title":{"rendered":"Rivi\u00e8re magique"},"content":{"rendered":"\n<h1 class=\"has-text-align-center is-style-heading-withLine wp-block-heading\">Rivi\u00e8res \u00e0 contre-courant et rapides fluvo<sup>\u00ae<\/sup><br>pour piscines publiques et h\u00f4tels<\/h1>\n\n\n\n<div class=\"wp-block-media-text alignwide has-media-on-the-right is-stacked-on-mobile is-vertically-aligned-top\"><figure class=\"wp-block-media-text__media\"><img loading=\"lazy\" decoding=\"async\" width=\"1024\" height=\"721\" src=\"https:\/\/fluvo.de\/wp-content\/uploads\/sites\/2\/2022\/01\/schwimmbadattraktionen-fuer-oeffentliche-baeder-6-1024x721.jpg\" alt=\"\" class=\"wp-image-3956 size-full\" srcset=\"https:\/\/fluvo.de\/wp-content\/uploads\/sites\/2\/2022\/01\/schwimmbadattraktionen-fuer-oeffentliche-baeder-6-1024x721.jpg 1024w, https:\/\/fluvo.de\/wp-content\/uploads\/sites\/2\/2022\/01\/schwimmbadattraktionen-fuer-oeffentliche-baeder-6-300x211.jpg 300w, https:\/\/fluvo.de\/wp-content\/uploads\/sites\/2\/2022\/01\/schwimmbadattraktionen-fuer-oeffentliche-baeder-6-768x541.jpg 768w, https:\/\/fluvo.de\/wp-content\/uploads\/sites\/2\/2022\/01\/schwimmbadattraktionen-fuer-oeffentliche-baeder-6.jpg 1500w\" sizes=\"auto, (max-width: 1024px) 100vw, 1024px\" \/><\/figure><div class=\"wp-block-media-text__content\">\n\n<div class=\"wp-block-v4core-inner-blocks SEOHeading\">\n<h2 class=\"SEOHeading-heading is-style-heading-withLine wp-block-heading\"><strong><strong>INCONTOURNABLES POUR LES PISCINES MODERNES<\/strong><\/strong><\/h2>\n\n\n\n<p class=\"SEOHeading-fauxHeading\">Les rivi\u00e8res<\/p>\n<\/div>\n\n\n\n\n<p>L\u2019incontournable des espaces aquatiques modernes les rivi\u00e8res sont inspir\u00e9es de la nature et produisent un courant constant, dans lequel le baigneur se laisse porter. Les buses de rivi\u00e8re peuvent \u00eatre au choix avec ou sans addition d\u2019air. Le choix exact des buses et leurs positionnements d\u00e9finissent la vitesse du courant, un vrai d\u00e9fi pour les sp\u00e9cialistes fluvo<sup>\u00ae<\/sup>. Avec les pompes fluvo<sup>\u00ae<\/sup> s\u00e9lectionn\u00e9es parfaitement, vous obtenez l\u2019effet du courant souhait\u00e9.<\/p>\n<\/div><\/div>\n\n\n\n<div class=\"wp-block-media-text alignwide is-stacked-on-mobile is-vertically-aligned-top\"><figure class=\"wp-block-media-text__media\"><img loading=\"lazy\" decoding=\"async\" width=\"1000\" height=\"706\" src=\"https:\/\/fluvo.de\/wp-content\/uploads\/sites\/2\/2022\/01\/stroemungskanal-hotelanlage.jpg\" alt=\"\" class=\"wp-image-4170 size-full\" srcset=\"https:\/\/fluvo.de\/wp-content\/uploads\/sites\/2\/2022\/01\/stroemungskanal-hotelanlage.jpg 1000w, https:\/\/fluvo.de\/wp-content\/uploads\/sites\/2\/2022\/01\/stroemungskanal-hotelanlage-300x212.jpg 300w, https:\/\/fluvo.de\/wp-content\/uploads\/sites\/2\/2022\/01\/stroemungskanal-hotelanlage-768x542.jpg 768w\" sizes=\"auto, (max-width: 1000px) 100vw, 1000px\" \/><\/figure><div class=\"wp-block-media-text__content\">\n<p class=\"has-primary-color has-text-color\"><strong>POINTS FORTS:<\/strong><\/p>\n\n\n\n<ul class=\"is-style-colored-markers wp-block-list\"><li>Conseil et assistance dans le choix des buses et leurs positionnements<\/li><li>Con\u00e7ues et \u00e9tudi\u00e9es pour \u00eatre raccord\u00e9es avec les aspirations et les pompes fluvo<sup>\u00ae<\/sup><\/li><li>Diff\u00e9rents d\u00e9bits et designs au choix<\/li><li>Angle de buse adaptable \u00e0 la configuration du bassin<\/li><li>Implantation dans tous types de bassins<\/li><li>S\u00e9curit\u00e9 et conformit\u00e9 aux normes techniques internationales<\/li><\/ul>\n<\/div><\/div>\n\n\n\n<div class=\"wp-block-cover alignfull is-light is-style-hover-scale\" style=\"min-height:60vh;aspect-ratio:unset;\"><span aria-hidden=\"true\" class=\"wp-block-cover__gradient-background has-background-dim\"><\/span><img loading=\"lazy\" decoding=\"async\" width=\"2000\" height=\"944\" class=\"wp-block-cover__image-background wp-image-4163\" alt=\"\" src=\"https:\/\/fluvo.de\/wp-content\/uploads\/sites\/2\/2022\/01\/Wildwasserkanal.jpg\" style=\"object-position:62% 75%\" data-object-fit=\"cover\" data-object-position=\"62% 75%\" srcset=\"https:\/\/fluvo.de\/wp-content\/uploads\/sites\/2\/2022\/01\/Wildwasserkanal.jpg 2000w, https:\/\/fluvo.de\/wp-content\/uploads\/sites\/2\/2022\/01\/Wildwasserkanal-300x142.jpg 300w, https:\/\/fluvo.de\/wp-content\/uploads\/sites\/2\/2022\/01\/Wildwasserkanal-1024x483.jpg 1024w, https:\/\/fluvo.de\/wp-content\/uploads\/sites\/2\/2022\/01\/Wildwasserkanal-768x362.jpg 768w, https:\/\/fluvo.de\/wp-content\/uploads\/sites\/2\/2022\/01\/Wildwasserkanal-1536x725.jpg 1536w, https:\/\/fluvo.de\/wp-content\/uploads\/sites\/2\/2022\/01\/Wildwasserkanal-1920x906.jpg 1920w\" sizes=\"auto, (max-width: 2000px) 100vw, 2000px\" \/><div class=\"wp-block-cover__inner-container is-layout-flow wp-block-cover-is-layout-flow\">\n<h2 class=\"has-text-align-left has-white-color has-text-color wp-block-heading\" id=\"myfluvo-smarter-badespass\">Rivi\u00e8res \u00e0 contre-courant et rapides fluvo<sup>\u00ae<\/sup><br>pour piscines publiques et h\u00f4tels<\/h2>\n\n\n\n<p class=\"has-white-color has-text-color\">Nous vous assistons volontiers dans l\u2019\u00e9tude de vos projets et le choix des \u00e9quipements.<\/p>\n\n\n\n<div class=\"wp-block-buttons is-layout-flex wp-block-buttons-is-layout-flex\">\n<div class=\"wp-block-button\"><a class=\"wp-block-button__link\" href=\"https:\/\/fluvo.de\/fr\/contact-pour-entreprise-specialisee\/\">Trouver un interlocuteur maintenant&nbsp;!<\/a><\/div>\n<\/div>\n\n\n\n<p><\/p>\n<\/div><\/div>\n\n\n\n<div class=\"wp-block-group alignfull\"><div class=\"wp-block-group__inner-container is-layout-flow wp-block-group-is-layout-flow\">\n<h2 class=\"has-text-align-center is-style-heading-withLine wp-block-heading\" id=\"downloads\">T\u00e9l\u00e9chargements<\/h2>\n\n\n\n<div class=\"wp-block-v4core-accordion Accordion v4-accordion\">\n<div class=\"wp-block-v4core-accordion-item Accordion-item v4-accordion-item\">\n<h3 class=\"Accordion-item-title v4-accordion-title wp-block-heading\" id=\"downloads-anleitungen\">T\u00e9l\u00e9chargements notices<div class=\"Accordion-item-icon\"><\/div><\/h3>\n\n\n\n<div class=\"wp-block-v4core-accordion-item-content Accordion-item-content v4-accordion-content\">\n<ul class=\"is-style-triangle-markers wp-block-list\"><li><a href=\"https:\/\/fluvo.de\/wp-content\/uploads\/sites\/2\/2022\/03\/27112-FR.pdf\" target=\"_blank\" rel=\"noreferrer noopener\">Rivi\u00e8re magique<\/a><\/li><li><a href=\"https:\/\/fluvo.de\/wp-content\/uploads\/sites\/2\/2022\/03\/27121-FR.pdf\" target=\"_blank\" rel=\"noreferrer noopener\">Commande pneumatique<\/a><\/li><li><a href=\"https:\/\/fluvo.de\/wp-content\/uploads\/sites\/2\/2022\/03\/27138-FR.pdf\" target=\"_blank\" rel=\"noreferrer noopener\">Touches sensitives<\/a><\/li><li><a href=\"https:\/\/fluvo.de\/wp-content\/uploads\/sites\/2\/2022\/03\/27248-FR.pdf\" target=\"_blank\" rel=\"noreferrer noopener\">Coffret de commande NT 1.0<\/a><\/li><li><a href=\"https:\/\/fluvo.de\/wp-content\/uploads\/sites\/2\/2022\/03\/27251-FR.pdf\" target=\"_blank\" rel=\"noreferrer noopener\">Coffret de conversion 3.0<\/a><\/li><li><a href=\"https:\/\/fluvo.de\/wp-content\/uploads\/sites\/2\/2022\/03\/27220-FR.pdf\" target=\"_blank\" rel=\"noreferrer noopener\">Pompes type WK &amp; SMK<\/a><\/li><li><a href=\"https:\/\/fluvo.de\/wp-content\/uploads\/sites\/2\/2022\/03\/27217-FR.pdf\" target=\"_blank\" rel=\"noreferrer noopener\">Entra\u00eenements des pompes<\/a><\/li><\/ul>\n\n\n\n<p><\/p>\n<\/div>\n<\/div>\n<\/div>\n<\/div><\/div>\n\n\n\n\n<div class=\"wp-block-v4core-inner-blocks SEOHeading\">\n<h2 class=\"has-text-align-center SEOHeading-heading is-style-heading-withLine wp-block-heading\" id=\"wir-freuen-uns-auf-ihre-anfrage\"><strong>NOUS NOUS R\u00c9JOUISSONS DE RECEVOIR VOTRE DEMANDE<\/strong><\/h2>\n\n\n\n<p class=\"has-text-align-center SEOHeading-fauxHeading\">Contactez-nous d\u00e8s maintenant&nbsp;!<\/p>\n<\/div>\n\n\n\n\n<div class=\"wp-block-columns is-layout-flex wp-container-core-columns-is-layout-9d6595d7 wp-block-columns-is-layout-flex\">\n<div class=\"wp-block-column is-layout-flow wp-block-column-is-layout-flow\">\n<div class=\"wp-block-image is-style-rounded\"><figure class=\"aligncenter size-full is-resized\"><img loading=\"lazy\" decoding=\"async\" src=\"https:\/\/fluvo.de\/wp-content\/uploads\/sites\/2\/2022\/03\/franck-jarrier.jpg\" alt=\"\" class=\"wp-image-6964\" width=\"275\" height=\"275\" srcset=\"https:\/\/fluvo.de\/wp-content\/uploads\/sites\/2\/2022\/03\/franck-jarrier.jpg 800w, https:\/\/fluvo.de\/wp-content\/uploads\/sites\/2\/2022\/03\/franck-jarrier-300x300.jpg 300w, https:\/\/fluvo.de\/wp-content\/uploads\/sites\/2\/2022\/03\/franck-jarrier-150x150.jpg 150w, https:\/\/fluvo.de\/wp-content\/uploads\/sites\/2\/2022\/03\/franck-jarrier-768x768.jpg 768w\" sizes=\"auto, (max-width: 275px) 100vw, 275px\" \/><\/figure><\/div>\n\n\n\n<p class=\"has-text-align-center\"><strong>Franck JARRIER<br><\/strong><em>Responsable France<br><\/em>T\u00e9l. : +33 (0)6 73 17 34 72<br><a href=\"mailto:franck.jarrier@schmalenberger.de\">franck.jarrier@schmalenberger.de<\/a><\/p>\n<\/div>\n\n\n\n<div class=\"wp-block-column is-layout-flow wp-block-column-is-layout-flow\">\n<div class=\"wp-block-image is-style-rounded\"><figure class=\"aligncenter size-full is-resized\"><img loading=\"lazy\" decoding=\"async\" src=\"https:\/\/fluvo.de\/wp-content\/uploads\/sites\/2\/2022\/03\/sabine-bunel.jpg\" alt=\"\" class=\"wp-image-6967\" width=\"275\" height=\"275\" srcset=\"https:\/\/fluvo.de\/wp-content\/uploads\/sites\/2\/2022\/03\/sabine-bunel.jpg 800w, https:\/\/fluvo.de\/wp-content\/uploads\/sites\/2\/2022\/03\/sabine-bunel-300x300.jpg 300w, https:\/\/fluvo.de\/wp-content\/uploads\/sites\/2\/2022\/03\/sabine-bunel-150x150.jpg 150w, https:\/\/fluvo.de\/wp-content\/uploads\/sites\/2\/2022\/03\/sabine-bunel-768x768.jpg 768w\" sizes=\"auto, (max-width: 275px) 100vw, 275px\" \/><\/figure><\/div>\n\n\n\n<p class=\"has-text-align-center\"><strong>Sabine BUNEL<br><\/strong><em>Assistante technico-commerciale<br><\/em>T\u00e9l. : +33 (0)2 47 80 48 81<br><a href=\"mailto:sabine.bunel@schmalenberger.de\">sabine.bunel@schmalenberger.de<\/a><\/p>\n<\/div>\n\n\n\n<div class=\"wp-block-column is-layout-flow wp-block-column-is-layout-flow\">\n<div class=\"wp-block-image is-style-rounded\"><figure class=\"aligncenter size-full is-resized\"><img loading=\"lazy\" decoding=\"async\" src=\"https:\/\/fluvo.de\/wp-content\/uploads\/sites\/2\/2022\/03\/samuel-hedel.jpg\" alt=\"\" class=\"wp-image-6970\" width=\"275\" height=\"275\" srcset=\"https:\/\/fluvo.de\/wp-content\/uploads\/sites\/2\/2022\/03\/samuel-hedel.jpg 800w, https:\/\/fluvo.de\/wp-content\/uploads\/sites\/2\/2022\/03\/samuel-hedel-300x300.jpg 300w, https:\/\/fluvo.de\/wp-content\/uploads\/sites\/2\/2022\/03\/samuel-hedel-150x150.jpg 150w, https:\/\/fluvo.de\/wp-content\/uploads\/sites\/2\/2022\/03\/samuel-hedel-768x768.jpg 768w\" sizes=\"auto, (max-width: 275px) 100vw, 275px\" \/><\/figure><\/div>\n\n\n\n<p class=\"has-text-align-center\"><strong>Samuel HEDEL<br><\/strong><em>Technico-commercial France Sud<br><\/em>T\u00e9l. : +33 (0)6 79 80 87 78<br><a href=\"mailto:samuel.hedel@schmalenberger.de\">samuel.hedel@schmalenberger.de<\/a><\/p>\n<\/div>\n<\/div>\n","protected":false},"excerpt":{"rendered":"<p>Rivi\u00e8res \u00e0 contre-courant et rapides fluvo\u00aepour piscines publiques et h\u00f4tels POINTS FORTS: Conseil et assistance dans le choix des buses et leurs positionnements Con\u00e7ues et \u00e9tudi\u00e9es pour \u00eatre raccord\u00e9es avec les aspirations et les pompes&hellip;<\/p>\n","protected":false},"author":5,"featured_media":0,"parent":0,"menu_order":0,"comment_status":"closed","ping_status":"closed","template":"","meta":{"_acf_changed":false,"footnotes":""},"class_list":["post-4872","page","type-page","status-publish","hentry"],"acf":[],"_links":{"self":[{"href":"https:\/\/fluvo.de\/fr\/wp-json\/wp\/v2\/pages\/4872","targetHints":{"allow":["GET"]}}],"collection":[{"href":"https:\/\/fluvo.de\/fr\/wp-json\/wp\/v2\/pages"}],"about":[{"href":"https:\/\/fluvo.de\/fr\/wp-json\/wp\/v2\/types\/page"}],"author":[{"embeddable":true,"href":"https:\/\/fluvo.de\/fr\/wp-json\/wp\/v2\/users\/5"}],"replies":[{"embeddable":true,"href":"https:\/\/fluvo.de\/fr\/wp-json\/wp\/v2\/comments?post=4872"}],"version-history":[{"count":15,"href":"https:\/\/fluvo.de\/fr\/wp-json\/wp\/v2\/pages\/4872\/revisions"}],"predecessor-version":[{"id":6933,"href":"https:\/\/fluvo.de\/fr\/wp-json\/wp\/v2\/pages\/4872\/revisions\/6933"}],"wp:attachment":[{"href":"https:\/\/fluvo.de\/fr\/wp-json\/wp\/v2\/media?parent=4872"}],"curies":[{"name":"wp","href":"https:\/\/api.w.org\/{rel}","templated":true}]}}