{"id":4852,"date":"2022-01-05T08:08:43","date_gmt":"2022-01-05T07:08:43","guid":{"rendered":"https:\/\/fluvo.wp3.visual4.com\/?page_id=4852"},"modified":"2022-03-10T12:56:13","modified_gmt":"2022-03-10T11:56:13","slug":"douches-et-canons-pour-piscines","status":"publish","type":"page","link":"https:\/\/fluvo.de\/fr\/douches-et-canons-pour-piscines\/","title":{"rendered":"Douches et canons pour piscines"},"content":{"rendered":"\n<h1 class=\"has-text-align-center is-style-heading-withLine wp-block-heading\">Douches et canons fluvo<sup>\u00ae<\/sup><\/h1>\n\n\n\n<div class=\"wp-block-media-text alignwide is-stacked-on-mobile is-vertically-aligned-top\"><figure class=\"wp-block-media-text__media\"><img loading=\"lazy\" decoding=\"async\" width=\"758\" height=\"807\" src=\"https:\/\/fluvo.de\/wp-content\/uploads\/sites\/2\/2021\/11\/schwallduschen-swimmingpool.jpg\" alt=\"\" class=\"wp-image-880 size-full\" srcset=\"https:\/\/fluvo.de\/wp-content\/uploads\/sites\/2\/2021\/11\/schwallduschen-swimmingpool.jpg 758w, https:\/\/fluvo.de\/wp-content\/uploads\/sites\/2\/2021\/11\/schwallduschen-swimmingpool-282x300.jpg 282w\" sizes=\"auto, (max-width: 758px) 100vw, 758px\" \/><\/figure><div class=\"wp-block-media-text__content\">\n<h6 class=\"wp-block-heading\"><strong><strong>UNE EXP\u00c9RIENCE PLUS INTENSE AVEC LES DOUCHES CASCADE ET CANONS \u00c0 EAU<\/strong><\/strong><\/h6>\n\n\n\n<h2 class=\"is-style-heading-withLine wp-block-heading\">Les douches et canons fluvo<sup>\u00ae<\/sup> sont l\u2019attraction visuelle centrale de la piscine<\/h2>\n\n\n\n<p>L\u2019attraction visuelle avec une fonction de massage. Avec leur forme architecturale et leur voile d\u2019eau parfait, les douches cascade et les canons \u00e0 eau fluvo<sup>\u00ae<\/sup> apportent un divertissement appr\u00e9ci\u00e9 par les baigneurs. En plus de leur aspect visuel attrayant, ils sont con\u00e7us pour produire un massage parfait du torse, de la nuque et des \u00e9paules dans le but de rafra\u00eechir, d\u00e9tendre et stimuler la circulation. Diff\u00e9rentes formes et tailles sont propos\u00e9es selon la piscine \u00e0 \u00e9quiper&nbsp;: pour particuliers, h\u00f4tels ou \u00e9tablissements publics.<\/p>\n<\/div><\/div>\n\n\n\n<div style=\"height:20px\" aria-hidden=\"true\" class=\"wp-block-spacer\"><\/div>\n\n\n\n<div class=\"wp-block-media-text alignwide has-media-on-the-right is-stacked-on-mobile is-vertically-aligned-top\"><figure class=\"wp-block-media-text__media\"><img loading=\"lazy\" decoding=\"async\" width=\"900\" height=\"579\" src=\"https:\/\/fluvo.de\/wp-content\/uploads\/sites\/2\/2021\/11\/schwalldusche-swimingpool.jpg\" alt=\"Schwalldusche aus Edelstahl\" class=\"wp-image-899 size-full\" srcset=\"https:\/\/fluvo.de\/wp-content\/uploads\/sites\/2\/2021\/11\/schwalldusche-swimingpool.jpg 900w, https:\/\/fluvo.de\/wp-content\/uploads\/sites\/2\/2021\/11\/schwalldusche-swimingpool-300x193.jpg 300w, https:\/\/fluvo.de\/wp-content\/uploads\/sites\/2\/2021\/11\/schwalldusche-swimingpool-768x494.jpg 768w\" sizes=\"auto, (max-width: 900px) 100vw, 900px\" \/><\/figure><div class=\"wp-block-media-text__content\">\n<h6 class=\"wp-block-heading\"><strong>DOUCHES CASCADE fluvo<sup>\u00ae<\/sup><\/strong><\/h6>\n\n\n\n<h2 class=\"is-style-heading-withLine wp-block-heading\">De l\u2019exp\u00e9rience, du savoir-faire et de la passion<\/h2>\n\n\n\n<p>Sur le bord du bassin, la douche cascade fluvo<sup>\u00ae<\/sup> attire non seulement le regard mais elle invite aussi \u00e0 venir s\u2019attarder r\u00e9guli\u00e8rement sous son voile d\u2019eau ininterrompu et parfait. Cette perfection repose sur des d\u00e9cennies d\u2019exp\u00e9rience et un tr\u00e8s grand savoir-faire. Partant de sa conception et de sa forme, chaque mod\u00e8le produit un rideau d\u2019eau calcul\u00e9 avec pr\u00e9cision et qui lui est propre pour l\u2019effet recherch\u00e9. Tous les mod\u00e8les sont optimis\u00e9s jusque dans les moindres d\u00e9tails et garantissent une exp\u00e9rience de baignade maximale pour les meilleurs moments \u00e0 la piscine. Les lames d\u2019eau fluvo<sup>\u00ae<\/sup> sont fabriqu\u00e9es en inox de haute qualit\u00e9 et peuvent \u00eatre install\u00e9es ult\u00e9rieurement sur des piscines int\u00e9rieures et ext\u00e9rieures.<\/p>\n<\/div><\/div>\n\n\n\n<div class=\"wp-block-group alignfull has-light-gray-background-color has-background\"><div class=\"wp-block-group__inner-container is-layout-flow wp-block-group-is-layout-flow\">\n\n<div class=\"wp-block-v4core-inner-blocks SEOHeading\">\n<h2 class=\"has-text-align-center SEOHeading-heading is-style-heading-withLine wp-block-heading\">Comparaison des rideaux d\u2019eau<\/h2>\n\n\n\n<p class=\"has-text-align-center SEOHeading-fauxHeading\">Aper\u00e7u des rideaux d\u2019eau fluvo<sup>\u00ae<\/sup><\/p>\n<\/div>\n\n\n\n\n<div class=\"wp-block-columns is-layout-flex wp-container-core-columns-is-layout-9d6595d7 wp-block-columns-is-layout-flex\">\n<div class=\"wp-block-column is-layout-flow wp-block-column-is-layout-flow\">\n<h2 class=\"has-extra-large-font-size wp-block-heading\"><strong><strong>Douches cascade<\/strong><\/strong><\/h2>\n\n\n\n<figure class=\"wp-block-image size-large\"><img loading=\"lazy\" decoding=\"async\" width=\"1024\" height=\"652\" src=\"https:\/\/fluvo.de\/wp-content\/uploads\/sites\/2\/2021\/12\/schwalldusche-cobra-3-er-kombination-1024x652.jpg\" alt=\"\" class=\"wp-image-2882\" srcset=\"https:\/\/fluvo.de\/wp-content\/uploads\/sites\/2\/2021\/12\/schwalldusche-cobra-3-er-kombination-1024x652.jpg 1024w, https:\/\/fluvo.de\/wp-content\/uploads\/sites\/2\/2021\/12\/schwalldusche-cobra-3-er-kombination-300x191.jpg 300w, https:\/\/fluvo.de\/wp-content\/uploads\/sites\/2\/2021\/12\/schwalldusche-cobra-3-er-kombination-768x489.jpg 768w, https:\/\/fluvo.de\/wp-content\/uploads\/sites\/2\/2021\/12\/schwalldusche-cobra-3-er-kombination.jpg 1100w\" sizes=\"auto, (max-width: 1024px) 100vw, 1024px\" \/><\/figure>\n\n\n\n<p class=\"has-text-align-left\">Il y a de nombreux arguments pour une douche cascade fluvo\u00ae. L\u2019ensemble optimum compos\u00e9 d\u2019une pompe, d\u2019une pi\u00e8ce \u00e0 sceller et d\u2019une douche est la garantie d\u2019un r\u00e9sultat constant et parfait.<\/p>\n<\/div>\n\n\n\n<div class=\"wp-block-column is-layout-flow wp-block-column-is-layout-flow\">\n<h2 class=\"has-extra-large-font-size wp-block-heading\"><strong><strong>Canons \u00e0 eau<\/strong><\/strong><\/h2>\n\n\n\n<figure class=\"wp-block-image size-large\"><img loading=\"lazy\" decoding=\"async\" width=\"1024\" height=\"652\" src=\"https:\/\/fluvo.de\/wp-content\/uploads\/sites\/2\/2021\/12\/strahlanlagen-glockenstrahlrohr-1024x652.jpg\" alt=\"\" class=\"wp-image-2917\" srcset=\"https:\/\/fluvo.de\/wp-content\/uploads\/sites\/2\/2021\/12\/strahlanlagen-glockenstrahlrohr-1024x652.jpg 1024w, https:\/\/fluvo.de\/wp-content\/uploads\/sites\/2\/2021\/12\/strahlanlagen-glockenstrahlrohr-300x191.jpg 300w, https:\/\/fluvo.de\/wp-content\/uploads\/sites\/2\/2021\/12\/strahlanlagen-glockenstrahlrohr-768x489.jpg 768w, https:\/\/fluvo.de\/wp-content\/uploads\/sites\/2\/2021\/12\/strahlanlagen-glockenstrahlrohr.jpg 1100w\" sizes=\"auto, (max-width: 1024px) 100vw, 1024px\" \/><\/figure>\n\n\n\n<p>L\u2019eau tombe dans le bassin en un jet cibl\u00e9, concentr\u00e9 et puissant. Le massage est ici synonyme de plaisir. Le jet d\u2019eau masse les \u00e9paules et le dos. Peu encombrant, le canon \u00e0 eau est id\u00e9al notamment pour les petites piscines.<\/p>\n<\/div>\n\n\n\n<div class=\"wp-block-column is-layout-flow wp-block-column-is-layout-flow\">\n<h2 class=\"has-extra-large-font-size wp-block-heading\"><strong><strong>Chutes d\u2019eau<\/strong><\/strong><\/h2>\n\n\n\n<figure class=\"wp-block-image size-large\"><img loading=\"lazy\" decoding=\"async\" width=\"1024\" height=\"652\" src=\"https:\/\/fluvo.de\/wp-content\/uploads\/sites\/2\/2021\/12\/wasserfall-pool-wandeinbau-1024x652.jpg\" alt=\"\" class=\"wp-image-2923\" srcset=\"https:\/\/fluvo.de\/wp-content\/uploads\/sites\/2\/2021\/12\/wasserfall-pool-wandeinbau-1024x652.jpg 1024w, https:\/\/fluvo.de\/wp-content\/uploads\/sites\/2\/2021\/12\/wasserfall-pool-wandeinbau-300x191.jpg 300w, https:\/\/fluvo.de\/wp-content\/uploads\/sites\/2\/2021\/12\/wasserfall-pool-wandeinbau-768x489.jpg 768w, https:\/\/fluvo.de\/wp-content\/uploads\/sites\/2\/2021\/12\/wasserfall-pool-wandeinbau.jpg 1100w\" sizes=\"auto, (max-width: 1024px) 100vw, 1024px\" \/><\/figure>\n\n\n\n<p>Une v\u00e9ritable accroche pour la client\u00e8le&nbsp;: Comme dans un cadre naturel, l\u2019eau jaillit directement de la \u00ab&nbsp;roche&nbsp;\u00bb. Les lames d\u2019eau permettent d\u2019utiliser habilement les grandes surfaces murales et s\u2019int\u00e8grent dans le design de la piscine.<\/p>\n<\/div>\n<\/div>\n\n\n\n<div class=\"wp-block-columns is-layout-flex wp-container-core-columns-is-layout-9d6595d7 wp-block-columns-is-layout-flex\">\n<div class=\"wp-block-column is-layout-flow wp-block-column-is-layout-flow\">\n<h2 class=\"has-extra-large-font-size wp-block-heading\"><strong><strong>Montage mural<\/strong><\/strong><\/h2>\n\n\n\n<figure class=\"wp-block-image size-medium is-resized\"><img loading=\"lazy\" decoding=\"async\" src=\"https:\/\/fluvo.de\/wp-content\/uploads\/sites\/2\/2021\/12\/schwalldusche-wandeinbau-cobra-mni-300x202.jpg\" alt=\"\" class=\"wp-image-2871\" width=\"342\" height=\"230\" srcset=\"https:\/\/fluvo.de\/wp-content\/uploads\/sites\/2\/2021\/12\/schwalldusche-wandeinbau-cobra-mni-300x202.jpg 300w, https:\/\/fluvo.de\/wp-content\/uploads\/sites\/2\/2021\/12\/schwalldusche-wandeinbau-cobra-mni-768x517.jpg 768w, https:\/\/fluvo.de\/wp-content\/uploads\/sites\/2\/2021\/12\/schwalldusche-wandeinbau-cobra-mni.jpg 1000w\" sizes=\"auto, (max-width: 342px) 100vw, 342px\" \/><\/figure>\n\n\n\n<p>Vous avez une piscine mais peu de place pour une douche cascade sur le bord du bassin&nbsp;? Dans ce cas, le montage mural est la solution alternative parfaite. Les douches cascade permettent d\u2019utiliser habilement les grandes surfaces murales et s\u2019int\u00e8grent dans le design de la piscine.<\/p>\n<\/div>\n\n\n\n<div class=\"wp-block-column is-layout-flow wp-block-column-is-layout-flow\">\n<h2 class=\"has-extra-large-font-size wp-block-heading\"><strong><strong>Champignons<\/strong><\/strong><\/h2>\n\n\n\n<figure class=\"wp-block-image size-large\"><img loading=\"lazy\" decoding=\"async\" width=\"1024\" height=\"652\" src=\"https:\/\/fluvo.de\/wp-content\/uploads\/sites\/2\/2021\/12\/wasserpilze-wasserschirme-kommunales-bad-1024x652.jpg\" alt=\"\" class=\"wp-image-2926\" srcset=\"https:\/\/fluvo.de\/wp-content\/uploads\/sites\/2\/2021\/12\/wasserpilze-wasserschirme-kommunales-bad-1024x652.jpg 1024w, https:\/\/fluvo.de\/wp-content\/uploads\/sites\/2\/2021\/12\/wasserpilze-wasserschirme-kommunales-bad-300x191.jpg 300w, https:\/\/fluvo.de\/wp-content\/uploads\/sites\/2\/2021\/12\/wasserpilze-wasserschirme-kommunales-bad-768x489.jpg 768w, https:\/\/fluvo.de\/wp-content\/uploads\/sites\/2\/2021\/12\/wasserpilze-wasserschirme-kommunales-bad.jpg 1100w\" sizes=\"auto, (max-width: 1024px) 100vw, 1024px\" \/><\/figure>\n\n\n\n<p>Incontournables dans les paysages aquatiques et les piscines publiques&nbsp;: Les cloches d\u2019eau et les champignons sont des points de rencontre tr\u00e8s appr\u00e9ci\u00e9s par les baigneurs. Ils permettent de valoriser les grandes \u00e9tendues d\u2019eau.<\/p>\n<\/div>\n\n\n\n<div class=\"wp-block-column is-layout-flow wp-block-column-is-layout-flow\">\n<h2 class=\"has-extra-large-font-size wp-block-heading\"><strong><strong>Attractions pour enfants<\/strong><\/strong><\/h2>\n\n\n\n<figure class=\"wp-block-image size-large\"><img loading=\"lazy\" decoding=\"async\" width=\"1024\" height=\"652\" src=\"https:\/\/fluvo.de\/wp-content\/uploads\/sites\/2\/2021\/12\/kinderattraktionen-schwimmbad-1024x652.jpg\" alt=\"\" class=\"wp-image-2931\" srcset=\"https:\/\/fluvo.de\/wp-content\/uploads\/sites\/2\/2021\/12\/kinderattraktionen-schwimmbad-1024x652.jpg 1024w, https:\/\/fluvo.de\/wp-content\/uploads\/sites\/2\/2021\/12\/kinderattraktionen-schwimmbad-300x191.jpg 300w, https:\/\/fluvo.de\/wp-content\/uploads\/sites\/2\/2021\/12\/kinderattraktionen-schwimmbad-768x489.jpg 768w, https:\/\/fluvo.de\/wp-content\/uploads\/sites\/2\/2021\/12\/kinderattraktionen-schwimmbad.jpg 1100w\" sizes=\"auto, (max-width: 1024px) 100vw, 1024px\" \/><\/figure>\n\n\n\n<p>Lorsqu\u2019il s\u2019agit de s\u2019amuser dans les centres de vacances et les piscines publiques, les attractions pour enfants ne doivent pas manquer. Ces \u00e9quipements sont sp\u00e9cialement adapt\u00e9s aux enfants de par leurs dimensions et effets.<\/p>\n\n\n\n<p><\/p>\n<\/div>\n<\/div>\n<\/div><\/div>\n\n\n\n<div class=\"wp-block-cover alignfull is-light has-parallax is-style-hover-scale\" style=\"background-image:url(https:\/\/fluvo.de\/wp-content\/uploads\/sites\/2\/2021\/12\/schwalldusche-cobra-3-er-kombination.jpg);min-height:100vh;aspect-ratio:unset;\"><span aria-hidden=\"true\" class=\"has-background-dim-40 wp-block-cover__gradient-background has-background-dim\"><\/span><div class=\"wp-block-cover__inner-container is-layout-flow wp-block-cover-is-layout-flow\">\n<h2 class=\"has-white-color has-text-color wp-block-heading\">Douches cascades cobra<sup>\u00ae<\/sup><\/h2>\n\n\n\n<p class=\"has-white-color has-text-color\">L\u2019\u00e9l\u00e9ment phare du bassin, en&nbsp; inox haute qualit\u00e9 ou en carbone.<br>Livrable dans diff\u00e9rentes versions, tailles et plusieurs &nbsp;coloris.<\/p>\n\n\n\n<div class=\"wp-block-buttons is-layout-flex wp-block-buttons-is-layout-flex\">\n<div class=\"wp-block-button is-style-fill\"><a class=\"wp-block-button__link\" href=\"https:\/\/fluvo.de\/fr\/schwallduschen-cobra\/\">En savoir plus maintenant<\/a><\/div>\n<\/div>\n<\/div><\/div>\n\n\n\n<div class=\"wp-block-group\"><div class=\"wp-block-group__inner-container is-layout-flow wp-block-group-is-layout-flow\">\n<h2 class=\"has-text-align-center is-style-heading-withLine wp-block-heading\">Comment pouvons-nous vous renseigner&nbsp;?<\/h2>\n\n\n<div class=\"TileOverview-container Columns-3 is-style-default\">\n                <div class=\"TileOverview-image-container\">\n    <div class=\"TileOverview-image has-linear-gradient\"\n         style=\"background-image: url(https:\/\/fluvo.de\/wp-content\/uploads\/sites\/2\/2021\/12\/fluvo-broschuere-cobra-schwallduschen.jpg)\"><\/div>\n    <a class=\"TileOverview-item\" href=\"\/wp-content\/uploads\/sites\/2\/2022\/01\/fluvo_cobra_Endkunden_FR.pdf\">\n        \n        <div class=\"Tile-content\">\n            <h3 class=\"TileOverview-heading has-white-color\">Documentation cobra<\/h3>                            <div class=\"wp-block-buttons\">\n                    <div class=\"wp-block-button\">\n                        <div class=\"wp-block-button__link\">\n                                                            T\u00e9l\u00e9charger d\u00e8s maintenant !\n                                                    <\/div>\n                    <\/div>\n                <\/div>\n                    <\/div>\n            <\/a>\n<\/div>                <div class=\"TileOverview-image-container\">\n    <div class=\"TileOverview-image has-linear-gradient\"\n         style=\"background-image: url(https:\/\/fluvo.de\/wp-content\/uploads\/sites\/2\/2021\/12\/myfluvo-application-hero.jpg)\"><\/div>\n    <a class=\"TileOverview-item\" href=\"https:\/\/fluvo.de\/fr\/lapplication-myfluvo\/\">\n        \n        <div class=\"Tile-content\">\n            <h3 class=\"TileOverview-heading has-white-color\">myfluvo app<\/h3>                            <div class=\"wp-block-buttons\">\n                    <div class=\"wp-block-button\">\n                        <div class=\"wp-block-button__link\">\n                                                            Plus d\u2019informations\n                                                    <\/div>\n                    <\/div>\n                <\/div>\n                    <\/div>\n         \n            <div class=\"Tile-new\">\n                <p>NOUVEAU<\/p>\n            <\/div>\n            <\/a>\n<\/div>                <div class=\"TileOverview-image-container\">\n    <div class=\"TileOverview-image has-linear-gradient\"\n         style=\"background-image: url(https:\/\/fluvo.de\/wp-content\/uploads\/sites\/2\/2021\/12\/1000_F_137990338_YlOUs7GQUq8nbD5cN0SsyutzI3BEmWxB.jpg)\"><\/div>\n    <a class=\"TileOverview-item\" href=\"https:\/\/fluvo.de\/fr\/contact\/\">\n        \n        <div class=\"Tile-content\">\n            <h3 class=\"TileOverview-heading has-white-color\">Contact<\/h3>                            <div class=\"wp-block-buttons\">\n                    <div class=\"wp-block-button\">\n                        <div class=\"wp-block-button__link\">\n                                                            Plus d&rsquo;informations\n                                                    <\/div>\n                    <\/div>\n                <\/div>\n                    <\/div>\n            <\/a>\n<\/div>    <\/div><\/div><\/div>\n\n\n\n<div class=\"wp-block-group alignfull\"><div class=\"wp-block-group__inner-container is-layout-flow wp-block-group-is-layout-flow\">\n<h2 class=\"has-text-align-center is-style-heading-withLine wp-block-heading\" id=\"downloads\">T\u00e9l\u00e9chargements<\/h2>\n\n\n\n<div class=\"wp-block-v4core-accordion Accordion v4-accordion\">\n<div class=\"wp-block-v4core-accordion-item Accordion-item v4-accordion-item\">\n<h3 class=\"Accordion-item-title v4-accordion-title wp-block-heading\" id=\"downloads-broschure\">T\u00e9l\u00e9chargements brochure<div class=\"Accordion-item-icon\"><\/div><\/h3>\n\n\n\n<div class=\"wp-block-v4core-accordion-item-content Accordion-item-content v4-accordion-content\">\n<ul class=\"is-style-triangle-markers wp-block-list\"><li><a href=\"\/wp-content\/uploads\/sites\/2\/2022\/01\/fluvo_cobra_Endkunden_FR.pdf\" target=\"_blank\" rel=\"noreferrer noopener\">Documentation cobra<sup>\u00ae<\/sup><\/a><\/li><\/ul>\n<\/div>\n<\/div>\n\n\n\n<div class=\"wp-block-v4core-accordion-item Accordion-item v4-accordion-item\">\n<h3 class=\"Accordion-item-title v4-accordion-title wp-block-heading\" id=\"downloads-anleitungen\">T\u00e9l\u00e9chargements notices<div class=\"Accordion-item-icon\"><\/div><\/h3>\n\n\n\n<div class=\"wp-block-v4core-accordion-item-content Accordion-item-content v4-accordion-content\">\n<ul class=\"is-style-triangle-markers wp-block-list\"><li><a href=\"https:\/\/fluvo.de\/wp-content\/uploads\/sites\/2\/2022\/03\/27104-FR.pdf\" target=\"_blank\" rel=\"noreferrer noopener\">Douches cobra<sup>\u00ae<\/sup><\/a><\/li><li><a href=\"https:\/\/fluvo.de\/wp-content\/uploads\/sites\/2\/2022\/03\/27104-FR.pdf\" target=\"_blank\" rel=\"noreferrer noopener\">Canons<\/a><\/li><li><a href=\"https:\/\/fluvo.de\/wp-content\/uploads\/sites\/2\/2022\/03\/27113-FR.pdf\" target=\"_blank\" rel=\"noreferrer noopener\">Cloches d\u2018eau<\/a><\/li><li><a href=\"https:\/\/fluvo.de\/wp-content\/uploads\/sites\/2\/2022\/03\/27109-FR.pdf\" target=\"_blank\" rel=\"noreferrer noopener\">Champignons<\/a><\/li><li><a href=\"https:\/\/fluvo.de\/wp-content\/uploads\/sites\/2\/2022\/03\/27113-FR.pdf\" target=\"_blank\" rel=\"noreferrer noopener\">Douches et canons (Communal)<\/a><\/li><li><a href=\"https:\/\/fluvo.de\/wp-content\/uploads\/sites\/2\/2022\/03\/27121-FR.pdf\" target=\"_blank\" rel=\"noreferrer noopener\">Commande pneumatique<\/a><\/li><li><a href=\"https:\/\/fluvo.de\/wp-content\/uploads\/sites\/2\/2022\/03\/27138-FR.pdf\" target=\"_blank\" rel=\"noreferrer noopener\">Touches sensitives<\/a><\/li><li><a href=\"https:\/\/fluvo.de\/wp-content\/uploads\/sites\/2\/2022\/03\/27248-FR.pdf\" target=\"_blank\" rel=\"noreferrer noopener\">Coffret de commande NT 1.0<\/a><\/li><li><a href=\"https:\/\/fluvo.de\/wp-content\/uploads\/sites\/2\/2022\/03\/27251-FR.pdf\" target=\"_blank\" rel=\"noreferrer noopener\">Coffret de conversion 3.0<\/a><\/li><li><a href=\"https:\/\/fluvo.de\/wp-content\/uploads\/sites\/2\/2022\/03\/27220-FR.pdf\" target=\"_blank\" rel=\"noreferrer noopener\">Pompes type WK &amp; SMK<\/a><\/li><li><a href=\"https:\/\/fluvo.de\/wp-content\/uploads\/sites\/2\/2022\/03\/27217-FR.pdf\" target=\"_blank\" rel=\"noreferrer noopener\">Entra\u00eenements des pompes<\/a><\/li><\/ul>\n\n\n\n<p><\/p>\n<\/div>\n<\/div>\n<\/div>\n<\/div><\/div>\n\n\n\n\n<div class=\"wp-block-v4core-inner-blocks SEOHeading\">\n<h2 class=\"has-text-align-center SEOHeading-heading is-style-heading-withLine wp-block-heading\" id=\"wir-freuen-uns-auf-ihre-anfrage\"><strong>NOUS NOUS R\u00c9JOUISSONS DE RECEVOIR VOTRE DEMANDE<\/strong><\/h2>\n\n\n\n<p class=\"has-text-align-center SEOHeading-fauxHeading\">Contactez-nous d\u00e8s maintenant&nbsp;!<\/p>\n<\/div>\n\n\n\n\n<div class=\"wp-block-columns is-layout-flex wp-container-core-columns-is-layout-9d6595d7 wp-block-columns-is-layout-flex\">\n<div class=\"wp-block-column is-layout-flow wp-block-column-is-layout-flow\">\n<div class=\"wp-block-image is-style-rounded\"><figure class=\"aligncenter size-full is-resized\"><img loading=\"lazy\" decoding=\"async\" src=\"https:\/\/fluvo.de\/wp-content\/uploads\/sites\/2\/2022\/03\/franck-jarrier.jpg\" alt=\"\" class=\"wp-image-6964\" width=\"275\" height=\"275\" srcset=\"https:\/\/fluvo.de\/wp-content\/uploads\/sites\/2\/2022\/03\/franck-jarrier.jpg 800w, https:\/\/fluvo.de\/wp-content\/uploads\/sites\/2\/2022\/03\/franck-jarrier-300x300.jpg 300w, https:\/\/fluvo.de\/wp-content\/uploads\/sites\/2\/2022\/03\/franck-jarrier-150x150.jpg 150w, https:\/\/fluvo.de\/wp-content\/uploads\/sites\/2\/2022\/03\/franck-jarrier-768x768.jpg 768w\" sizes=\"auto, (max-width: 275px) 100vw, 275px\" \/><\/figure><\/div>\n\n\n\n<p class=\"has-text-align-center\"><strong>Franck JARRIER<br><\/strong><em>Responsable France<br><\/em>T\u00e9l. : +33 (0)6 73 17 34 72<br><a href=\"mailto:franck.jarrier@schmalenberger.de\">franck.jarrier@schmalenberger.de<\/a><\/p>\n<\/div>\n\n\n\n<div class=\"wp-block-column is-layout-flow wp-block-column-is-layout-flow\">\n<div class=\"wp-block-image is-style-rounded\"><figure class=\"aligncenter size-full is-resized\"><img loading=\"lazy\" decoding=\"async\" src=\"https:\/\/fluvo.de\/wp-content\/uploads\/sites\/2\/2022\/03\/sabine-bunel.jpg\" alt=\"\" class=\"wp-image-6967\" width=\"275\" height=\"275\" srcset=\"https:\/\/fluvo.de\/wp-content\/uploads\/sites\/2\/2022\/03\/sabine-bunel.jpg 800w, https:\/\/fluvo.de\/wp-content\/uploads\/sites\/2\/2022\/03\/sabine-bunel-300x300.jpg 300w, https:\/\/fluvo.de\/wp-content\/uploads\/sites\/2\/2022\/03\/sabine-bunel-150x150.jpg 150w, https:\/\/fluvo.de\/wp-content\/uploads\/sites\/2\/2022\/03\/sabine-bunel-768x768.jpg 768w\" sizes=\"auto, (max-width: 275px) 100vw, 275px\" \/><\/figure><\/div>\n\n\n\n<p class=\"has-text-align-center\"><strong>Sabine BUNEL<br><\/strong><em>Assistante technico-commerciale<br><\/em>T\u00e9l. : +33 (0)2 47 80 48 81<br><a href=\"mailto:sabine.bunel@schmalenberger.de\">sabine.bunel@schmalenberger.de<\/a><\/p>\n<\/div>\n\n\n\n<div class=\"wp-block-column is-layout-flow wp-block-column-is-layout-flow\">\n<div class=\"wp-block-image is-style-rounded\"><figure class=\"aligncenter size-full is-resized\"><img loading=\"lazy\" decoding=\"async\" src=\"https:\/\/fluvo.de\/wp-content\/uploads\/sites\/2\/2022\/03\/samuel-hedel.jpg\" alt=\"\" class=\"wp-image-6970\" width=\"275\" height=\"275\" srcset=\"https:\/\/fluvo.de\/wp-content\/uploads\/sites\/2\/2022\/03\/samuel-hedel.jpg 800w, https:\/\/fluvo.de\/wp-content\/uploads\/sites\/2\/2022\/03\/samuel-hedel-300x300.jpg 300w, https:\/\/fluvo.de\/wp-content\/uploads\/sites\/2\/2022\/03\/samuel-hedel-150x150.jpg 150w, https:\/\/fluvo.de\/wp-content\/uploads\/sites\/2\/2022\/03\/samuel-hedel-768x768.jpg 768w\" sizes=\"auto, (max-width: 275px) 100vw, 275px\" \/><\/figure><\/div>\n\n\n\n<p class=\"has-text-align-center\"><strong>Samuel HEDEL<br><\/strong><em>Technico-commercial France Sud<br><\/em>T\u00e9l. : +33 (0)6 79 80 87 78<br><a href=\"mailto:samuel.hedel@schmalenberger.de\">samuel.hedel@schmalenberger.de<\/a><\/p>\n<\/div>\n<\/div>\n","protected":false},"excerpt":{"rendered":"<p>Douches et canons fluvo\u00ae UNE EXP\u00c9RIENCE PLUS INTENSE AVEC LES DOUCHES CASCADE ET CANONS \u00c0 EAU Les douches et canons fluvo\u00ae sont l\u2019attraction visuelle centrale de la piscine L\u2019attraction visuelle avec une fonction de massage.&hellip;<\/p>\n","protected":false},"author":5,"featured_media":0,"parent":0,"menu_order":0,"comment_status":"closed","ping_status":"closed","template":"","meta":{"_acf_changed":false,"footnotes":""},"class_list":["post-4852","page","type-page","status-publish","hentry"],"acf":[],"_links":{"self":[{"href":"https:\/\/fluvo.de\/fr\/wp-json\/wp\/v2\/pages\/4852","targetHints":{"allow":["GET"]}}],"collection":[{"href":"https:\/\/fluvo.de\/fr\/wp-json\/wp\/v2\/pages"}],"about":[{"href":"https:\/\/fluvo.de\/fr\/wp-json\/wp\/v2\/types\/page"}],"author":[{"embeddable":true,"href":"https:\/\/fluvo.de\/fr\/wp-json\/wp\/v2\/users\/5"}],"replies":[{"embeddable":true,"href":"https:\/\/fluvo.de\/fr\/wp-json\/wp\/v2\/comments?post=4852"}],"version-history":[{"count":22,"href":"https:\/\/fluvo.de\/fr\/wp-json\/wp\/v2\/pages\/4852\/revisions"}],"predecessor-version":[{"id":7390,"href":"https:\/\/fluvo.de\/fr\/wp-json\/wp\/v2\/pages\/4852\/revisions\/7390"}],"wp:attachment":[{"href":"https:\/\/fluvo.de\/fr\/wp-json\/wp\/v2\/media?parent=4852"}],"curies":[{"name":"wp","href":"https:\/\/api.w.org\/{rel}","templated":true}]}}