{"id":10258,"date":"2026-02-24T11:52:06","date_gmt":"2026-02-24T10:52:06","guid":{"rendered":"https:\/\/fluvo.de\/define-your-style\/"},"modified":"2026-02-24T11:52:21","modified_gmt":"2026-02-24T10:52:21","slug":"define-your-style","status":"publish","type":"page","link":"https:\/\/fluvo.de\/fr\/define-your-style\/","title":{"rendered":"DEFINE YOUR STYLE!"},"content":{"rendered":"\n<div class=\"wp-block-cover\"><span aria-hidden=\"true\" class=\"wp-block-cover__background has-basic-text-background-color has-background-dim-100 has-background-dim\"><\/span><div class=\"wp-block-cover__inner-container is-layout-constrained wp-block-cover-is-layout-constrained\">\n<hr class=\"wp-block-separator has-text-color has-primary-color has-alpha-channel-opacity has-primary-background-color has-background is-style-wide\" \/>\n\n\n\n<h1 class=\"wp-block-heading has-primary-color has-text-color has-link-color wp-elements-a6b52cfc22aa7cb6209275ab105c4008\">DEFINE YOUR STYLE!<\/h1>\n\n\n\n<h2 class=\"wp-block-heading has-text-align-right has-primary-color has-text-color has-link-color wp-elements-bee7ea53f165df6aa73cef35dc1a54bb\">Le design de piscine comme art de vivre<\/h2>\n\n\n\n<div class=\"wp-block-media-text is-stacked-on-mobile\"><figure class=\"wp-block-media-text__media\"><img loading=\"lazy\" decoding=\"async\" width=\"1024\" height=\"574\" src=\"https:\/\/fluvo.de\/wp-content\/uploads\/sites\/2\/2026\/01\/Grosses_Haus_mit_Pool_im_Vordergrund_iStock_1452966190-1024x574.jpeg\" alt=\"\" class=\"wp-image-10113 size-full\" srcset=\"https:\/\/fluvo.de\/wp-content\/uploads\/sites\/2\/2026\/01\/Grosses_Haus_mit_Pool_im_Vordergrund_iStock_1452966190-1024x574.jpeg 1024w, https:\/\/fluvo.de\/wp-content\/uploads\/sites\/2\/2026\/01\/Grosses_Haus_mit_Pool_im_Vordergrund_iStock_1452966190-300x168.jpeg 300w, https:\/\/fluvo.de\/wp-content\/uploads\/sites\/2\/2026\/01\/Grosses_Haus_mit_Pool_im_Vordergrund_iStock_1452966190-768x430.jpeg 768w, https:\/\/fluvo.de\/wp-content\/uploads\/sites\/2\/2026\/01\/Grosses_Haus_mit_Pool_im_Vordergrund_iStock_1452966190-1536x861.jpeg 1536w\" sizes=\"auto, (max-width: 1024px) 100vw, 1024px\" \/><\/figure><div class=\"wp-block-media-text__content\">\n<h3 class=\"wp-block-heading has-text-align-right\">Ambiance et technologie en harmonie<\/h3>\n\n\n\n<p>Qu\u2019il soit g\u00e9n\u00e9reusement dimensionn\u00e9 ou con\u00e7u pour gagner de la place, le bassin s\u2019impose de plus en plus comme un \u00e9l\u00e9ment central du design. Sa fonction n\u2019est plus le seul crit\u00e8re essentiel\u202f: c\u2019est surtout son ambiance qui compte d\u00e9sormais. Les architectes et concepteurs misent davantage sur une approche globale. Ce n\u2019est que par l\u2019harmonie entre le design, les mat\u00e9riaux, les couleurs et la lumi\u00e8re que la piscine devient l\u2019expression d\u2019un style de vie unique.<\/p>\n<\/div><\/div>\n\n\n\n<hr class=\"wp-block-separator has-text-color has-primary-color has-alpha-channel-opacity has-primary-background-color has-background is-style-wide\" \/>\n<\/div><\/div>\n\n<hr class=\"wp-block-separator has-text-color has-primary-color has-alpha-channel-opacity has-primary-background-color has-background is-style-wide\" \/>\n\n<h2 class=\"wp-block-heading has-primary-color has-text-color has-link-color wp-elements-a5eb1b472022d4ed8030314dd5c06f53\">INOX<\/h2>\n\n<div class=\"wp-block-media-text has-media-on-the-right is-stacked-on-mobile\"><div class=\"wp-block-media-text__content\">\n<h3 class=\"wp-block-heading has-primary-color has-text-color has-link-color wp-elements-601adc77d9779ec7e48cb9c010a57228\">Diamond Line<\/h3>\n\n\n\n<h3 class=\"wp-block-heading has-text-align-right has-primary-color has-text-color has-link-color wp-elements-06edb69725c6fbbb8cd897a0a44d29a8\">Styl\u00e9e, Attirante et Fascinante !<\/h3>\n\n\n\n<p>Transformez votre piscine en une v\u00e9ritable d\u00e9claration de design avec la Diamond Line\u202f: une esth\u00e9tique unique et un langage formel \u00e9l\u00e9gant, associ\u00e9s \u00e0 un toucher exceptionnel \u2013 pour des piscines \u00e0 l\u2019aura incomparable\u202f! Le traitement de surface issu de la classe des mat\u00e9riaux \u00e0 base de carbone de type diamant offre non seulement un r\u00e9sultat chromatique fascinant, mais pr\u00e9serve \u00e9galement la structure de surface individuelle ainsi que les remarquables propri\u00e9t\u00e9s m\u00e9caniques de l\u2019inox.<\/p>\n\n\n\n<figure class=\"wp-block-gallery has-nested-images columns-default is-cropped wp-block-gallery-1 is-layout-flex wp-block-gallery-is-layout-flex\">\n<figure class=\"wp-block-image size-large\"><img loading=\"lazy\" decoding=\"async\" width=\"1024\" height=\"1024\" data-id=\"10126\" src=\"https:\/\/fluvo.de\/wp-content\/uploads\/sites\/2\/2026\/01\/Hydro_Massage_Compact_Balance_Black-1024x1024.png\" alt=\"\" class=\"wp-image-10126\" srcset=\"https:\/\/fluvo.de\/wp-content\/uploads\/sites\/2\/2026\/01\/Hydro_Massage_Compact_Balance_Black-1024x1024.png 1024w, https:\/\/fluvo.de\/wp-content\/uploads\/sites\/2\/2026\/01\/Hydro_Massage_Compact_Balance_Black-300x300.png 300w, https:\/\/fluvo.de\/wp-content\/uploads\/sites\/2\/2026\/01\/Hydro_Massage_Compact_Balance_Black-150x150.png 150w, https:\/\/fluvo.de\/wp-content\/uploads\/sites\/2\/2026\/01\/Hydro_Massage_Compact_Balance_Black-768x768.png 768w, https:\/\/fluvo.de\/wp-content\/uploads\/sites\/2\/2026\/01\/Hydro_Massage_Compact_Balance_Black.png 1090w\" sizes=\"auto, (max-width: 1024px) 100vw, 1024px\" \/><\/figure>\n\n\n\n<figure class=\"wp-block-image size-large\"><img loading=\"lazy\" decoding=\"async\" width=\"1024\" height=\"1024\" data-id=\"10131\" src=\"https:\/\/fluvo.de\/wp-content\/uploads\/sites\/2\/2026\/01\/Hydro_Massage_Compact_Balance_Rosegold-1024x1024.png\" alt=\"\" class=\"wp-image-10131\" srcset=\"https:\/\/fluvo.de\/wp-content\/uploads\/sites\/2\/2026\/01\/Hydro_Massage_Compact_Balance_Rosegold-1024x1024.png 1024w, https:\/\/fluvo.de\/wp-content\/uploads\/sites\/2\/2026\/01\/Hydro_Massage_Compact_Balance_Rosegold-300x300.png 300w, https:\/\/fluvo.de\/wp-content\/uploads\/sites\/2\/2026\/01\/Hydro_Massage_Compact_Balance_Rosegold-150x150.png 150w, https:\/\/fluvo.de\/wp-content\/uploads\/sites\/2\/2026\/01\/Hydro_Massage_Compact_Balance_Rosegold-768x768.png 768w, https:\/\/fluvo.de\/wp-content\/uploads\/sites\/2\/2026\/01\/Hydro_Massage_Compact_Balance_Rosegold.png 1090w\" sizes=\"auto, (max-width: 1024px) 100vw, 1024px\" \/><\/figure>\n\n\n\n<figure class=\"wp-block-image size-large\"><img loading=\"lazy\" decoding=\"async\" width=\"1024\" height=\"1024\" data-id=\"10129\" src=\"https:\/\/fluvo.de\/wp-content\/uploads\/sites\/2\/2026\/01\/Hydro_Massage_Compact_Balance_Black_Gold-1024x1024.png\" alt=\"\" class=\"wp-image-10129\" srcset=\"https:\/\/fluvo.de\/wp-content\/uploads\/sites\/2\/2026\/01\/Hydro_Massage_Compact_Balance_Black_Gold-1024x1024.png 1024w, https:\/\/fluvo.de\/wp-content\/uploads\/sites\/2\/2026\/01\/Hydro_Massage_Compact_Balance_Black_Gold-300x300.png 300w, https:\/\/fluvo.de\/wp-content\/uploads\/sites\/2\/2026\/01\/Hydro_Massage_Compact_Balance_Black_Gold-150x150.png 150w, https:\/\/fluvo.de\/wp-content\/uploads\/sites\/2\/2026\/01\/Hydro_Massage_Compact_Balance_Black_Gold-768x768.png 768w, https:\/\/fluvo.de\/wp-content\/uploads\/sites\/2\/2026\/01\/Hydro_Massage_Compact_Balance_Black_Gold.png 1090w\" sizes=\"auto, (max-width: 1024px) 100vw, 1024px\" \/><\/figure>\n<\/figure>\n<\/div><figure class=\"wp-block-media-text__media\"><img loading=\"lazy\" decoding=\"async\" width=\"1009\" height=\"1024\" src=\"https:\/\/fluvo.de\/wp-content\/uploads\/sites\/2\/2026\/01\/Hydro_Massage_Q-Line_Comfort_Rose-1009x1024.png\" alt=\"\" class=\"wp-image-10123 size-full\" srcset=\"https:\/\/fluvo.de\/wp-content\/uploads\/sites\/2\/2026\/01\/Hydro_Massage_Q-Line_Comfort_Rose-1009x1024.png 1009w, https:\/\/fluvo.de\/wp-content\/uploads\/sites\/2\/2026\/01\/Hydro_Massage_Q-Line_Comfort_Rose-296x300.png 296w, https:\/\/fluvo.de\/wp-content\/uploads\/sites\/2\/2026\/01\/Hydro_Massage_Q-Line_Comfort_Rose-768x779.png 768w, https:\/\/fluvo.de\/wp-content\/uploads\/sites\/2\/2026\/01\/Hydro_Massage_Q-Line_Comfort_Rose.png 1072w\" sizes=\"auto, (max-width: 1009px) 100vw, 1009px\" \/><\/figure><\/div>\n\n<div class=\"wp-block-media-text is-stacked-on-mobile\"><figure class=\"wp-block-media-text__media\"><img loading=\"lazy\" decoding=\"async\" width=\"800\" height=\"800\" src=\"https:\/\/fluvo.de\/wp-content\/uploads\/sites\/2\/2021\/12\/eckige-gegenstromanlage-xanas-q-line-detail1.jpg\" alt=\"\" class=\"wp-image-2563 size-full\" srcset=\"https:\/\/fluvo.de\/wp-content\/uploads\/sites\/2\/2021\/12\/eckige-gegenstromanlage-xanas-q-line-detail1.jpg 800w, https:\/\/fluvo.de\/wp-content\/uploads\/sites\/2\/2021\/12\/eckige-gegenstromanlage-xanas-q-line-detail1-300x300.jpg 300w, https:\/\/fluvo.de\/wp-content\/uploads\/sites\/2\/2021\/12\/eckige-gegenstromanlage-xanas-q-line-detail1-150x150.jpg 150w, https:\/\/fluvo.de\/wp-content\/uploads\/sites\/2\/2021\/12\/eckige-gegenstromanlage-xanas-q-line-detail1-768x768.jpg 768w\" sizes=\"auto, (max-width: 800px) 100vw, 800px\" \/><\/figure><div class=\"wp-block-media-text__content\">\n<h3 class=\"wp-block-heading has-primary-color has-text-color has-link-color wp-elements-827cee5d87976fcead4a309836671739\">Pure inox<\/h3>\n\n\n\n<h3 class=\"wp-block-heading has-text-align-right has-primary-color has-text-color has-link-color wp-elements-78761951234eeeeaebbcad44865343c5\">Esth\u00e9tique et \u00e9l\u00e9gance intemporelles<\/h3>\n\n\n\n<p>Qu\u2019il s\u2019agisse d\u2019une surface mate textur\u00e9e ou d\u2019une finition hautement polie et brillante, les deux variantes s\u00e9duisent par une esth\u00e9tique intemporelle alli\u00e9e \u00e0 une fonctionnalit\u00e9 remarquable\u202f: r\u00e9sistantes aux rayures et extr\u00eamement robustes.<\/p>\n\n\n\n<figure class=\"wp-block-gallery has-nested-images columns-default is-cropped wp-block-gallery-2 is-layout-flex wp-block-gallery-is-layout-flex\">\n<figure class=\"wp-block-image size-large\"><img loading=\"lazy\" decoding=\"async\" width=\"1024\" height=\"683\" data-id=\"10137\" src=\"https:\/\/fluvo.de\/wp-content\/uploads\/sites\/2\/2026\/01\/fluvo_karibic_qline-poliert_3-1024x683.jpg\" alt=\"\" class=\"wp-image-10137\" srcset=\"https:\/\/fluvo.de\/wp-content\/uploads\/sites\/2\/2026\/01\/fluvo_karibic_qline-poliert_3-1024x683.jpg 1024w, https:\/\/fluvo.de\/wp-content\/uploads\/sites\/2\/2026\/01\/fluvo_karibic_qline-poliert_3-300x200.jpg 300w, https:\/\/fluvo.de\/wp-content\/uploads\/sites\/2\/2026\/01\/fluvo_karibic_qline-poliert_3-768x512.jpg 768w, https:\/\/fluvo.de\/wp-content\/uploads\/sites\/2\/2026\/01\/fluvo_karibic_qline-poliert_3-1536x1024.jpg 1536w, https:\/\/fluvo.de\/wp-content\/uploads\/sites\/2\/2026\/01\/fluvo_karibic_qline-poliert_3-2048x1365.jpg 2048w, https:\/\/fluvo.de\/wp-content\/uploads\/sites\/2\/2026\/01\/fluvo_karibic_qline-poliert_3-1920x1280.jpg 1920w\" sizes=\"auto, (max-width: 1024px) 100vw, 1024px\" \/><\/figure>\n\n\n\n<figure class=\"wp-block-image size-large\"><img loading=\"lazy\" decoding=\"async\" width=\"500\" height=\"500\" data-id=\"9592\" src=\"https:\/\/fluvo.de\/wp-content\/uploads\/sites\/2\/2025\/09\/Schmalenberger-Scheinwerfer-52-scaled-e1757574476120.jpg\" alt=\"\" class=\"wp-image-9592\" \/><\/figure>\n\n\n\n<figure class=\"wp-block-image size-large\"><img loading=\"lazy\" decoding=\"async\" width=\"800\" height=\"800\" data-id=\"2756\" src=\"https:\/\/fluvo.de\/wp-content\/uploads\/sites\/2\/2021\/12\/masageduese-comfort-q-line.jpg\" alt=\"\" class=\"wp-image-2756\" srcset=\"https:\/\/fluvo.de\/wp-content\/uploads\/sites\/2\/2021\/12\/masageduese-comfort-q-line.jpg 800w, https:\/\/fluvo.de\/wp-content\/uploads\/sites\/2\/2021\/12\/masageduese-comfort-q-line-300x300.jpg 300w, https:\/\/fluvo.de\/wp-content\/uploads\/sites\/2\/2021\/12\/masageduese-comfort-q-line-150x150.jpg 150w, https:\/\/fluvo.de\/wp-content\/uploads\/sites\/2\/2021\/12\/masageduese-comfort-q-line-768x768.jpg 768w\" sizes=\"auto, (max-width: 800px) 100vw, 800px\" \/><\/figure>\n<\/figure>\n<\/div><\/div>\n\n<hr class=\"wp-block-separator has-text-color has-primary-color has-alpha-channel-opacity has-primary-background-color has-background is-style-wide\" \/>\n\n<div class=\"wp-block-media-text is-stacked-on-mobile\"><figure class=\"wp-block-media-text__media\"><img loading=\"lazy\" decoding=\"async\" width=\"900\" height=\"900\" src=\"https:\/\/fluvo.de\/wp-content\/uploads\/sites\/2\/2026\/01\/XANAS_Basic_Sensor_Schwarz_weiss.jpg\" alt=\"\" class=\"wp-image-10141 size-full\" srcset=\"https:\/\/fluvo.de\/wp-content\/uploads\/sites\/2\/2026\/01\/XANAS_Basic_Sensor_Schwarz_weiss.jpg 900w, https:\/\/fluvo.de\/wp-content\/uploads\/sites\/2\/2026\/01\/XANAS_Basic_Sensor_Schwarz_weiss-300x300.jpg 300w, https:\/\/fluvo.de\/wp-content\/uploads\/sites\/2\/2026\/01\/XANAS_Basic_Sensor_Schwarz_weiss-150x150.jpg 150w, https:\/\/fluvo.de\/wp-content\/uploads\/sites\/2\/2026\/01\/XANAS_Basic_Sensor_Schwarz_weiss-768x768.jpg 768w\" sizes=\"auto, (max-width: 900px) 100vw, 900px\" \/><\/figure><div class=\"wp-block-media-text__content\">\n<h3 class=\"wp-block-heading has-primary-color has-text-color has-link-color wp-elements-4797dc26b652d2a28dfa3e321c019e6a\">High-Performance Polymer<\/h3>\n\n\n\n<p>Nos polym\u00e8res haute performance allient une r\u00e9sistance maximale \u00e0 une remarquable stabilit\u00e9 de forme et une longue dur\u00e9e de vie.<\/p>\n<\/div><\/div>\n\n<hr class=\"wp-block-separator has-text-color has-primary-color has-alpha-channel-opacity has-primary-background-color has-background is-style-wide\" \/>\n\n<div class=\"wp-block-media-text is-stacked-on-mobile\"><figure class=\"wp-block-media-text__media\"><img loading=\"lazy\" decoding=\"async\" width=\"1024\" height=\"683\" src=\"https:\/\/fluvo.de\/wp-content\/uploads\/sites\/2\/2021\/12\/carbon-schwalldusche-cobra-1024x683.jpg\" alt=\"\" class=\"wp-image-2897 size-full\" srcset=\"https:\/\/fluvo.de\/wp-content\/uploads\/sites\/2\/2021\/12\/carbon-schwalldusche-cobra-1024x683.jpg 1024w, https:\/\/fluvo.de\/wp-content\/uploads\/sites\/2\/2021\/12\/carbon-schwalldusche-cobra-300x200.jpg 300w, https:\/\/fluvo.de\/wp-content\/uploads\/sites\/2\/2021\/12\/carbon-schwalldusche-cobra-768x512.jpg 768w, https:\/\/fluvo.de\/wp-content\/uploads\/sites\/2\/2021\/12\/carbon-schwalldusche-cobra.jpg 1500w\" sizes=\"auto, (max-width: 1024px) 100vw, 1024px\" \/><\/figure><div class=\"wp-block-media-text__content\">\n<h3 class=\"wp-block-heading has-primary-color has-text-color has-link-color wp-elements-b17a2e015904efe38720dec8deb9e02a\">Carbon<\/h3>\n\n\n\n<p>Ultral\u00e9ger et r\u00e9sistant, avec une structure textile caract\u00e9ristique\u202f: le carbone allie fonctionnalit\u00e9 et \u00e9l\u00e9gance.<\/p>\n\n\n<div class=\"wp-block-image\">\n<figure class=\"aligncenter size-full is-resized\"><img loading=\"lazy\" decoding=\"async\" width=\"1000\" height=\"1000\" src=\"https:\/\/fluvo.de\/wp-content\/uploads\/sites\/2\/2022\/02\/schwalldusche-aus-carbon-weiss.jpg\" alt=\"\" class=\"wp-image-5279\" style=\"width:311px;height:auto\" srcset=\"https:\/\/fluvo.de\/wp-content\/uploads\/sites\/2\/2022\/02\/schwalldusche-aus-carbon-weiss.jpg 1000w, https:\/\/fluvo.de\/wp-content\/uploads\/sites\/2\/2022\/02\/schwalldusche-aus-carbon-weiss-300x300.jpg 300w, https:\/\/fluvo.de\/wp-content\/uploads\/sites\/2\/2022\/02\/schwalldusche-aus-carbon-weiss-150x150.jpg 150w, https:\/\/fluvo.de\/wp-content\/uploads\/sites\/2\/2022\/02\/schwalldusche-aus-carbon-weiss-768x768.jpg 768w\" sizes=\"auto, (max-width: 1000px) 100vw, 1000px\" \/><\/figure>\n<\/div><\/div><\/div>\n\n<hr class=\"wp-block-separator has-text-color has-primary-color has-alpha-channel-opacity has-primary-background-color has-background is-style-wide\" \/>\n\n\n<div class=\"wp-block-v4core-inner-blocks SEOHeading\">\n<h2 class=\"has-text-align-center SEOHeading-heading is-style-heading-withLine wp-block-heading\" id=\"wir-freuen-uns-auf-ihre-anfrage\"><strong>NOUS NOUS R\u00c9JOUISSONS DE RECEVOIR VOTRE DEMANDE<\/strong><\/h2>\n\n\n\n<p class=\"has-text-align-center SEOHeading-fauxHeading\">Contactez-nous d\u00e8s maintenant&nbsp;!<\/p>\n<\/div>\n\n\n\n\n<div class=\"wp-block-columns is-layout-flex wp-container-core-columns-is-layout-9d6595d7 wp-block-columns-is-layout-flex\">\n<div class=\"wp-block-column is-layout-flow wp-block-column-is-layout-flow\">\n<div class=\"wp-block-image is-style-rounded\"><figure class=\"aligncenter size-full is-resized\"><img loading=\"lazy\" decoding=\"async\" src=\"https:\/\/fluvo.de\/wp-content\/uploads\/sites\/2\/2022\/03\/franck-jarrier.jpg\" alt=\"\" class=\"wp-image-6964\" width=\"275\" height=\"275\" srcset=\"https:\/\/fluvo.de\/wp-content\/uploads\/sites\/2\/2022\/03\/franck-jarrier.jpg 800w, https:\/\/fluvo.de\/wp-content\/uploads\/sites\/2\/2022\/03\/franck-jarrier-300x300.jpg 300w, https:\/\/fluvo.de\/wp-content\/uploads\/sites\/2\/2022\/03\/franck-jarrier-150x150.jpg 150w, https:\/\/fluvo.de\/wp-content\/uploads\/sites\/2\/2022\/03\/franck-jarrier-768x768.jpg 768w\" sizes=\"auto, (max-width: 275px) 100vw, 275px\" \/><\/figure><\/div>\n\n\n\n<p class=\"has-text-align-center\"><strong>Franck JARRIER<br><\/strong><em>Responsable France<br><\/em>T\u00e9l. : +33 (0)6 73 17 34 72<br><a href=\"mailto:franck.jarrier@schmalenberger.de\">franck.jarrier@schmalenberger.de<\/a><\/p>\n<\/div>\n\n\n\n<div class=\"wp-block-column is-layout-flow wp-block-column-is-layout-flow\">\n<div class=\"wp-block-image is-style-rounded\"><figure class=\"aligncenter size-full is-resized\"><img loading=\"lazy\" decoding=\"async\" src=\"https:\/\/fluvo.de\/wp-content\/uploads\/sites\/2\/2022\/03\/sabine-bunel.jpg\" alt=\"\" class=\"wp-image-6967\" width=\"275\" height=\"275\" srcset=\"https:\/\/fluvo.de\/wp-content\/uploads\/sites\/2\/2022\/03\/sabine-bunel.jpg 800w, https:\/\/fluvo.de\/wp-content\/uploads\/sites\/2\/2022\/03\/sabine-bunel-300x300.jpg 300w, https:\/\/fluvo.de\/wp-content\/uploads\/sites\/2\/2022\/03\/sabine-bunel-150x150.jpg 150w, https:\/\/fluvo.de\/wp-content\/uploads\/sites\/2\/2022\/03\/sabine-bunel-768x768.jpg 768w\" sizes=\"auto, (max-width: 275px) 100vw, 275px\" \/><\/figure><\/div>\n\n\n\n<p class=\"has-text-align-center\"><strong>Sabine BUNEL<br><\/strong><em>Assistante technico-commerciale<br><\/em>T\u00e9l. : +33 (0)2 47 80 48 81<br><a href=\"mailto:sabine.bunel@schmalenberger.de\">sabine.bunel@schmalenberger.de<\/a><\/p>\n<\/div>\n\n\n\n<div class=\"wp-block-column is-layout-flow wp-block-column-is-layout-flow\">\n<div class=\"wp-block-image is-style-rounded\"><figure class=\"aligncenter size-full is-resized\"><img loading=\"lazy\" decoding=\"async\" src=\"https:\/\/fluvo.de\/wp-content\/uploads\/sites\/2\/2022\/03\/samuel-hedel.jpg\" alt=\"\" class=\"wp-image-6970\" width=\"275\" height=\"275\" srcset=\"https:\/\/fluvo.de\/wp-content\/uploads\/sites\/2\/2022\/03\/samuel-hedel.jpg 800w, https:\/\/fluvo.de\/wp-content\/uploads\/sites\/2\/2022\/03\/samuel-hedel-300x300.jpg 300w, https:\/\/fluvo.de\/wp-content\/uploads\/sites\/2\/2022\/03\/samuel-hedel-150x150.jpg 150w, https:\/\/fluvo.de\/wp-content\/uploads\/sites\/2\/2022\/03\/samuel-hedel-768x768.jpg 768w\" sizes=\"auto, (max-width: 275px) 100vw, 275px\" \/><\/figure><\/div>\n\n\n\n<p class=\"has-text-align-center\"><strong>Samuel HEDEL<br><\/strong><em>Technico-commercial France Sud<br><\/em>T\u00e9l. : +33 (0)6 79 80 87 78<br><a href=\"mailto:samuel.hedel@schmalenberger.de\">samuel.hedel@schmalenberger.de<\/a><\/p>\n<\/div>\n<\/div>\n","protected":false},"excerpt":{"rendered":"<p>D\u00e9couvrez nos mat\u00e9riaux de haute qualit\u00e9 \u2013 la base de produits qui enthousiasment et convainquent durablement.<\/p>\n","protected":false},"author":176,"featured_media":10158,"parent":0,"menu_order":0,"comment_status":"closed","ping_status":"closed","template":"","meta":{"_acf_changed":false,"footnotes":""},"class_list":["post-10258","page","type-page","status-publish","has-post-thumbnail","hentry"],"acf":[],"_links":{"self":[{"href":"https:\/\/fluvo.de\/fr\/wp-json\/wp\/v2\/pages\/10258","targetHints":{"allow":["GET"]}}],"collection":[{"href":"https:\/\/fluvo.de\/fr\/wp-json\/wp\/v2\/pages"}],"about":[{"href":"https:\/\/fluvo.de\/fr\/wp-json\/wp\/v2\/types\/page"}],"author":[{"embeddable":true,"href":"https:\/\/fluvo.de\/fr\/wp-json\/wp\/v2\/users\/176"}],"replies":[{"embeddable":true,"href":"https:\/\/fluvo.de\/fr\/wp-json\/wp\/v2\/comments?post=10258"}],"version-history":[{"count":1,"href":"https:\/\/fluvo.de\/fr\/wp-json\/wp\/v2\/pages\/10258\/revisions"}],"predecessor-version":[{"id":10259,"href":"https:\/\/fluvo.de\/fr\/wp-json\/wp\/v2\/pages\/10258\/revisions\/10259"}],"wp:featuredmedia":[{"embeddable":true,"href":"https:\/\/fluvo.de\/fr\/wp-json\/wp\/v2\/media\/10158"}],"wp:attachment":[{"href":"https:\/\/fluvo.de\/fr\/wp-json\/wp\/v2\/media?parent=10258"}],"curies":[{"name":"wp","href":"https:\/\/api.w.org\/{rel}","templated":true}]}}