{"id":10253,"date":"2026-02-17T14:39:26","date_gmt":"2026-02-17T13:39:26","guid":{"rendered":"https:\/\/fluvo.de\/fluvo-meets-teclumen\/"},"modified":"2026-03-20T09:50:47","modified_gmt":"2026-03-20T08:50:47","slug":"fluvo-meets-teclumen","status":"publish","type":"page","link":"https:\/\/fluvo.de\/fr\/fluvo-meets-teclumen\/","title":{"rendered":"fluvo meets Teclumen"},"content":{"rendered":"\n<h1 class=\"wp-block-heading has-text-align-center\">Des concepts lumineux individuels pour une architecture de piscine exclusive<\/h1>\n\n<div class=\"wp-block-cover is-light\" style=\"min-height:130px;aspect-ratio:unset;\"><span aria-hidden=\"true\" class=\"wp-block-cover__background has-light-gray-background-color has-background-dim-100 has-background-dim\"><\/span><div class=\"wp-block-cover__inner-container is-layout-constrained wp-block-cover-is-layout-constrained\">\n<hr class=\"wp-block-separator has-text-color has-primary-color has-alpha-channel-opacity has-primary-background-color has-background is-style-wide\" \/>\n\n\n\n<h2 class=\"wp-block-heading has-text-align-center\"><strong><em>fluvo<\/em><\/strong><sup>\u00ae<\/sup> meets Teclumen<\/h2>\n\n\n\n<h3 class=\"wp-block-heading has-text-align-center\">La r\u00e9ponse aux concepts de piscines architecturaux exigeants<\/h3>\n\n\n\n<hr class=\"wp-block-separator has-text-color has-primary-color has-alpha-channel-opacity has-primary-background-color has-background is-style-wide\" \/>\n<\/div><\/div>\n\n<div class=\"wp-block-media-text has-media-on-the-right is-stacked-on-mobile is-vertically-aligned-center\"><div class=\"wp-block-media-text__content\">\n<p>La collaboration de ces deux partenaires forts offre aux concepteurs, architectes et constructeurs de piscines de nouvelles libert\u00e9s pour mettre en sc\u00e8ne, avec une pr\u00e9cision technique et une esth\u00e9tique remarquable, des plans d\u2019eau, des escaliers et des zones peu profondes \u2013 fond\u00e9e sur le savoir\u2011faire italien en mati\u00e8re de design lumineux et la pr\u00e9cision allemande dans la technologie de l\u2019eau.<\/p>\n\n\n\n<figure class=\"wp-block-image size-large\"><img loading=\"lazy\" decoding=\"async\" width=\"1024\" height=\"723\" src=\"https:\/\/fluvo.de\/wp-content\/uploads\/sites\/2\/2026\/01\/Swimming_pool_Teclumen_Nacht-1024x723.jpg\" alt=\"\" class=\"wp-image-10093\" srcset=\"https:\/\/fluvo.de\/wp-content\/uploads\/sites\/2\/2026\/01\/Swimming_pool_Teclumen_Nacht-1024x723.jpg 1024w, https:\/\/fluvo.de\/wp-content\/uploads\/sites\/2\/2026\/01\/Swimming_pool_Teclumen_Nacht-300x212.jpg 300w, https:\/\/fluvo.de\/wp-content\/uploads\/sites\/2\/2026\/01\/Swimming_pool_Teclumen_Nacht-768x542.jpg 768w, https:\/\/fluvo.de\/wp-content\/uploads\/sites\/2\/2026\/01\/Swimming_pool_Teclumen_Nacht-1536x1084.jpg 1536w, https:\/\/fluvo.de\/wp-content\/uploads\/sites\/2\/2026\/01\/Swimming_pool_Teclumen_Nacht.jpg 1739w\" sizes=\"auto, (max-width: 1024px) 100vw, 1024px\" \/><\/figure>\n<\/div><figure class=\"wp-block-media-text__media\"><img loading=\"lazy\" decoding=\"async\" width=\"1024\" height=\"723\" src=\"https:\/\/fluvo.de\/wp-content\/uploads\/sites\/2\/2026\/01\/Swimming_pool_Teclumen_Ausrichtung_seitlich-1024x723.jpg\" alt=\"\" class=\"wp-image-10090 size-full\" srcset=\"https:\/\/fluvo.de\/wp-content\/uploads\/sites\/2\/2026\/01\/Swimming_pool_Teclumen_Ausrichtung_seitlich-1024x723.jpg 1024w, https:\/\/fluvo.de\/wp-content\/uploads\/sites\/2\/2026\/01\/Swimming_pool_Teclumen_Ausrichtung_seitlich-300x212.jpg 300w, https:\/\/fluvo.de\/wp-content\/uploads\/sites\/2\/2026\/01\/Swimming_pool_Teclumen_Ausrichtung_seitlich-768x542.jpg 768w, https:\/\/fluvo.de\/wp-content\/uploads\/sites\/2\/2026\/01\/Swimming_pool_Teclumen_Ausrichtung_seitlich-1536x1084.jpg 1536w, https:\/\/fluvo.de\/wp-content\/uploads\/sites\/2\/2026\/01\/Swimming_pool_Teclumen_Ausrichtung_seitlich.jpg 1738w\" sizes=\"auto, (max-width: 1024px) 100vw, 1024px\" \/><\/figure><\/div>\n\n<div class=\"wp-block-cover is-light\"><span aria-hidden=\"true\" class=\"wp-block-cover__background has-light-gray-background-color has-background-dim-100 has-background-dim\"><\/span><div class=\"wp-block-cover__inner-container is-layout-constrained wp-block-cover-is-layout-constrained\">\n<hr class=\"wp-block-separator has-text-color has-primary-color has-alpha-channel-opacity has-primary-background-color has-background\" \/>\n\n\n\n<h3 class=\"wp-block-heading\"><div>S\u00e9rie PERLA &#8211; Pr\u00e9cision dans la compacit\u00e9<\/div><\/h3>\n\n\n\n<div class=\"wp-block-cover\"><img loading=\"lazy\" decoding=\"async\" width=\"2560\" height=\"1533\" class=\"wp-block-cover__image-background wp-image-9994 size-full\" alt=\"\" src=\"https:\/\/fluvo.de\/wp-content\/uploads\/sites\/2\/2026\/01\/swimming-pool-referenz-perla-scaled.jpg\" data-object-fit=\"cover\" srcset=\"https:\/\/fluvo.de\/wp-content\/uploads\/sites\/2\/2026\/01\/swimming-pool-referenz-perla-scaled.jpg 2560w, https:\/\/fluvo.de\/wp-content\/uploads\/sites\/2\/2026\/01\/swimming-pool-referenz-perla-300x180.jpg 300w, https:\/\/fluvo.de\/wp-content\/uploads\/sites\/2\/2026\/01\/swimming-pool-referenz-perla-1024x613.jpg 1024w, https:\/\/fluvo.de\/wp-content\/uploads\/sites\/2\/2026\/01\/swimming-pool-referenz-perla-768x460.jpg 768w, https:\/\/fluvo.de\/wp-content\/uploads\/sites\/2\/2026\/01\/swimming-pool-referenz-perla-1536x920.jpg 1536w, https:\/\/fluvo.de\/wp-content\/uploads\/sites\/2\/2026\/01\/swimming-pool-referenz-perla-2048x1226.jpg 2048w, https:\/\/fluvo.de\/wp-content\/uploads\/sites\/2\/2026\/01\/swimming-pool-referenz-perla-1920x1149.jpg 1920w\" sizes=\"auto, (max-width: 2560px) 100vw, 2560px\" \/><span aria-hidden=\"true\" class=\"wp-block-cover__background has-background-dim\" style=\"background-color:#5d687b\"><\/span><div class=\"wp-block-cover__inner-container is-layout-constrained wp-block-cover-is-layout-constrained\">\n<p>PERLA, MiniPERLA et microPERLA combinent un design minimaliste avec une haute efficacit\u00e9. Id\u00e9al pour des touches lumineuses cibl\u00e9es comme les marches, les zones d&rsquo;assises et les espaces peu profonds.<\/p>\n\n\n\n<div class=\"wp-block-columns is-layout-flex wp-container-core-columns-is-layout-9d6595d7 wp-block-columns-is-layout-flex\">\n<div class=\"wp-block-column is-layout-flow wp-block-column-is-layout-flow\">\n<h4 class=\"wp-block-heading has-text-align-center\">PERLA<\/h4>\n\n\n\n<figure class=\"wp-block-image size-large\"><img loading=\"lazy\" decoding=\"async\" width=\"1024\" height=\"1024\" src=\"https:\/\/fluvo.de\/wp-content\/uploads\/sites\/2\/2026\/01\/Perla-1024x1024.png\" alt=\"\" class=\"wp-image-9955\" srcset=\"https:\/\/fluvo.de\/wp-content\/uploads\/sites\/2\/2026\/01\/Perla-1024x1024.png 1024w, https:\/\/fluvo.de\/wp-content\/uploads\/sites\/2\/2026\/01\/Perla-300x300.png 300w, https:\/\/fluvo.de\/wp-content\/uploads\/sites\/2\/2026\/01\/Perla-150x150.png 150w, https:\/\/fluvo.de\/wp-content\/uploads\/sites\/2\/2026\/01\/Perla-768x768.png 768w, https:\/\/fluvo.de\/wp-content\/uploads\/sites\/2\/2026\/01\/Perla-1280x1280.png 1280w, https:\/\/fluvo.de\/wp-content\/uploads\/sites\/2\/2026\/01\/Perla.png 1440w\" sizes=\"auto, (max-width: 1024px) 100vw, 1024px\" \/><\/figure>\n<\/div>\n\n\n\n<div class=\"wp-block-column is-layout-flow wp-block-column-is-layout-flow\">\n<h4 class=\"wp-block-heading has-text-align-center\">MiniPERLA<\/h4>\n\n\n\n<figure class=\"wp-block-image size-large\"><img loading=\"lazy\" decoding=\"async\" width=\"1024\" height=\"1024\" src=\"https:\/\/fluvo.de\/wp-content\/uploads\/sites\/2\/2026\/01\/Mini_perla-1024x1024.png\" alt=\"\" class=\"wp-image-9952\" srcset=\"https:\/\/fluvo.de\/wp-content\/uploads\/sites\/2\/2026\/01\/Mini_perla-1024x1024.png 1024w, https:\/\/fluvo.de\/wp-content\/uploads\/sites\/2\/2026\/01\/Mini_perla-300x300.png 300w, https:\/\/fluvo.de\/wp-content\/uploads\/sites\/2\/2026\/01\/Mini_perla-150x150.png 150w, https:\/\/fluvo.de\/wp-content\/uploads\/sites\/2\/2026\/01\/Mini_perla-768x768.png 768w, https:\/\/fluvo.de\/wp-content\/uploads\/sites\/2\/2026\/01\/Mini_perla-1280x1280.png 1280w, https:\/\/fluvo.de\/wp-content\/uploads\/sites\/2\/2026\/01\/Mini_perla.png 1440w\" sizes=\"auto, (max-width: 1024px) 100vw, 1024px\" \/><\/figure>\n<\/div>\n\n\n\n<div class=\"wp-block-column is-layout-flow wp-block-column-is-layout-flow\">\n<h4 class=\"wp-block-heading has-text-align-center\">microPERLA<\/h4>\n\n\n\n<figure class=\"wp-block-image size-large\"><img loading=\"lazy\" decoding=\"async\" width=\"1024\" height=\"1024\" src=\"https:\/\/fluvo.de\/wp-content\/uploads\/sites\/2\/2026\/01\/Micro_perla-1024x1024.png\" alt=\"\" class=\"wp-image-9949\" srcset=\"https:\/\/fluvo.de\/wp-content\/uploads\/sites\/2\/2026\/01\/Micro_perla-1024x1024.png 1024w, https:\/\/fluvo.de\/wp-content\/uploads\/sites\/2\/2026\/01\/Micro_perla-300x300.png 300w, https:\/\/fluvo.de\/wp-content\/uploads\/sites\/2\/2026\/01\/Micro_perla-150x150.png 150w, https:\/\/fluvo.de\/wp-content\/uploads\/sites\/2\/2026\/01\/Micro_perla-768x768.png 768w, https:\/\/fluvo.de\/wp-content\/uploads\/sites\/2\/2026\/01\/Micro_perla-1280x1280.png 1280w, https:\/\/fluvo.de\/wp-content\/uploads\/sites\/2\/2026\/01\/Micro_perla.png 1440w\" sizes=\"auto, (max-width: 1024px) 100vw, 1024px\" \/><\/figure>\n<\/div>\n<\/div>\n\n\n\n<details class=\"wp-block-details is-layout-flow wp-block-details-is-layout-flow\"><summary><strong>PERLA<\/strong><\/summary>\n<figure class=\"wp-block-table is-style-bottom-line-icons\"><table><thead><tr><th><\/th><th class=\"has-text-align-center\" data-align=\"center\">LED<\/th><th class=\"has-text-align-center\" data-align=\"center\">RGBW<\/th><\/tr><\/thead><tbody><tr><td>Puissance en watts (W)<\/td><td class=\"has-text-align-center\" data-align=\"center\">40<\/td><td class=\"has-text-align-center\" data-align=\"center\">45<\/td><\/tr><tr><td>Angle d&rsquo;\u00e9clairage<\/td><td class=\"has-text-align-center\" data-align=\"center\">120<\/td><td class=\"has-text-align-center\" data-align=\"center\">120<\/td><\/tr><tr><td>\u00c9clairement m\u00b2<\/td><td class=\"has-text-align-center\" data-align=\"center\">20 &#8211; 25<\/td><td class=\"has-text-align-center\" data-align=\"center\">20 &#8211; 25<\/td><\/tr><tr><td>Intensit\u00e9 lumineuse<\/td><td class=\"has-text-align-center\" data-align=\"center\">5000 K | 4330 lm<\/td><td class=\"has-text-align-center\" data-align=\"center\">max. 2556 lm<\/td><\/tr><tr><td><\/td><td class=\"has-text-align-center\" data-align=\"center\">3000 K | 3750 lm<\/td><td class=\"has-text-align-center\" data-align=\"center\"><\/td><\/tr><\/tbody><\/table><\/figure>\n<\/details>\n\n\n\n<details class=\"wp-block-details is-layout-flow wp-block-details-is-layout-flow\"><summary><strong>MiniPERLA<\/strong><\/summary>\n<figure class=\"wp-block-table is-style-bottom-line-icons\"><table class=\"has-fixed-layout\"><thead><tr><th><\/th><th class=\"has-text-align-center\" data-align=\"center\">LED<\/th><th class=\"has-text-align-center\" data-align=\"center\">RGBW<\/th><\/tr><\/thead><tbody><tr><td>Puissance en watts (W)<\/td><td class=\"has-text-align-center\" data-align=\"center\">24<\/td><td class=\"has-text-align-center\" data-align=\"center\">19<\/td><\/tr><tr><td>Angle d&rsquo;\u00e9clairage<\/td><td class=\"has-text-align-center\" data-align=\"center\">120<\/td><td class=\"has-text-align-center\" data-align=\"center\">120<\/td><\/tr><tr><td>\u00c9clairement m\u00b2<\/td><td class=\"has-text-align-center\" data-align=\"center\">15 &#8211; 20<\/td><td class=\"has-text-align-center\" data-align=\"center\">15 &#8211; 20<\/td><\/tr><tr><td>Intensit\u00e9 lumineuse<\/td><td class=\"has-text-align-center\" data-align=\"center\">5000 K | 2795 lm<\/td><td class=\"has-text-align-center\" data-align=\"center\">1130 lm<\/td><\/tr><tr><td><\/td><td class=\"has-text-align-center\" data-align=\"center\">3000 K | 2510 lm<\/td><td class=\"has-text-align-center\" data-align=\"center\"><\/td><\/tr><\/tbody><\/table><\/figure>\n<\/details>\n\n\n\n<details class=\"wp-block-details is-layout-flow wp-block-details-is-layout-flow\"><summary><strong>microPERLA<\/strong><\/summary>\n<figure class=\"wp-block-table is-style-bottom-line-icons\"><table class=\"has-fixed-layout\"><thead><tr><th><\/th><th class=\"has-text-align-center\" data-align=\"center\">LED<\/th><th class=\"has-text-align-center\" data-align=\"center\">RGBW<\/th><\/tr><\/thead><tbody><tr><td>Puissance en watts (W)<\/td><td class=\"has-text-align-center\" data-align=\"center\">4<\/td><td class=\"has-text-align-center\" data-align=\"center\">4<\/td><\/tr><tr><td>Angle d&rsquo;\u00e9clairage<\/td><td class=\"has-text-align-center\" data-align=\"center\">120<\/td><td class=\"has-text-align-center\" data-align=\"center\">120<\/td><\/tr><tr><td>\u00c9clairement m\u00b2<\/td><td class=\"has-text-align-center\" data-align=\"center\">jusqu\u00b4 \u00e0 5<\/td><td class=\"has-text-align-center\" data-align=\"center\">jusqu\u00b4 \u00e0 5<\/td><\/tr><tr><td>Intensit\u00e9 lumineuse<\/td><td class=\"has-text-align-center\" data-align=\"center\">5000 K | 286 lm<\/td><td class=\"has-text-align-center\" data-align=\"center\">353 lm<\/td><\/tr><tr><td><\/td><td class=\"has-text-align-center\" data-align=\"center\">3000 K | 256 lm<\/td><td class=\"has-text-align-center\" data-align=\"center\"><\/td><\/tr><\/tbody><\/table><\/figure>\n<\/details>\n<\/div><\/div>\n\n\n\n<hr class=\"wp-block-separator has-text-color has-primary-color has-alpha-channel-opacity has-primary-background-color has-background is-style-default\" \/>\n<\/div><\/div>\n\n<div class=\"wp-block-cover is-light\"><span aria-hidden=\"true\" class=\"wp-block-cover__background has-light-gray-background-color has-background-dim-100 has-background-dim\"><\/span><div class=\"wp-block-cover__inner-container is-layout-constrained wp-block-cover-is-layout-constrained\">\n<hr class=\"wp-block-separator has-text-color has-primary-color has-alpha-channel-opacity has-primary-background-color has-background is-style-wide\" \/>\n\n\n\n<h3 class=\"wp-block-heading\">S\u00e9rie LINEA &#8211; Des lignes lumineuses pour une architecture dans l&rsquo;eau<\/h3>\n\n\n\n<div class=\"wp-block-cover\"><img loading=\"lazy\" decoding=\"async\" width=\"2560\" height=\"1920\" class=\"wp-block-cover__image-background wp-image-10021 size-full\" alt=\"\" src=\"https:\/\/fluvo.de\/wp-content\/uploads\/sites\/2\/2026\/01\/swimming-pool-referenz-linea-scaled.jpg\" data-object-fit=\"cover\" srcset=\"https:\/\/fluvo.de\/wp-content\/uploads\/sites\/2\/2026\/01\/swimming-pool-referenz-linea-scaled.jpg 2560w, https:\/\/fluvo.de\/wp-content\/uploads\/sites\/2\/2026\/01\/swimming-pool-referenz-linea-300x225.jpg 300w, https:\/\/fluvo.de\/wp-content\/uploads\/sites\/2\/2026\/01\/swimming-pool-referenz-linea-1024x768.jpg 1024w, https:\/\/fluvo.de\/wp-content\/uploads\/sites\/2\/2026\/01\/swimming-pool-referenz-linea-768x576.jpg 768w, https:\/\/fluvo.de\/wp-content\/uploads\/sites\/2\/2026\/01\/swimming-pool-referenz-linea-1536x1152.jpg 1536w, https:\/\/fluvo.de\/wp-content\/uploads\/sites\/2\/2026\/01\/swimming-pool-referenz-linea-2048x1536.jpg 2048w, https:\/\/fluvo.de\/wp-content\/uploads\/sites\/2\/2026\/01\/swimming-pool-referenz-linea-1707x1280.jpg 1707w\" sizes=\"auto, (max-width: 2560px) 100vw, 2560px\" \/><span aria-hidden=\"true\" class=\"wp-block-cover__background has-background-dim\" style=\"background-color:#6d707e\"><\/span><div class=\"wp-block-cover__inner-container is-layout-constrained wp-block-cover-is-layout-constrained\">\n<p>LINEA et MiniLINEA cr\u00e9ent des lignes claires et un \u00e9clairage homog\u00e8ne. Parfaites pour les formes de piscines modernes, les goulottes de d\u00e9bordement ou les \u00e9l\u00e9ments de design qui relient l&rsquo;eau et l&rsquo;architecture.<\/p>\n\n\n\n<div class=\"wp-block-columns is-layout-flex wp-container-core-columns-is-layout-9d6595d7 wp-block-columns-is-layout-flex\">\n<div class=\"wp-block-column is-layout-flow wp-block-column-is-layout-flow\">\n<h4 class=\"wp-block-heading has-text-align-center\">LINEA<\/h4>\n\n\n<div class=\"wp-block-image\">\n<figure class=\"aligncenter size-large is-resized\"><img loading=\"lazy\" decoding=\"async\" width=\"1024\" height=\"683\" src=\"https:\/\/fluvo.de\/wp-content\/uploads\/sites\/2\/2026\/01\/Linea-edited-1024x683.png\" alt=\"\" class=\"wp-image-10006\" style=\"aspect-ratio:1.4993223620522749;width:337px;height:auto\" srcset=\"https:\/\/fluvo.de\/wp-content\/uploads\/sites\/2\/2026\/01\/Linea-edited-1024x683.png 1024w, https:\/\/fluvo.de\/wp-content\/uploads\/sites\/2\/2026\/01\/Linea-edited-300x200.png 300w, https:\/\/fluvo.de\/wp-content\/uploads\/sites\/2\/2026\/01\/Linea-edited-768x512.png 768w, https:\/\/fluvo.de\/wp-content\/uploads\/sites\/2\/2026\/01\/Linea-edited-1536x1024.png 1536w, https:\/\/fluvo.de\/wp-content\/uploads\/sites\/2\/2026\/01\/Linea-edited.png 1920w\" sizes=\"auto, (max-width: 1024px) 100vw, 1024px\" \/><\/figure>\n<\/div><\/div>\n\n\n\n<div class=\"wp-block-column is-layout-flow wp-block-column-is-layout-flow\">\n<h4 class=\"wp-block-heading has-text-align-center\">MiniLINEA<\/h4>\n\n\n<div class=\"wp-block-image\">\n<figure class=\"aligncenter size-large is-resized\"><img loading=\"lazy\" decoding=\"async\" width=\"1024\" height=\"1024\" src=\"https:\/\/fluvo.de\/wp-content\/uploads\/sites\/2\/2026\/01\/Mini_Linea-1024x1024.png\" alt=\"\" class=\"wp-image-9965\" style=\"width:187px;height:auto\" srcset=\"https:\/\/fluvo.de\/wp-content\/uploads\/sites\/2\/2026\/01\/Mini_Linea-1024x1024.png 1024w, https:\/\/fluvo.de\/wp-content\/uploads\/sites\/2\/2026\/01\/Mini_Linea-300x300.png 300w, https:\/\/fluvo.de\/wp-content\/uploads\/sites\/2\/2026\/01\/Mini_Linea-150x150.png 150w, https:\/\/fluvo.de\/wp-content\/uploads\/sites\/2\/2026\/01\/Mini_Linea-768x768.png 768w, https:\/\/fluvo.de\/wp-content\/uploads\/sites\/2\/2026\/01\/Mini_Linea-1280x1280.png 1280w, https:\/\/fluvo.de\/wp-content\/uploads\/sites\/2\/2026\/01\/Mini_Linea.png 1440w\" sizes=\"auto, (max-width: 1024px) 100vw, 1024px\" \/><\/figure>\n<\/div><\/div>\n<\/div>\n\n\n\n<details class=\"wp-block-details is-layout-flow wp-block-details-is-layout-flow\"><summary><strong>LINEA<\/strong><\/summary>\n<figure class=\"wp-block-table is-style-bottom-line-icons\"><table class=\"has-fixed-layout\"><thead><tr><th><\/th><th class=\"has-text-align-center\" data-align=\"center\">LED<\/th><th class=\"has-text-align-center\" data-align=\"center\">RGBW<\/th><\/tr><\/thead><tbody><tr><td>Puissance en watts (W)<\/td><td class=\"has-text-align-center\" data-align=\"center\">25<\/td><td class=\"has-text-align-center\" data-align=\"center\">43<\/td><\/tr><tr><td>Angle d&rsquo;\u00e9clairage<\/td><td class=\"has-text-align-center\" data-align=\"center\">120<\/td><td class=\"has-text-align-center\" data-align=\"center\">120<\/td><\/tr><tr><td>\u00c9clairement m\u00b2<\/td><td class=\"has-text-align-center\" data-align=\"center\">20 &#8211; 25<\/td><td class=\"has-text-align-center\" data-align=\"center\">20 &#8211; 25<\/td><\/tr><tr><td>Intensit\u00e9 lumineuse<\/td><td class=\"has-text-align-center\" data-align=\"center\">5000 K | 3850 lm<\/td><td class=\"has-text-align-center\" data-align=\"center\">2600 lm<\/td><\/tr><tr><td><\/td><td class=\"has-text-align-center\" data-align=\"center\">3000 K | 3500 lm<\/td><td class=\"has-text-align-center\" data-align=\"center\"><\/td><\/tr><\/tbody><\/table><\/figure>\n<\/details>\n\n\n\n<details class=\"wp-block-details is-layout-flow wp-block-details-is-layout-flow\"><summary><strong>MiniLINEA<\/strong><\/summary>\n<figure class=\"wp-block-table is-style-bottom-line-icons\"><table class=\"has-fixed-layout\"><thead><tr><th><\/th><th class=\"has-text-align-center\" data-align=\"center\">LED<\/th><th class=\"has-text-align-center\" data-align=\"center\">RGBW<\/th><\/tr><\/thead><tbody><tr><td>Puissance en watts (W)<\/td><td class=\"has-text-align-center\" data-align=\"center\">8.8<\/td><td class=\"has-text-align-center\" data-align=\"center\">10.5<\/td><\/tr><tr><td>Angle d&rsquo;\u00e9clairage<\/td><td class=\"has-text-align-center\" data-align=\"center\">120<\/td><td class=\"has-text-align-center\" data-align=\"center\">120<\/td><\/tr><tr><td>\u00c9clairement m\u00b2<\/td><td class=\"has-text-align-center\" data-align=\"center\">10 &#8211; 15<\/td><td class=\"has-text-align-center\" data-align=\"center\">10 &#8211; 15<\/td><\/tr><tr><td>Intensit\u00e9 lumineuse<\/td><td class=\"has-text-align-center\" data-align=\"center\">5000 K | 1138 lm<\/td><td class=\"has-text-align-center\" data-align=\"center\">600 lm<\/td><\/tr><tr><td><\/td><td class=\"has-text-align-center\" data-align=\"center\">3000 K | 1080 lm<\/td><td class=\"has-text-align-center\" data-align=\"center\"><\/td><\/tr><\/tbody><\/table><\/figure>\n<\/details>\n<\/div><\/div>\n\n\n\n<hr class=\"wp-block-separator has-text-color has-primary-color has-alpha-channel-opacity has-primary-background-color has-background is-style-wide\" \/>\n<\/div><\/div>\n\n<h4 class=\"wp-block-heading has-text-align-center has-secondary-color has-text-color has-link-color wp-elements-5c43008cc50e42ff18f4c60edc160927\">D\u00e9couvrez plus d\u2019informations et les listes de prix dans notre portail revendeurs<\/h4>\n\n<div class=\"wp-block-buttons is-content-justification-center is-layout-flex wp-container-core-buttons-is-layout-16018d1d wp-block-buttons-is-layout-flex\">\n<div class=\"wp-block-button\"><a class=\"wp-block-button__link wp-element-button\" href=\"https:\/\/fluvo.de\/fr\/portal\/dealer-portal\/\">Connexion<\/a><\/div>\n<\/div>\n\n<hr class=\"wp-block-separator has-alpha-channel-opacity is-style-dots\" \/>\n\n\n<div class=\"wp-block-v4core-inner-blocks SEOHeading\">\n<h2 class=\"has-text-align-center SEOHeading-heading is-style-heading-withLine wp-block-heading\" id=\"wir-freuen-uns-auf-ihre-anfrage\"><strong>NOUS NOUS R\u00c9JOUISSONS DE RECEVOIR VOTRE DEMANDE<\/strong><\/h2>\n\n\n\n<p class=\"has-text-align-center SEOHeading-fauxHeading\">Contactez-nous d\u00e8s maintenant&nbsp;!<\/p>\n<\/div>\n\n\n\n\n<div class=\"wp-block-columns is-layout-flex wp-container-core-columns-is-layout-9d6595d7 wp-block-columns-is-layout-flex\">\n<div class=\"wp-block-column is-layout-flow wp-block-column-is-layout-flow\">\n<div class=\"wp-block-image is-style-rounded\"><figure class=\"aligncenter size-full is-resized\"><img loading=\"lazy\" decoding=\"async\" src=\"https:\/\/fluvo.de\/wp-content\/uploads\/sites\/2\/2022\/03\/franck-jarrier.jpg\" alt=\"\" class=\"wp-image-6964\" width=\"275\" height=\"275\" srcset=\"https:\/\/fluvo.de\/wp-content\/uploads\/sites\/2\/2022\/03\/franck-jarrier.jpg 800w, https:\/\/fluvo.de\/wp-content\/uploads\/sites\/2\/2022\/03\/franck-jarrier-300x300.jpg 300w, https:\/\/fluvo.de\/wp-content\/uploads\/sites\/2\/2022\/03\/franck-jarrier-150x150.jpg 150w, https:\/\/fluvo.de\/wp-content\/uploads\/sites\/2\/2022\/03\/franck-jarrier-768x768.jpg 768w\" sizes=\"auto, (max-width: 275px) 100vw, 275px\" \/><\/figure><\/div>\n\n\n\n<p class=\"has-text-align-center\"><strong>Franck JARRIER<br><\/strong><em>Responsable France<br><\/em>T\u00e9l. : +33 (0)6 73 17 34 72<br><a href=\"mailto:franck.jarrier@schmalenberger.de\">franck.jarrier@schmalenberger.de<\/a><\/p>\n<\/div>\n\n\n\n<div class=\"wp-block-column is-layout-flow wp-block-column-is-layout-flow\">\n<div class=\"wp-block-image is-style-rounded\"><figure class=\"aligncenter size-full is-resized\"><img loading=\"lazy\" decoding=\"async\" src=\"https:\/\/fluvo.de\/wp-content\/uploads\/sites\/2\/2022\/03\/sabine-bunel.jpg\" alt=\"\" class=\"wp-image-6967\" width=\"275\" height=\"275\" srcset=\"https:\/\/fluvo.de\/wp-content\/uploads\/sites\/2\/2022\/03\/sabine-bunel.jpg 800w, https:\/\/fluvo.de\/wp-content\/uploads\/sites\/2\/2022\/03\/sabine-bunel-300x300.jpg 300w, https:\/\/fluvo.de\/wp-content\/uploads\/sites\/2\/2022\/03\/sabine-bunel-150x150.jpg 150w, https:\/\/fluvo.de\/wp-content\/uploads\/sites\/2\/2022\/03\/sabine-bunel-768x768.jpg 768w\" sizes=\"auto, (max-width: 275px) 100vw, 275px\" \/><\/figure><\/div>\n\n\n\n<p class=\"has-text-align-center\"><strong>Sabine BUNEL<br><\/strong><em>Assistante technico-commerciale<br><\/em>T\u00e9l. : +33 (0)2 47 80 48 81<br><a href=\"mailto:sabine.bunel@schmalenberger.de\">sabine.bunel@schmalenberger.de<\/a><\/p>\n<\/div>\n\n\n\n<div class=\"wp-block-column is-layout-flow wp-block-column-is-layout-flow\">\n<div class=\"wp-block-image is-style-rounded\"><figure class=\"aligncenter size-full is-resized\"><img loading=\"lazy\" decoding=\"async\" src=\"https:\/\/fluvo.de\/wp-content\/uploads\/sites\/2\/2022\/03\/samuel-hedel.jpg\" alt=\"\" class=\"wp-image-6970\" width=\"275\" height=\"275\" srcset=\"https:\/\/fluvo.de\/wp-content\/uploads\/sites\/2\/2022\/03\/samuel-hedel.jpg 800w, https:\/\/fluvo.de\/wp-content\/uploads\/sites\/2\/2022\/03\/samuel-hedel-300x300.jpg 300w, https:\/\/fluvo.de\/wp-content\/uploads\/sites\/2\/2022\/03\/samuel-hedel-150x150.jpg 150w, https:\/\/fluvo.de\/wp-content\/uploads\/sites\/2\/2022\/03\/samuel-hedel-768x768.jpg 768w\" sizes=\"auto, (max-width: 275px) 100vw, 275px\" \/><\/figure><\/div>\n\n\n\n<p class=\"has-text-align-center\"><strong>Samuel HEDEL<br><\/strong><em>Technico-commercial France Sud<br><\/em>T\u00e9l. : +33 (0)6 79 80 87 78<br><a href=\"mailto:samuel.hedel@schmalenberger.de\">samuel.hedel@schmalenberger.de<\/a><\/p>\n<\/div>\n<\/div>\n","protected":false},"excerpt":{"rendered":"<p>Des concepts lumineux individuels pour une architecture de piscine exclusive D\u00e9couvrez plus d\u2019informations et les listes de prix dans notre portail revendeurs<\/p>\n","protected":false},"author":176,"featured_media":0,"parent":0,"menu_order":0,"comment_status":"closed","ping_status":"closed","template":"","meta":{"_acf_changed":false,"footnotes":""},"class_list":["post-10253","page","type-page","status-publish","hentry"],"acf":[],"_links":{"self":[{"href":"https:\/\/fluvo.de\/fr\/wp-json\/wp\/v2\/pages\/10253","targetHints":{"allow":["GET"]}}],"collection":[{"href":"https:\/\/fluvo.de\/fr\/wp-json\/wp\/v2\/pages"}],"about":[{"href":"https:\/\/fluvo.de\/fr\/wp-json\/wp\/v2\/types\/page"}],"author":[{"embeddable":true,"href":"https:\/\/fluvo.de\/fr\/wp-json\/wp\/v2\/users\/176"}],"replies":[{"embeddable":true,"href":"https:\/\/fluvo.de\/fr\/wp-json\/wp\/v2\/comments?post=10253"}],"version-history":[{"count":4,"href":"https:\/\/fluvo.de\/fr\/wp-json\/wp\/v2\/pages\/10253\/revisions"}],"predecessor-version":[{"id":10281,"href":"https:\/\/fluvo.de\/fr\/wp-json\/wp\/v2\/pages\/10253\/revisions\/10281"}],"wp:attachment":[{"href":"https:\/\/fluvo.de\/fr\/wp-json\/wp\/v2\/media?parent=10253"}],"curies":[{"name":"wp","href":"https:\/\/api.w.org\/{rel}","templated":true}]}}