{"id":4486,"date":"2022-01-04T10:07:41","date_gmt":"2022-01-04T09:07:41","guid":{"rendered":"https:\/\/fluvo.wp3.visual4.com\/?page_id=4486"},"modified":"2025-09-11T10:14:23","modified_gmt":"2025-09-11T08:14:23","slug":"contact-for-specialist-company","status":"publish","type":"page","link":"https:\/\/fluvo.de\/en\/contact-for-specialist-company\/","title":{"rendered":"Contact for specialist company"},"content":{"rendered":"\n\n<div class=\"wp-block-v4core-inner-blocks SEOHeading\">\n<h2 class=\"wp-block-heading has-text-align-center SEOHeading-heading is-style-heading-withLine\"><strong>CONTACT US<\/strong><\/h2>\n\n\n\n<p class=\"has-text-align-center SEOHeading-fauxHeading\">We look forward to your inquiry<\/p>\n<\/div>\n\n\n\n\n<div class=\"wp-block-v4core-accordion Accordion v4-accordion\">\n<div class=\"wp-block-v4core-accordion-item Accordion-item v4-accordion-item\">\n<h3 class=\"wp-block-heading Accordion-item-title v4-accordion-title\">HEAD OF SALES<div class=\"Accordion-item-icon\"><\/div><\/h3>\n\n\n\n<div class=\"wp-block-v4core-accordion-item-content Accordion-item-content v4-accordion-content\">\n<div class=\"wp-block-columns is-layout-flex wp-container-core-columns-is-layout-9d6595d7 wp-block-columns-is-layout-flex\">\n<div class=\"wp-block-column is-layout-flow wp-block-column-is-layout-flow\" style=\"flex-basis:33.33%\"><\/div>\n\n\n\n<div class=\"wp-block-column is-vertically-aligned-center is-layout-flow wp-block-column-is-layout-flow\" style=\"flex-basis:33.33%\">\n<p><\/p>\n<\/div>\n\n\n\n<div class=\"wp-block-column is-vertically-aligned-center is-layout-flow wp-block-column-is-layout-flow\" style=\"flex-basis:66.66%\">\n<p>Tel.: +49 (0) 7071 70 08 &#8211; 68<br><a href=\"mailto:info@schmalenberger.de\">info@schmalenberger.de<\/a><\/p>\n<\/div>\n<\/div>\n<\/div>\n<\/div>\n\n\n\n<div class=\"wp-block-v4core-accordion-item Accordion-item v4-accordion-item\">\n<h3 class=\"wp-block-heading Accordion-item-title v4-accordion-title\">EXPORT<div class=\"Accordion-item-icon\"><\/div><\/h3>\n\n\n\n<div class=\"wp-block-v4core-accordion-item-content Accordion-item-content v4-accordion-content\">\n<div class=\"wp-block-columns is-layout-flex wp-container-core-columns-is-layout-9d6595d7 wp-block-columns-is-layout-flex\">\n<div class=\"wp-block-column is-layout-flow wp-block-column-is-layout-flow\" style=\"flex-basis:33.33%\">\n<figure class=\"wp-block-image size-full is-style-rounded\"><img loading=\"lazy\" decoding=\"async\" width=\"200\" height=\"200\" src=\"https:\/\/fluvo.de\/wp-content\/uploads\/sites\/2\/2021\/12\/export-michael-visser.jpg\" alt=\"\" class=\"wp-image-3876\" srcset=\"https:\/\/fluvo.de\/wp-content\/uploads\/sites\/2\/2021\/12\/export-michael-visser.jpg 200w, https:\/\/fluvo.de\/wp-content\/uploads\/sites\/2\/2021\/12\/export-michael-visser-150x150.jpg 150w\" sizes=\"auto, (max-width: 200px) 100vw, 200px\" \/><\/figure>\n<\/div>\n\n\n\n<div class=\"wp-block-column is-vertically-aligned-center is-layout-flow wp-block-column-is-layout-flow\" style=\"flex-basis:33.33%\">\n<p><strong>Michael Visser<br><\/strong>Export Manager<\/p>\n<\/div>\n\n\n\n<div class=\"wp-block-column is-vertically-aligned-center is-layout-flow wp-block-column-is-layout-flow\" style=\"flex-basis:66.66%\">\n<p>Tel.: +31 (0) 681 29 32 50<br><a href=\"mailto:michael.visser@schmalenberger.de\">michael.visser@schmalenberger.de<\/a><\/p>\n<\/div>\n<\/div>\n<\/div>\n<\/div>\n\n\n\n<div class=\"wp-block-v4core-accordion-item Accordion-item v4-accordion-item\">\n<h3 class=\"wp-block-heading Accordion-item-title v4-accordion-title\">OUTSIDE SALES<div class=\"Accordion-item-icon\"><\/div><\/h3>\n\n\n\n<div class=\"wp-block-v4core-accordion-item-content Accordion-item-content v4-accordion-content\">\n<div class=\"wp-block-columns is-layout-flex wp-container-core-columns-is-layout-9d6595d7 wp-block-columns-is-layout-flex\">\n<div class=\"wp-block-column is-layout-flow wp-block-column-is-layout-flow\" style=\"flex-basis:33.33%\">\n<figure class=\"wp-block-image size-full is-style-rounded\"><img loading=\"lazy\" decoding=\"async\" width=\"200\" height=\"200\" src=\"https:\/\/fluvo.de\/wp-content\/uploads\/sites\/2\/2021\/12\/aussendienst-markus-lindken.jpg\" alt=\"\" class=\"wp-image-3882\" srcset=\"https:\/\/fluvo.de\/wp-content\/uploads\/sites\/2\/2021\/12\/aussendienst-markus-lindken.jpg 200w, https:\/\/fluvo.de\/wp-content\/uploads\/sites\/2\/2021\/12\/aussendienst-markus-lindken-150x150.jpg 150w\" sizes=\"auto, (max-width: 200px) 100vw, 200px\" \/><\/figure>\n<\/div>\n\n\n\n<div class=\"wp-block-column is-vertically-aligned-center is-layout-flow wp-block-column-is-layout-flow\" style=\"flex-basis:33.33%\">\n<p><strong>Markus Lindken<br><\/strong>Northern Germany<\/p>\n<\/div>\n\n\n\n<div class=\"wp-block-column is-vertically-aligned-center is-layout-flow wp-block-column-is-layout-flow\" style=\"flex-basis:66.66%\">\n<p>Tel.: +49 (0) 160 96 71 8089<br><a href=\"mailto:markus.lindken@schmalenberger.de\">markus.lindken@schmalenberger.de<\/a><\/p>\n<\/div>\n<\/div>\n\n\n\n<div class=\"wp-block-columns is-layout-flex wp-container-core-columns-is-layout-9d6595d7 wp-block-columns-is-layout-flex\">\n<div class=\"wp-block-column is-layout-flow wp-block-column-is-layout-flow\" style=\"flex-basis:33.33%\">\n<figure class=\"wp-block-image size-full is-style-rounded\"><img loading=\"lazy\" decoding=\"async\" width=\"200\" height=\"200\" src=\"https:\/\/fluvo.de\/wp-content\/uploads\/sites\/2\/2021\/12\/aussendienst-michael-haberer.jpg\" alt=\"\" class=\"wp-image-3887\" srcset=\"https:\/\/fluvo.de\/wp-content\/uploads\/sites\/2\/2021\/12\/aussendienst-michael-haberer.jpg 200w, https:\/\/fluvo.de\/wp-content\/uploads\/sites\/2\/2021\/12\/aussendienst-michael-haberer-150x150.jpg 150w\" sizes=\"auto, (max-width: 200px) 100vw, 200px\" \/><\/figure>\n<\/div>\n\n\n\n<div class=\"wp-block-column is-vertically-aligned-center is-layout-flow wp-block-column-is-layout-flow\" style=\"flex-basis:33.33%\">\n<p><strong>Michael Haberer<br><\/strong>Southern Germany<\/p>\n<\/div>\n\n\n\n<div class=\"wp-block-column is-vertically-aligned-center is-layout-flow wp-block-column-is-layout-flow\" style=\"flex-basis:66.66%\">\n<p>Tel.: +49 (0) 171 35 13 589<br><a href=\"mailto:michael.haberer@schmalenberger.de\">michael.haberer@schmalenberger.de<\/a><\/p>\n<\/div>\n<\/div>\n\n\n\n<div class=\"wp-block-columns is-layout-flex wp-container-core-columns-is-layout-9d6595d7 wp-block-columns-is-layout-flex\">\n<div class=\"wp-block-column is-layout-flow wp-block-column-is-layout-flow\" style=\"flex-basis:33.33%\">\n<figure class=\"wp-block-image size-full is-resized is-style-rounded\"><img loading=\"lazy\" decoding=\"async\" width=\"2137\" height=\"2117\" src=\"https:\/\/fluvo.de\/wp-content\/uploads\/sites\/2\/2025\/09\/Matthias_Guggenbichler_klein.jpg\" alt=\"\" class=\"wp-image-9634\" style=\"width:200px;height:200px\" srcset=\"https:\/\/fluvo.de\/wp-content\/uploads\/sites\/2\/2025\/09\/Matthias_Guggenbichler_klein.jpg 2137w, https:\/\/fluvo.de\/wp-content\/uploads\/sites\/2\/2025\/09\/Matthias_Guggenbichler_klein-300x297.jpg 300w, https:\/\/fluvo.de\/wp-content\/uploads\/sites\/2\/2025\/09\/Matthias_Guggenbichler_klein-1024x1014.jpg 1024w, https:\/\/fluvo.de\/wp-content\/uploads\/sites\/2\/2025\/09\/Matthias_Guggenbichler_klein-150x150.jpg 150w, https:\/\/fluvo.de\/wp-content\/uploads\/sites\/2\/2025\/09\/Matthias_Guggenbichler_klein-768x761.jpg 768w, https:\/\/fluvo.de\/wp-content\/uploads\/sites\/2\/2025\/09\/Matthias_Guggenbichler_klein-1536x1522.jpg 1536w, https:\/\/fluvo.de\/wp-content\/uploads\/sites\/2\/2025\/09\/Matthias_Guggenbichler_klein-2048x2029.jpg 2048w, https:\/\/fluvo.de\/wp-content\/uploads\/sites\/2\/2025\/09\/Matthias_Guggenbichler_klein-1292x1280.jpg 1292w\" sizes=\"auto, (max-width: 2137px) 100vw, 2137px\" \/><\/figure>\n<\/div>\n\n\n\n<div class=\"wp-block-column is-vertically-aligned-center is-layout-flow wp-block-column-is-layout-flow\" style=\"flex-basis:33.33%\">\n<p><strong>Matthias Guggenbichler<br><\/strong>Austria &amp; South-Tirol<\/p>\n<\/div>\n\n\n\n<div class=\"wp-block-column is-vertically-aligned-center is-layout-flow wp-block-column-is-layout-flow\" style=\"flex-basis:66.66%\">\n<p>Tel.: +43 (0) 664 34 09 570<br><a href=\"mailto:matthias.guggenbichler@schmalenberger.de\">matthias.guggenbichler@schmalenberger.de<\/a><\/p>\n<\/div>\n<\/div>\n<\/div>\n<\/div>\n\n\n\n<div class=\"wp-block-v4core-accordion-item Accordion-item v4-accordion-item\">\n<h3 class=\"wp-block-heading Accordion-item-title v4-accordion-title\">MARKETING<div class=\"Accordion-item-icon\"><\/div><\/h3>\n\n\n\n<div class=\"wp-block-v4core-accordion-item-content Accordion-item-content v4-accordion-content\">\n<div class=\"wp-block-columns is-layout-flex wp-container-core-columns-is-layout-9d6595d7 wp-block-columns-is-layout-flex\">\n<div class=\"wp-block-column is-layout-flow wp-block-column-is-layout-flow\" style=\"flex-basis:33.33%\">\n<figure class=\"wp-block-image size-full is-style-rounded\"><img decoding=\"async\" src=\"https:\/\/fluvo.de\/wp-content\/uploads\/sites\/2\/2021\/12\/marketing-sarah-mecheels.jpg\" alt=\"\" class=\"wp-image-3901\" \/><\/figure>\n<\/div>\n\n\n\n<div class=\"wp-block-column is-vertically-aligned-center is-layout-flow wp-block-column-is-layout-flow\" style=\"flex-basis:33.33%\">\n<p><strong>Sarah Mecheels<\/strong><br>Marketing &amp; Sales<\/p>\n<\/div>\n\n\n\n<div class=\"wp-block-column is-vertically-aligned-center is-layout-flow wp-block-column-is-layout-flow\" style=\"flex-basis:66.66%\">\n<p>Tel.: +49 (0) 7071 70 08 &#8211; 0<br><a href=\"mailto:marketing@schmalenberger.de\">marketing@schmalenberger.de<\/a><\/p>\n<\/div>\n<\/div>\n<\/div>\n<\/div>\n<\/div>\n\n\n\n<div style=\"height:100px\" aria-hidden=\"true\" class=\"wp-block-spacer\"><\/div>\n\n\n\n\n<div class=\"wp-block-v4core-inner-blocks SEOHeading\">\n<h2 class=\"wp-block-heading has-text-align-center SEOHeading-heading is-style-heading-withLine\" id=\"fluvo-worldwide\"><strong>FLUVO<sup>\u00ae<\/sup> WORLDWIDE<\/strong><\/h2>\n\n\n\n<p class=\"has-text-align-center SEOHeading-fauxHeading\">Find our global sales partner here<\/p>\n<\/div>\n\n\n\n\n<div class=\"wp-block-columns is-layout-flex wp-container-core-columns-is-layout-9d6595d7 wp-block-columns-is-layout-flex\">\n<div class=\"wp-block-column is-layout-flow wp-block-column-is-layout-flow\">\n<figure class=\"wp-block-image size-full\"><img loading=\"lazy\" decoding=\"async\" width=\"600\" height=\"600\" src=\"https:\/\/fluvo.de\/wp-content\/uploads\/sites\/2\/2021\/12\/fluvo-worldwide.gif\" alt=\"\" class=\"wp-image-1549\" \/><\/figure>\n<\/div>\n\n\n\n<div class=\"wp-block-column is-layout-flow wp-block-column-is-layout-flow\">\n<div class=\"wp-block-v4core-accordion Accordion v4-accordion\">\n<div class=\"wp-block-v4core-accordion-item Accordion-item v4-accordion-item\">\n<h3 class=\"wp-block-heading Accordion-item-title v4-accordion-title\" id=\"grossbritannien\">AUSTRIA &amp; SOUTH-TIROL<div class=\"Accordion-item-icon\"><\/div><\/h3>\n\n\n\n<div class=\"wp-block-v4core-accordion-item-content Accordion-item-content v4-accordion-content\">\n<p><strong>Your contact person:<\/strong><br><strong>Matthias Guggenbichler<\/strong><br>Tel: +43 (0) 664 34 09 570<br><a href=\"mailto:matthias.guggenbichler@schmalenberger.de\">matthias.guggenbichler@schmalenberger.de<\/a><\/p>\n<\/div>\n<\/div>\n\n\n\n<div class=\"wp-block-v4core-accordion-item Accordion-item v4-accordion-item\">\n<h3 class=\"wp-block-heading Accordion-item-title v4-accordion-title\" id=\"frankreich\">FRANCE<div class=\"Accordion-item-icon\"><\/div><\/h3>\n\n\n\n<div class=\"wp-block-v4core-accordion-item-content Accordion-item-content v4-accordion-content\">\n<p><strong>Schmalenberger Export Office France<\/strong><br>Franck Jarrier<br>39, rue des Granges Galand<br>F-37550 Saint Avertin Cedex<br>Tel: +33 (0) 247804881<br>Fax: +33 (0) 247803155<br><a href=\"mailto:franck.jarrier@schmalenberger.de\">franck.jarrier@schmalenberger.de<\/a><\/p>\n<\/div>\n<\/div>\n\n\n\n<div class=\"wp-block-v4core-accordion-item Accordion-item v4-accordion-item\">\n<h3 class=\"wp-block-heading Accordion-item-title v4-accordion-title\" id=\"grossbritannien\">GREAT BRITAIN<div class=\"Accordion-item-icon\"><\/div><\/h3>\n\n\n\n<div class=\"wp-block-v4core-accordion-item-content Accordion-item-content v4-accordion-content\">\n<p><strong>Certikin International Ltd.<\/strong><br>Witan Park, Avenue 2, Station Lane<br>Industrial Estate, Witney,<br>Oxfordshire OX28 4FJ, GB<br>Tel: +44 (0) 1993777280<br>Fax: +44 (0) 1993703407<br><a href=\"mailto:info@certikin.co.uk\"><a href=\"mailto:info@certikin.co.uk\">info@certikin.co.uk<\/a><\/a><\/p>\n<\/div>\n<\/div>\n\n\n\n<div class=\"wp-block-v4core-accordion-item Accordion-item v4-accordion-item\">\n<h3 class=\"wp-block-heading Accordion-item-title v4-accordion-title\">MIDDLE EAST<div class=\"Accordion-item-icon\"><\/div><\/h3>\n\n\n\n<div class=\"wp-block-v4core-accordion-item-content Accordion-item-content v4-accordion-content\">\n<p><strong>Robert Zweegers<\/strong><br>Sales Director Middle East<br>Mira 2, Street 6<br>V232 &#8211; Dubai<br>United Arab Emirates<br>Tel: +971 (0) 562724758<br><a href=\"mailto:robert.zweegers@schmalenberger.de\">robert.zweegers@schmalenberger.de<\/a><\/p>\n<\/div>\n<\/div>\n\n\n\n<div class=\"wp-block-v4core-accordion-item Accordion-item v4-accordion-item\">\n<h3 class=\"wp-block-heading Accordion-item-title v4-accordion-title\" id=\"schweden\">SWEDEN<div class=\"Accordion-item-icon\"><\/div><\/h3>\n\n\n\n<div class=\"wp-block-v4core-accordion-item-content Accordion-item-content v4-accordion-content\">\n<p><strong>Enviroprocess Sweden AB<\/strong><br>Borg\u00e5s G\u00e5rdsv\u00e4g 9<br>SE &#8211; 434 39 Kungsbacka<br>Tel: +46 (0) 300837000<br>Fax: +46 (0) 30019041<br><a href=\"mailto:info@enviroprocess.com\">info@enviroprocess.com<\/a><\/p>\n<\/div>\n<\/div>\n\n\n\n<div class=\"wp-block-v4core-accordion-item Accordion-item v4-accordion-item\">\n<h3 class=\"wp-block-heading Accordion-item-title v4-accordion-title\" id=\"schweiz\">SWITZERLAND<div class=\"Accordion-item-icon\"><\/div><\/h3>\n\n\n\n<div class=\"wp-block-v4core-accordion-item-content Accordion-item-content v4-accordion-content\">\n<p><strong>Aqua Solar AG<\/strong><br>Industriering 66<br>CH-4227 B\u00fcsserach<br>Tel: +41(0) 617899100<br>Fax: +41(0) 617899119<br><a href=\"mailto:info@aquasolar.ch\">info@aquasolar.ch<\/a><\/p>\n<\/div>\n<\/div>\n<\/div>\n<\/div>\n<\/div>\n\n\n\n<div style=\"height:30px\" aria-hidden=\"true\" class=\"wp-block-spacer\"><\/div>\n\n\n\n<div class=\"wp-block-group alignwide\"><div class=\"wp-block-group__inner-container is-layout-flow wp-block-group-is-layout-flow\">\n<h2 class=\"has-text-align-center is-style-heading-withLine wp-block-heading\">We&#8217;re here for you!<\/h2>\n\n\n\n<div class=\"wp-block-columns alignwide is-layout-flex wp-container-core-columns-is-layout-9d6595d7 wp-block-columns-is-layout-flex\">\n<div class=\"wp-block-column is-layout-flow wp-block-column-is-layout-flow\">\n<div class=\"wp-block-image\"><figure class=\"aligncenter size-large is-resized\"><img loading=\"lazy\" decoding=\"async\" src=\"https:\/\/fluvo.de\/wp-content\/uploads\/sites\/2\/\/2021\/11\/kontaktformular.svg\" alt=\"\" class=\"wp-image-423\" width=\"100\" height=\"75\"\/><\/figure><\/div>\n\n\n\n<h3 class=\"has-text-align-center has-extra-large-font-size wp-block-heading\"><strong>email<\/strong><\/h3>\n\n\n\n<p class=\"has-text-align-center\">Feel free to email us<\/p>\n\n\n\n<div class=\"wp-block-buttons is-horizontal is-content-justification-center is-layout-flex wp-container-core-buttons-is-layout-499968f5 wp-block-buttons-is-layout-flex\">\n<div class=\"wp-block-button is-style-outline is-style-outline--1\"><a class=\"wp-block-button__link has-primary-color has-text-color\" href=\"mailto:info@schmalenberger.de\">info@schmalenberger.de<\/a><\/div>\n<\/div>\n<\/div>\n\n\n\n<div class=\"wp-block-column is-vertically-aligned-top is-layout-flow wp-block-column-is-layout-flow\">\n<div class=\"wp-block-image\"><figure class=\"aligncenter size-large is-resized\"><img loading=\"lazy\" decoding=\"async\" src=\"https:\/\/fluvo.de\/wp-content\/uploads\/sites\/2\/\/2021\/11\/rufen-sie-uns-an.svg\" alt=\"\" class=\"wp-image-432\" width=\"69\" height=\"75\"\/><\/figure><\/div>\n\n\n\n<h3 class=\"has-text-align-center has-extra-large-font-size wp-block-heading\"><strong>Please call us<\/strong><\/h3>\n\n\n\n<p class=\"has-text-align-center\">Workdays from 8:00 a.m. \u2013 4:00 p.m.<\/p>\n\n\n\n<div class=\"wp-block-buttons is-horizontal is-content-justification-center is-layout-flex wp-container-core-buttons-is-layout-499968f5 wp-block-buttons-is-layout-flex\">\n<div class=\"wp-block-button is-style-outline is-style-outline--2\"><a class=\"wp-block-button__link has-primary-color has-text-color\" href=\"tel:0707170080\">(+49) 07071 &#8211; 7008 &#8211; 0<\/a><\/div>\n<\/div>\n<\/div>\n\n\n\n<div class=\"wp-block-column is-layout-flow wp-block-column-is-layout-flow\">\n<div class=\"wp-block-image\"><figure class=\"aligncenter size-large is-resized\"><img loading=\"lazy\" decoding=\"async\" src=\"https:\/\/fluvo.de\/wp-content\/uploads\/sites\/2\/\/2021\/11\/ansprechpartner.svg\" alt=\"\" class=\"wp-image-417\" width=\"76\" height=\"75\"\/><\/figure><\/div>\n\n\n\n<h3 class=\"has-text-align-center has-extra-large-font-size wp-block-heading\"><strong>Contact form<\/strong><\/h3>\n\n\n\n<p class=\"has-text-align-center\">Use our contact form<\/p>\n\n\n\n<div class=\"wp-block-buttons is-horizontal is-content-justification-center is-layout-flex wp-container-core-buttons-is-layout-499968f5 wp-block-buttons-is-layout-flex\">\n<div class=\"wp-block-button is-style-outline is-style-outline--3\"><a class=\"wp-block-button__link has-primary-color has-text-color\" href=\"https:\/\/fluvo.de\/en\/contact-form\/\">Contact form<\/a><\/div>\n<\/div>\n<\/div>\n<\/div>\n<\/div><\/div>\n\n\n\n<div class=\"wp-block-group\"><div class=\"wp-block-group__inner-container is-layout-flow wp-block-group-is-layout-flow\">\n<p class=\"has-text-align-center\"><strong>Schmalenberger GmbH + Co. KG<\/strong><br>Im Schelmen 9-11 | 72072 T\u00fcbingen | Germany<br>Tel.: +49(0)7071\/7008-0 | Fax: +49(0)7071\/7008-14 | info@schmalenberger.de<\/p>\n<\/div><\/div>\n","protected":false},"excerpt":{"rendered":"","protected":false},"author":5,"featured_media":0,"parent":0,"menu_order":0,"comment_status":"closed","ping_status":"closed","template":"","meta":{"_acf_changed":false,"footnotes":""},"class_list":["post-4486","page","type-page","status-publish","hentry"],"acf":[],"_links":{"self":[{"href":"https:\/\/fluvo.de\/en\/wp-json\/wp\/v2\/pages\/4486","targetHints":{"allow":["GET"]}}],"collection":[{"href":"https:\/\/fluvo.de\/en\/wp-json\/wp\/v2\/pages"}],"about":[{"href":"https:\/\/fluvo.de\/en\/wp-json\/wp\/v2\/types\/page"}],"author":[{"embeddable":true,"href":"https:\/\/fluvo.de\/en\/wp-json\/wp\/v2\/users\/5"}],"replies":[{"embeddable":true,"href":"https:\/\/fluvo.de\/en\/wp-json\/wp\/v2\/comments?post=4486"}],"version-history":[{"count":19,"href":"https:\/\/fluvo.de\/en\/wp-json\/wp\/v2\/pages\/4486\/revisions"}],"predecessor-version":[{"id":9638,"href":"https:\/\/fluvo.de\/en\/wp-json\/wp\/v2\/pages\/4486\/revisions\/9638"}],"wp:attachment":[{"href":"https:\/\/fluvo.de\/en\/wp-json\/wp\/v2\/media?parent=4486"}],"curies":[{"name":"wp","href":"https:\/\/api.w.org\/{rel}","templated":true}]}}